{"id":716588,"date":"2025-08-27T17:44:25","date_gmt":"2025-08-27T14:44:25","guid":{"rendered":"https:\/\/roveyayinevi.com.tr\/index.php\/urun\/o-mutluysa-herkes-mutlu-zihinsel-engelli-kardese-sahip-olmak\/"},"modified":"2026-04-16T02:24:57","modified_gmt":"2026-04-15T23:24:57","slug":"o-mutluysa-herkes-mutlu-zihinsel-engelli-kardese-sahip-olmak","status":"publish","type":"product","link":"https:\/\/roveyayinevi.com.tr\/index.php\/urun\/o-mutluysa-herkes-mutlu-zihinsel-engelli-kardese-sahip-olmak\/","title":{"rendered":"O Mutluysa Herkes Mutlu &#8211; Zihinsel Engelli Karde\u015fe Sahip Olmak"},"content":{"rendered":"<p>&#8220;Karde\u015fimin mutlu oldu\u011funu g\u00f6rmek benim i\u00e7in bi de\u011fer.. Bi \u015fey i\u00e7in ya\u015famak.Hayatta bir nedeninizin olmas\u0131 g\u00fczel bir \u015fey&#8221;&#8221;\u00d6yle gelip bana sar\u0131l\u0131p bir g\u00fcl\u00fc\u015f\u00fc yetiyor.Onun sevgisi ger\u00e7ekten kabullenmeme sebep oluyor&#8221;Engelli bireylere, ailelerine ve\/veya bak\u0131m verenlerine y\u00f6nelik bir\u00e7ok akademik \u00e7al\u0131\u015fma yap\u0131ld\u0131 ve yap\u0131lmaya devam ediyor. Bu bireylerin kar\u015f\u0131la\u015ft\u0131klar\u0131 farkl\u0131 sorunlar\u0131n ve gereksinimlerin giderilmesine y\u00f6nelik \u00e7al\u0131\u015fmalar\u0131n halen geli\u015ftirilmeye devam etmesi gerekiyor. Elinizdeki kitap, gerek akademik \u00e7al\u0131\u015fmalarda, gerekse yard\u0131m ve hizmetlerde \u00e7ok da \u00f6n planda g\u00f6r\u00fcnmeyen \u2018engelli bireylerin engelli olmayan karde\u015fleri\u2019 \u00fczerine yaz\u0131ld\u0131. Kitapta, zihinsel engelli karde\u015fe sahip olman\u0131n bu bireyler a\u00e7\u0131s\u0131ndan ne anlama geldi\u011fi, kabullenme s\u00fcre\u00e7leri, bu bireylerin ne gibi ya\u015fant\u0131lara, duygu ve d\u00fc\u015f\u00fcncelere sahip olduklar\u0131, ya\u015fad\u0131klar\u0131 \u00e7evrede bask\u0131n olan toplumsal cinsiyet rollerinin bu ya\u015fam deneyimleriyle, duygu ve d\u00fc\u015f\u00fcnceleriyle ne gibi ba\u011flant\u0131lar\u0131n\u0131n oldu\u011fu anla\u015f\u0131lmaya \u00e7al\u0131\u015f\u0131ld\u0131. Bu anlamaya \u00e7al\u0131\u015fma s\u00fcrecinde, karde\u015flerin kendi deneyimlerini kendi ifadeleriyle dile getirmelerine \u00f6nem verildi.   Kitapta, bir yandan engelli karde\u015fe sahip bireylere benzer ya\u015fam deneyimlerini payla\u015ft\u0131klar\u0131n\u0131 g\u00f6rme f\u0131rsat\u0131 sunarak yaln\u0131z olmad\u0131klar\u0131n\u0131 hat\u0131rlatmak ama\u00e7lan\u0131rken; bir yandan da engellilik alan\u0131nda kendini geli\u015ftirmek isteyen \u00f6\u011frencilere, gen\u00e7 akademisyenlere, ara\u015ft\u0131rmac\u0131lara, ba\u015fta sosyal hizmet uzmanlar\u0131 olmak \u00fczere bu alanda \u00e7al\u0131\u015fan t\u00fcm uygulay\u0131c\u0131lar ile karar vericilere bilgi ve fikir sa\u011flamak ama\u00e7land\u0131. <\/p>\n","protected":false},"excerpt":{"rendered":"<p>&#8220;Karde\u015fimin mutlu oldu\u011funu g\u00f6rmek benim i\u00e7in bi de\u011fer.. Bi \u015fey i\u00e7in ya\u015famak.Hayatta bir nedeninizin olmas\u0131 g\u00fczel bir \u015fey&#8221;&#8221;\u00d6yle gelip bana sar\u0131l\u0131p bir g\u00fcl\u00fc\u015f\u00fc yetiyor.Onun sevgisi ger\u00e7ekten<span class=\"excerpt-hellip\"> [\u2026]<\/span><\/p>\n","protected":false},"featured_media":0,"template":"","meta":{"_monsterinsights_skip_tracking":false,"_monsterinsights_sitenote_active":false,"_monsterinsights_sitenote_note":"","_monsterinsights_sitenote_category":0},"product_brand":[],"product_cat":[12325,12324],"product_tag":[],"class_list":{"0":"post-716588","1":"product","2":"type-product","3":"status-publish","5":"product_cat-diger-sosyoloji","6":"product_cat-sosyoloji","7":"pa_cilt-ciltsiz","8":"pa_tur-kitap","9":"pa_yayinevi-nika-yayinevi","10":"pa_yazar-aslihan-aykara-ozgur-altindag","12":"first","13":"instock","14":"sale","15":"shipping-taxable","16":"purchasable","17":"product-type-simple"},"_links":{"self":[{"href":"https:\/\/roveyayinevi.com.tr\/index.php\/wp-json\/wp\/v2\/product\/716588","targetHints":{"allow":["GET"]}}],"collection":[{"href":"https:\/\/roveyayinevi.com.tr\/index.php\/wp-json\/wp\/v2\/product"}],"about":[{"href":"https:\/\/roveyayinevi.com.tr\/index.php\/wp-json\/wp\/v2\/types\/product"}],"wp:attachment":[{"href":"https:\/\/roveyayinevi.com.tr\/index.php\/wp-json\/wp\/v2\/media?parent=716588"}],"wp:term":[{"taxonomy":"product_brand","embeddable":true,"href":"https:\/\/roveyayinevi.com.tr\/index.php\/wp-json\/wp\/v2\/product_brand?post=716588"},{"taxonomy":"product_cat","embeddable":true,"href":"https:\/\/roveyayinevi.com.tr\/index.php\/wp-json\/wp\/v2\/product_cat?post=716588"},{"taxonomy":"product_tag","embeddable":true,"href":"https:\/\/roveyayinevi.com.tr\/index.php\/wp-json\/wp\/v2\/product_tag?post=716588"}],"curies":[{"name":"wp","href":"https:\/\/api.w.org\/{rel}","templated":true}]}}