{"id":716587,"date":"2025-08-27T17:44:24","date_gmt":"2025-08-27T14:44:24","guid":{"rendered":"https:\/\/roveyayinevi.com.tr\/index.php\/urun\/cocuk-ve-oyun-hakki\/"},"modified":"2026-04-16T02:24:57","modified_gmt":"2026-04-15T23:24:57","slug":"cocuk-ve-oyun-hakki","status":"publish","type":"product","link":"https:\/\/roveyayinevi.com.tr\/index.php\/urun\/cocuk-ve-oyun-hakki\/","title":{"rendered":"\u00c7ocuk ve Oyun Hakk\u0131"},"content":{"rendered":"<p>Zevk, geli\u015fim, heyecan, merak, e\u011fitim\u2026 Oyunun, farkl\u0131 gereksinimleri olan \u00e7ocuklar\u0131n geli\u015fimlerini sa\u011flayabilmek, t\u00fcm \u00e7ocuklar i\u00e7in e\u015fit ve olumlu bir ya\u015fam ortam\u0131 olu\u015fturabilmek konusundaki m\u00fcthi\u015f g\u00fcc\u00fcn\u00fc \u00e7ocuklardan almas\u0131, okurlar a\u00e7\u0131s\u0131ndan da heyecan verici olmal\u0131. \u00c7ocuk alan\u0131nda \u00e7al\u0131\u015fan t\u00fcm profesyonellere oldu\u011fu kadar anne babalara da yard\u0131mc\u0131 olacak bu kitapta sunulan tart\u0131\u015fma ve oyunlar\u0131n, engelli \u00e7ocuklardan s\u0131\u011f\u0131nmac\u0131 \u00e7ocuklara, yoksul \u00e7ocuklardan sa\u011fl\u0131k sorunu olan \u00e7ocuklara kadar t\u00fcm \u00e7ocuklar\u0131n ya\u015fam\u0131na dokunmas\u0131 dile\u011fiyle\u2026   <\/p>\n","protected":false},"excerpt":{"rendered":"<p>Zevk, geli\u015fim, heyecan, merak, e\u011fitim\u2026 Oyunun, farkl\u0131 gereksinimleri olan \u00e7ocuklar\u0131n geli\u015fimlerini sa\u011flayabilmek, t\u00fcm \u00e7ocuklar i\u00e7in e\u015fit ve olumlu bir ya\u015fam ortam\u0131 olu\u015fturabilmek konusundaki m\u00fcthi\u015f g\u00fcc\u00fcn\u00fc \u00e7ocuklardan<span class=\"excerpt-hellip\"> [\u2026]<\/span><\/p>\n","protected":false},"featured_media":0,"template":"","meta":{"_monsterinsights_skip_tracking":false,"_monsterinsights_sitenote_active":false,"_monsterinsights_sitenote_note":"","_monsterinsights_sitenote_category":0},"product_brand":[],"product_cat":[12325,12324],"product_tag":[],"class_list":{"0":"post-716587","1":"product","2":"type-product","3":"status-publish","5":"product_cat-diger-sosyoloji","6":"product_cat-sosyoloji","7":"pa_cilt-ciltsiz","8":"pa_tur-kitap","9":"pa_yayinevi-nika-yayinevi","10":"pa_yazar-kolektif","12":"first","13":"instock","14":"sale","15":"shipping-taxable","16":"purchasable","17":"product-type-simple"},"_links":{"self":[{"href":"https:\/\/roveyayinevi.com.tr\/index.php\/wp-json\/wp\/v2\/product\/716587","targetHints":{"allow":["GET"]}}],"collection":[{"href":"https:\/\/roveyayinevi.com.tr\/index.php\/wp-json\/wp\/v2\/product"}],"about":[{"href":"https:\/\/roveyayinevi.com.tr\/index.php\/wp-json\/wp\/v2\/types\/product"}],"wp:attachment":[{"href":"https:\/\/roveyayinevi.com.tr\/index.php\/wp-json\/wp\/v2\/media?parent=716587"}],"wp:term":[{"taxonomy":"product_brand","embeddable":true,"href":"https:\/\/roveyayinevi.com.tr\/index.php\/wp-json\/wp\/v2\/product_brand?post=716587"},{"taxonomy":"product_cat","embeddable":true,"href":"https:\/\/roveyayinevi.com.tr\/index.php\/wp-json\/wp\/v2\/product_cat?post=716587"},{"taxonomy":"product_tag","embeddable":true,"href":"https:\/\/roveyayinevi.com.tr\/index.php\/wp-json\/wp\/v2\/product_tag?post=716587"}],"curies":[{"name":"wp","href":"https:\/\/api.w.org\/{rel}","templated":true}]}}