{"id":716586,"date":"2025-08-27T17:44:24","date_gmt":"2025-08-27T14:44:24","guid":{"rendered":"https:\/\/roveyayinevi.com.tr\/index.php\/urun\/on-gunde-kuba\/"},"modified":"2026-04-16T02:24:57","modified_gmt":"2026-04-15T23:24:57","slug":"on-gunde-kuba","status":"publish","type":"product","link":"https:\/\/roveyayinevi.com.tr\/index.php\/urun\/on-gunde-kuba\/","title":{"rendered":"On G\u00fcnde K\u00fcba"},"content":{"rendered":"<p>K\u00fcba, Karayiplerin b\u00fcy\u00fcl\u00fc adas\u0131\u2026 Go\u0308z alabildig\u0306ine yes\u0327ili, vadileri ve ormanlar\u0131, farkl\u0131 bo\u0308lgelere gidildikc\u0327e kars\u0327\u0131la\u015f\u0131lan beyaz kumsallar\u0131 ve turkuaz deniziyle sizi ic\u0327ine c\u0327eker Ku\u0308ba. S\u00f6m\u00fcrge d\u00f6neminin zenginli\u011fiyle in\u015fa edilen binalar\u0131, Devrim o\u0308ncesinden kalma klasik arabalar\u0131, Devrimin izleri ve ilgi c\u0327ekici ko\u0308yleriyle adeta 1950\u2019lerden kalm\u0131s\u0327 bir cog\u0306rafya\u2026 K\u00fcba\u2019ya nas\u0131l ve ne zaman gidilir? K\u00fcba\u2019ya giderken yan\u0131n\u0131za neler almal\u0131s\u0131n\u0131z ve oradan neler getirebilirsiniz? Gezilecek yerler nereler? Nihan Gizem Kantarc\u0131, on g\u00fcnl\u00fck bir geziyi verimli bir \u015fekilde ge\u00e7irmeniz i\u00e7in pratik \u00f6nerilerde bulunuyor, gezdi\u011fi yerlerden, \u00e7ok faydal\u0131 olacak ki\u015fisel deneyimler aktar\u0131yor. Kantarc\u0131\u2019n\u0131n K\u00fcba\u2019n\u0131n pek \u00e7ok b\u00f6lgesinden \u00e7ekti\u011fi muhte\u015fem foto\u011fraflar, \u015fiirsel anlat\u0131ma e\u015flik ediyor ve b\u00f6ylece On G\u00fcnde K\u00fcba, ayn\u0131 zamanda zengin bir alb\u00fcm sunuyor. <\/p>\n","protected":false},"excerpt":{"rendered":"<p>K\u00fcba, Karayiplerin b\u00fcy\u00fcl\u00fc adas\u0131\u2026 Go\u0308z alabildig\u0306ine yes\u0327ili, vadileri ve ormanlar\u0131, farkl\u0131 bo\u0308lgelere gidildikc\u0327e kars\u0327\u0131la\u015f\u0131lan beyaz kumsallar\u0131 ve turkuaz deniziyle sizi ic\u0327ine c\u0327eker Ku\u0308ba. S\u00f6m\u00fcrge d\u00f6neminin zenginli\u011fiyle<span class=\"excerpt-hellip\"> [\u2026]<\/span><\/p>\n","protected":false},"featured_media":0,"template":"","meta":{"_monsterinsights_skip_tracking":false,"_monsterinsights_sitenote_active":false,"_monsterinsights_sitenote_note":"","_monsterinsights_sitenote_category":0},"product_brand":[],"product_cat":[13055,13054],"product_tag":[],"class_list":{"0":"post-716586","1":"product","2":"type-product","3":"status-publish","5":"product_cat-gezi-rehberi","6":"product_cat-gezi-ve-rehber-kitaplari","7":"pa_cilt-ciltsiz","8":"pa_tur-kitap","9":"pa_yayinevi-nika-yayinevi","10":"pa_yazar-nihan-gizem-kantarci","12":"first","13":"instock","14":"sale","15":"shipping-taxable","16":"purchasable","17":"product-type-simple"},"_links":{"self":[{"href":"https:\/\/roveyayinevi.com.tr\/index.php\/wp-json\/wp\/v2\/product\/716586","targetHints":{"allow":["GET"]}}],"collection":[{"href":"https:\/\/roveyayinevi.com.tr\/index.php\/wp-json\/wp\/v2\/product"}],"about":[{"href":"https:\/\/roveyayinevi.com.tr\/index.php\/wp-json\/wp\/v2\/types\/product"}],"wp:attachment":[{"href":"https:\/\/roveyayinevi.com.tr\/index.php\/wp-json\/wp\/v2\/media?parent=716586"}],"wp:term":[{"taxonomy":"product_brand","embeddable":true,"href":"https:\/\/roveyayinevi.com.tr\/index.php\/wp-json\/wp\/v2\/product_brand?post=716586"},{"taxonomy":"product_cat","embeddable":true,"href":"https:\/\/roveyayinevi.com.tr\/index.php\/wp-json\/wp\/v2\/product_cat?post=716586"},{"taxonomy":"product_tag","embeddable":true,"href":"https:\/\/roveyayinevi.com.tr\/index.php\/wp-json\/wp\/v2\/product_tag?post=716586"}],"curies":[{"name":"wp","href":"https:\/\/api.w.org\/{rel}","templated":true}]}}