{"id":716585,"date":"2025-08-27T17:44:23","date_gmt":"2025-08-27T14:44:23","guid":{"rendered":"https:\/\/roveyayinevi.com.tr\/index.php\/urun\/sensiz-gecen-yillarim-yanki\/"},"modified":"2026-04-16T02:24:57","modified_gmt":"2026-04-15T23:24:57","slug":"sensiz-gecen-yillarim-yanki","status":"publish","type":"product","link":"https:\/\/roveyayinevi.com.tr\/index.php\/urun\/sensiz-gecen-yillarim-yanki\/","title":{"rendered":"Sensiz Ge\u00e7en Y\u0131llar\u0131m &#8211; Yank\u0131"},"content":{"rendered":"<p>\u201cBuradan giderken yirmi be\u015f ya\u015f\u0131nda, hayalleri olan bir delikanl\u0131yken art\u0131k otuz iki ya\u015f\u0131nda, hayattan zevk almas\u0131n\u0131 beceremeyen, sevdiklerimden uzakta ya\u015fad\u0131\u011f\u0131m her y\u0131l y\u00fcre\u011fimde var olan sevgiyi yitiren bir adamd\u0131m. Ne hayallerim vard\u0131 art\u0131k ne de ya\u015fama iste\u011fim. Y\u0131llarca pe\u015fimi b\u0131rakmayan pi\u015fmanl\u0131klar\u0131m, ne yaparsam yapay\u0131m susturamad\u0131\u011f\u0131m vicdan\u0131m ve unutamad\u0131\u011f\u0131m an\u0131lar\u0131m da benimleydi. Buradan giden adamla, \u015fimdi d\u00f6nen adam aras\u0131nda da\u011flar kadar fark vard\u0131.\u201d Hayalleri y\u0131k\u0131lan ve gelecekten bir beklentisi kalmayan bir adam ne yapar? Yank\u0131 gitmeyi se\u00e7ti. Bir sabah ard\u0131nda ailesini, do\u011fdu\u011fu \u015fehri ve \u00fclkesini b\u0131rakarak kimselere haber vermeden \u00e7ekip gitti. Aradan ge\u00e7en y\u0131llar ge\u00e7mi\u015f hayal k\u0131r\u0131kl\u0131klar\u0131n\u0131, pi\u015fmanl\u0131klar\u0131n\u0131 ve \u00f6zlemini ortaya \u00e7\u0131kard\u0131. Gitmek kolayd\u0131, peki ya d\u00f6nmek? Y\u0131llar sonra sevdi\u011fi \u015fehre geri d\u00f6nd\u00fc\u011f\u00fcnde onu bir s\u00fcrpriz bekliyordu. \u00dcstelik giderken ard\u0131nda b\u0131rakt\u0131\u011f\u0131 hi\u00e7 kimse eskisi gibi de\u011fildi. Y\u0131llar herkesi de\u011fi\u015ftirmi\u015f, pi\u015fmanl\u0131klar ve ac\u0131lar bir kez daha g\u00fcn y\u00fcz\u00fcne \u00e7\u0131km\u0131\u015ft\u0131.   Yank\u0131\u2019n\u0131n \u00f6n\u00fcnde hatalar\u0131n\u0131 telafi edece\u011fi g\u00fcnler mi vard\u0131 yoksa eski hatalar\u0131na yenilerini mi ekleyecekti? <\/p>\n","protected":false},"excerpt":{"rendered":"<p>\u201cBuradan giderken yirmi be\u015f ya\u015f\u0131nda, hayalleri olan bir delikanl\u0131yken art\u0131k otuz iki ya\u015f\u0131nda, hayattan zevk almas\u0131n\u0131 beceremeyen, sevdiklerimden uzakta ya\u015fad\u0131\u011f\u0131m her y\u0131l y\u00fcre\u011fimde var olan sevgiyi<span class=\"excerpt-hellip\"> [\u2026]<\/span><\/p>\n","protected":false},"featured_media":0,"template":"","meta":{"_monsterinsights_skip_tracking":false,"_monsterinsights_sitenote_active":false,"_monsterinsights_sitenote_note":"","_monsterinsights_sitenote_category":0},"product_brand":[],"product_cat":[14643,12291],"product_tag":[],"class_list":{"0":"post-716585","1":"product","2":"type-product","3":"status-publish","5":"product_cat-ask","6":"product_cat-edebiyat","7":"pa_cilt-ciltsiz","8":"pa_tur-kitap","9":"pa_yayinevi-muptela-yayinevi","10":"pa_yazar-aysegul-cicekoglu","12":"first","13":"instock","14":"sale","15":"shipping-taxable","16":"purchasable","17":"product-type-simple"},"_links":{"self":[{"href":"https:\/\/roveyayinevi.com.tr\/index.php\/wp-json\/wp\/v2\/product\/716585","targetHints":{"allow":["GET"]}}],"collection":[{"href":"https:\/\/roveyayinevi.com.tr\/index.php\/wp-json\/wp\/v2\/product"}],"about":[{"href":"https:\/\/roveyayinevi.com.tr\/index.php\/wp-json\/wp\/v2\/types\/product"}],"wp:attachment":[{"href":"https:\/\/roveyayinevi.com.tr\/index.php\/wp-json\/wp\/v2\/media?parent=716585"}],"wp:term":[{"taxonomy":"product_brand","embeddable":true,"href":"https:\/\/roveyayinevi.com.tr\/index.php\/wp-json\/wp\/v2\/product_brand?post=716585"},{"taxonomy":"product_cat","embeddable":true,"href":"https:\/\/roveyayinevi.com.tr\/index.php\/wp-json\/wp\/v2\/product_cat?post=716585"},{"taxonomy":"product_tag","embeddable":true,"href":"https:\/\/roveyayinevi.com.tr\/index.php\/wp-json\/wp\/v2\/product_tag?post=716585"}],"curies":[{"name":"wp","href":"https:\/\/api.w.org\/{rel}","templated":true}]}}