{"id":716583,"date":"2025-08-27T17:44:22","date_gmt":"2025-08-27T14:44:22","guid":{"rendered":"https:\/\/roveyayinevi.com.tr\/index.php\/urun\/newton-ve-gokbilimciler-cemiyeti\/"},"modified":"2026-04-16T02:24:57","modified_gmt":"2026-04-15T23:24:57","slug":"newton-ve-gokbilimciler-cemiyeti","status":"publish","type":"product","link":"https:\/\/roveyayinevi.com.tr\/index.php\/urun\/newton-ve-gokbilimciler-cemiyeti\/","title":{"rendered":"Newton ve G\u00f6kbilimciler Cemiyeti"},"content":{"rendered":"<p>D\u00fcrb\u00fcn\u00fcn\u00fcze kavu\u015fmak i\u00e7in kendinizi Cambridge \u015fehrinden G\u00fcney kutbuna manc\u0131n\u0131kla f\u0131rlatt\u0131rmak istiyorsan\u0131z, at\u0131\u015f i\u00e7in hesab\u0131n\u0131z\u0131 iyi yapmal\u0131s\u0131n\u0131z! En k\u00fc\u00e7\u00fck bir hatada kendinizi Ay\u2019\u0131n gizli y\u00fcz\u00fcnde, Ptolemaios, Kopernik ve Galileo\u2019nun yan\u0131nda bulabilir ve geri d\u00f6nmekte zorlanabilirsiniz.   K\u00fc\u00e7\u00fck Filozoflar Dizisi, 9 &#8211; 14 ya\u015f \u00e7ocuklar\u0131 i\u00e7in filozoflar\u0131n hik\u00e2yelerini anlatan \u00e7ok g\u00fczel resimlenmi\u015f kitaplardan olu\u015fuyor. Diziyle \u00e7ocuklar\u0131n felsefeye zevkli bir giri\u015f yapmalar\u0131n\u0131, kendi sorular\u0131n\u0131n pe\u015finden gitme al\u0131\u015fkanl\u0131\u011f\u0131 kazanmalar\u0131n\u0131 ama\u00e7l\u0131yoruz. Newton ve G\u00f6kbilimciler Cemiyeti dizinin yirmi d\u00f6rd\u00fcnc\u00fc kitab\u0131. <\/p>\n","protected":false},"excerpt":{"rendered":"<p>D\u00fcrb\u00fcn\u00fcn\u00fcze kavu\u015fmak i\u00e7in kendinizi Cambridge \u015fehrinden G\u00fcney kutbuna manc\u0131n\u0131kla f\u0131rlatt\u0131rmak istiyorsan\u0131z, at\u0131\u015f i\u00e7in hesab\u0131n\u0131z\u0131 iyi yapmal\u0131s\u0131n\u0131z! En k\u00fc\u00e7\u00fck bir hatada kendinizi Ay\u2019\u0131n gizli y\u00fcz\u00fcnde, Ptolemaios, Kopernik<span class=\"excerpt-hellip\"> [\u2026]<\/span><\/p>\n","protected":false},"featured_media":0,"template":"","meta":{"_monsterinsights_skip_tracking":false,"_monsterinsights_sitenote_active":false,"_monsterinsights_sitenote_note":"","_monsterinsights_sitenote_category":0},"product_brand":[],"product_cat":[13829,12274],"product_tag":[],"class_list":{"0":"post-716583","1":"product","2":"type-product","3":"status-publish","5":"product_cat-bilimsel-kitaplar","6":"product_cat-cocuk-ve-genclik-kitaplari","7":"pa_cilt-ciltsiz","8":"pa_tur-kitap","9":"pa_yayinevi-metis-yayinlari","10":"pa_yazar-marion-kadi-abram-kaplan","12":"first","13":"instock","14":"sale","15":"shipping-taxable","16":"purchasable","17":"product-type-simple"},"_links":{"self":[{"href":"https:\/\/roveyayinevi.com.tr\/index.php\/wp-json\/wp\/v2\/product\/716583","targetHints":{"allow":["GET"]}}],"collection":[{"href":"https:\/\/roveyayinevi.com.tr\/index.php\/wp-json\/wp\/v2\/product"}],"about":[{"href":"https:\/\/roveyayinevi.com.tr\/index.php\/wp-json\/wp\/v2\/types\/product"}],"wp:attachment":[{"href":"https:\/\/roveyayinevi.com.tr\/index.php\/wp-json\/wp\/v2\/media?parent=716583"}],"wp:term":[{"taxonomy":"product_brand","embeddable":true,"href":"https:\/\/roveyayinevi.com.tr\/index.php\/wp-json\/wp\/v2\/product_brand?post=716583"},{"taxonomy":"product_cat","embeddable":true,"href":"https:\/\/roveyayinevi.com.tr\/index.php\/wp-json\/wp\/v2\/product_cat?post=716583"},{"taxonomy":"product_tag","embeddable":true,"href":"https:\/\/roveyayinevi.com.tr\/index.php\/wp-json\/wp\/v2\/product_tag?post=716583"}],"curies":[{"name":"wp","href":"https:\/\/api.w.org\/{rel}","templated":true}]}}