{"id":716582,"date":"2025-08-27T17:44:21","date_gmt":"2025-08-27T14:44:21","guid":{"rendered":"https:\/\/roveyayinevi.com.tr\/index.php\/urun\/kurandan-hikayeler\/"},"modified":"2026-04-16T02:24:57","modified_gmt":"2026-04-15T23:24:57","slug":"kurandan-hikayeler","status":"publish","type":"product","link":"https:\/\/roveyayinevi.com.tr\/index.php\/urun\/kurandan-hikayeler\/","title":{"rendered":"Kur\u2019an\u2019dan Hikayeler"},"content":{"rendered":"<p>K\u0131ssa , mesel , hikaye&#8230; B\u00fct\u00fcn bunlar daha \u00f6nceden bilinmeyen haberle ilgilidir.Nebe&#8217;vehaber yeni aktar\u0131lan bilgidir. Hikaye ise bir kimsenin, olay\u0131n veya ger\u00e7e\u011finizini s\u00fcrmek, ard\u0131nca gitmek ; bir haberi yahut s\u00f6z\u00fc bildirmek\u201dtir. Y\u00fcce Yarat\u0131c\u0131 b\u00fct\u00fcn sem\u00e2v\u00ee kitaplarda insanl\u0131\u011fa k\u0131ssalarla ya\u015fanm\u0131\u015f olaylardan olu\u015fan hikayelerle emreder.Kur&#8217;an&#8217;daki hik\u00e2yeler ger\u00e7ekli\u011fin s\u00fcrebilmesi i\u00e7in bize ip u\u00e7lar\u0131 verir.Bu ip u\u00e7lar\u0131na Ku&#8217;an yol g\u00f6stericili\u011fine her zamankinden daha muhtac\u0131z.<\/p>\n","protected":false},"excerpt":{"rendered":"<p>K\u0131ssa , mesel , hikaye&#8230; B\u00fct\u00fcn bunlar daha \u00f6nceden bilinmeyen haberle ilgilidir.Nebe&#8217;vehaber yeni aktar\u0131lan bilgidir. Hikaye ise bir kimsenin, olay\u0131n veya ger\u00e7e\u011finizini s\u00fcrmek, ard\u0131nca gitmek ;<span class=\"excerpt-hellip\"> [\u2026]<\/span><\/p>\n","protected":false},"featured_media":0,"template":"","meta":{"_monsterinsights_skip_tracking":false,"_monsterinsights_sitenote_active":false,"_monsterinsights_sitenote_note":"","_monsterinsights_sitenote_category":0},"product_brand":[],"product_cat":[12718,18102,12719],"product_tag":[],"class_list":{"0":"post-716582","1":"product","2":"type-product","3":"status-publish","5":"product_cat-din","6":"product_cat-edebiyat-roman","7":"product_cat-islam","8":"pa_cilt-ciltsiz","9":"pa_tur-kitap","10":"pa_yayinevi-nefes-yayincilik","11":"pa_yazar-sadik-yalsizucanlar","13":"first","14":"instock","15":"sale","16":"shipping-taxable","17":"purchasable","18":"product-type-simple"},"_links":{"self":[{"href":"https:\/\/roveyayinevi.com.tr\/index.php\/wp-json\/wp\/v2\/product\/716582","targetHints":{"allow":["GET"]}}],"collection":[{"href":"https:\/\/roveyayinevi.com.tr\/index.php\/wp-json\/wp\/v2\/product"}],"about":[{"href":"https:\/\/roveyayinevi.com.tr\/index.php\/wp-json\/wp\/v2\/types\/product"}],"wp:attachment":[{"href":"https:\/\/roveyayinevi.com.tr\/index.php\/wp-json\/wp\/v2\/media?parent=716582"}],"wp:term":[{"taxonomy":"product_brand","embeddable":true,"href":"https:\/\/roveyayinevi.com.tr\/index.php\/wp-json\/wp\/v2\/product_brand?post=716582"},{"taxonomy":"product_cat","embeddable":true,"href":"https:\/\/roveyayinevi.com.tr\/index.php\/wp-json\/wp\/v2\/product_cat?post=716582"},{"taxonomy":"product_tag","embeddable":true,"href":"https:\/\/roveyayinevi.com.tr\/index.php\/wp-json\/wp\/v2\/product_tag?post=716582"}],"curies":[{"name":"wp","href":"https:\/\/api.w.org\/{rel}","templated":true}]}}