{"id":716580,"date":"2025-08-27T17:44:20","date_gmt":"2025-08-27T14:44:20","guid":{"rendered":"https:\/\/roveyayinevi.com.tr\/index.php\/urun\/otlarin-ugultusu-altinda\/"},"modified":"2026-04-16T02:24:57","modified_gmt":"2026-04-15T23:24:57","slug":"otlarin-ugultusu-altinda","status":"publish","type":"product","link":"https:\/\/roveyayinevi.com.tr\/index.php\/urun\/otlarin-ugultusu-altinda\/","title":{"rendered":"Otlar\u0131n U\u011fultusu Alt\u0131nda"},"content":{"rendered":"<p>Eskiden, \u00e7ok eskiden Tanr\u0131m\u0131z yoktu. Korkumuz yoktu. G\u00fcnah\u0131m\u0131z yoktu. Yapraklar gibiydik. \u00d6p\u00fc\u015fler gibiydik. K\u00f6p\u00fckler gibiydik. Yapamad\u0131k. G\u00fczellik bo\u011fdu \u0130yilik zay\u0131f d\u00fc\u015f\u00fcrd\u00fc hepimizi. \u0130\u00e7imizden birisini g\u00f6klerin ard\u0131na g\u00f6nderdik. \u015eimdi hepimiz huzurla birbirimize k\u00f6t\u00fcl\u00fck ediyoruz. \u015eimdi hepimiz korkuyla ac\u0131m\u0131z\u0131 seviyoruz \u015eimdi hepimiz d\u00fcnyay\u0131 bir tanr\u0131ya de\u011fi\u015ftik \u015eimdi hepimiz cehenneme dua ediyoruz. <\/p>\n","protected":false},"excerpt":{"rendered":"<p>Eskiden, \u00e7ok eskiden Tanr\u0131m\u0131z yoktu. Korkumuz yoktu. G\u00fcnah\u0131m\u0131z yoktu. Yapraklar gibiydik. \u00d6p\u00fc\u015fler gibiydik. K\u00f6p\u00fckler gibiydik. Yapamad\u0131k. G\u00fczellik bo\u011fdu \u0130yilik zay\u0131f d\u00fc\u015f\u00fcrd\u00fc hepimizi. \u0130\u00e7imizden birisini g\u00f6klerin ard\u0131na<span class=\"excerpt-hellip\"> [\u2026]<\/span><\/p>\n","protected":false},"featured_media":0,"template":"","meta":{"_monsterinsights_skip_tracking":false,"_monsterinsights_sitenote_active":false,"_monsterinsights_sitenote_note":"","_monsterinsights_sitenote_category":0},"product_brand":[],"product_cat":[12291,12509],"product_tag":[],"class_list":{"0":"post-716580","1":"product","2":"type-product","3":"status-publish","5":"product_cat-edebiyat","6":"product_cat-siir","7":"pa_cilt-ciltsiz","8":"pa_tur-kitap","9":"pa_yayinevi-kirmizi-kedi-yayinevi","10":"pa_yazar-sukru-erbas","12":"first","13":"instock","14":"sale","15":"shipping-taxable","16":"purchasable","17":"product-type-simple"},"_links":{"self":[{"href":"https:\/\/roveyayinevi.com.tr\/index.php\/wp-json\/wp\/v2\/product\/716580","targetHints":{"allow":["GET"]}}],"collection":[{"href":"https:\/\/roveyayinevi.com.tr\/index.php\/wp-json\/wp\/v2\/product"}],"about":[{"href":"https:\/\/roveyayinevi.com.tr\/index.php\/wp-json\/wp\/v2\/types\/product"}],"wp:attachment":[{"href":"https:\/\/roveyayinevi.com.tr\/index.php\/wp-json\/wp\/v2\/media?parent=716580"}],"wp:term":[{"taxonomy":"product_brand","embeddable":true,"href":"https:\/\/roveyayinevi.com.tr\/index.php\/wp-json\/wp\/v2\/product_brand?post=716580"},{"taxonomy":"product_cat","embeddable":true,"href":"https:\/\/roveyayinevi.com.tr\/index.php\/wp-json\/wp\/v2\/product_cat?post=716580"},{"taxonomy":"product_tag","embeddable":true,"href":"https:\/\/roveyayinevi.com.tr\/index.php\/wp-json\/wp\/v2\/product_tag?post=716580"}],"curies":[{"name":"wp","href":"https:\/\/api.w.org\/{rel}","templated":true}]}}