{"id":716579,"date":"2025-08-27T17:44:19","date_gmt":"2025-08-27T14:44:19","guid":{"rendered":"https:\/\/roveyayinevi.com.tr\/index.php\/urun\/bir-dunya-sarkisi-sukru-erbas\/"},"modified":"2026-04-16T02:24:42","modified_gmt":"2026-04-15T23:24:42","slug":"bir-dunya-sarkisi-sukru-erbas","status":"publish","type":"product","link":"https:\/\/roveyayinevi.com.tr\/index.php\/urun\/bir-dunya-sarkisi-sukru-erbas\/","title":{"rendered":"Bir D\u00fcnya \u015eark\u0131s\u0131 \u015e\u00fckr\u00fc Erba\u015f"},"content":{"rendered":"<p>\u015e\u00fckr\u00fc Erba\u015f\u2019\u0131n ilk \u015fiiri Varl\u0131k dergisinin \u015eubat 1978 say\u0131s\u0131nda yay\u0131mland\u0131.Burak Abatay, Semih G\u00fcm\u00fc\u015f, \u0130lknur \u00d6zdemir, Haydar Erg\u00fclen, Ahmet Telli, Semih Poroy, Ethem Baran, Ayd\u0131n \u00c7ubuk\u00e7u, Abdullah Ata\u015f\u00e7\u0131, Bedia Ko\u00e7ako\u011flu, \u0130smail Mert Ba\u015fat, \u015eehmus Ay, Eray Canberk, H\u00fcseyin \u015eahin, Deniz Durukan, Bet\u00fcl D\u00fcnder, Rahmi Eme\u00e7, \u015eeref Bilsel, Mahmut Temizy\u00fcrek, C. Hakk\u0131 Zari\u00e7, Fatin Kanat, Kenan Kocat\u00fcrk, Zeynep Alt\u0131ok Akatl\u0131, Mehmet \u00d6zer, Eren Aysan, Emel \u0130rtem, Didem G\u00fcl\u00e7in Erdem, G\u00f6k\u00e7enur \u00c7., Selahattin Yolgiden<\/p>\n","protected":false},"excerpt":{"rendered":"<p>\u015e\u00fckr\u00fc Erba\u015f\u2019\u0131n ilk \u015fiiri Varl\u0131k dergisinin \u015eubat 1978 say\u0131s\u0131nda yay\u0131mland\u0131.Burak Abatay, Semih G\u00fcm\u00fc\u015f, \u0130lknur \u00d6zdemir, Haydar Erg\u00fclen, Ahmet Telli, Semih Poroy, Ethem Baran, Ayd\u0131n \u00c7ubuk\u00e7u, Abdullah<span class=\"excerpt-hellip\"> [\u2026]<\/span><\/p>\n","protected":false},"featured_media":0,"template":"","meta":{"_monsterinsights_skip_tracking":false,"_monsterinsights_sitenote_active":false,"_monsterinsights_sitenote_note":"","_monsterinsights_sitenote_category":0},"product_brand":[],"product_cat":[13072,12291],"product_tag":[],"class_list":{"0":"post-716579","1":"product","2":"type-product","3":"status-publish","5":"product_cat-arastirma-inceleme-referans","6":"product_cat-edebiyat","7":"pa_cilt-ciltsiz","8":"pa_tur-kitap","9":"pa_yayinevi-kirmizi-kedi-yayinevi","10":"pa_yazar-kolektif","12":"first","13":"instock","14":"sale","15":"shipping-taxable","16":"purchasable","17":"product-type-simple"},"_links":{"self":[{"href":"https:\/\/roveyayinevi.com.tr\/index.php\/wp-json\/wp\/v2\/product\/716579","targetHints":{"allow":["GET"]}}],"collection":[{"href":"https:\/\/roveyayinevi.com.tr\/index.php\/wp-json\/wp\/v2\/product"}],"about":[{"href":"https:\/\/roveyayinevi.com.tr\/index.php\/wp-json\/wp\/v2\/types\/product"}],"wp:attachment":[{"href":"https:\/\/roveyayinevi.com.tr\/index.php\/wp-json\/wp\/v2\/media?parent=716579"}],"wp:term":[{"taxonomy":"product_brand","embeddable":true,"href":"https:\/\/roveyayinevi.com.tr\/index.php\/wp-json\/wp\/v2\/product_brand?post=716579"},{"taxonomy":"product_cat","embeddable":true,"href":"https:\/\/roveyayinevi.com.tr\/index.php\/wp-json\/wp\/v2\/product_cat?post=716579"},{"taxonomy":"product_tag","embeddable":true,"href":"https:\/\/roveyayinevi.com.tr\/index.php\/wp-json\/wp\/v2\/product_tag?post=716579"}],"curies":[{"name":"wp","href":"https:\/\/api.w.org\/{rel}","templated":true}]}}