{"id":716578,"date":"2025-08-27T17:44:19","date_gmt":"2025-08-27T14:44:19","guid":{"rendered":"https:\/\/roveyayinevi.com.tr\/index.php\/urun\/johnson-mektubu\/"},"modified":"2026-04-16T02:24:42","modified_gmt":"2026-04-15T23:24:42","slug":"johnson-mektubu","status":"publish","type":"product","link":"https:\/\/roveyayinevi.com.tr\/index.php\/urun\/johnson-mektubu\/","title":{"rendered":"Johnson Mektubu"},"content":{"rendered":"<p>Johnson Mektubu, T\u00fcrk-Amerikan ili\u015fkilerinde bir d\u00f6n\u00fcm noktas\u0131d\u0131r. T\u0131pk\u0131 \u0130n\u00f6n\u00fc\u2019n\u00fcn \u201cyeni bir d\u00fcnya kurulur, T\u00fcrkiye de o d\u00fcnyada yerini al\u0131r\u201d tarihi yan\u0131t\u0131nda oldu\u011fu gibi, g\u00fcn\u00fcm\u00fczde \u201cyeni bir d\u00fcnya\u201d ad\u0131m ad\u0131m kuruluyor. T\u00fcrk-Amerikan ili\u015fkilerinin sanc\u0131l\u0131 seyrinde, bu nedenle Johnson Mektubu yeniden g\u00fcndeme geliyor. \u00dcstelik K\u0131br\u0131s meselesi ve \u0130n\u00f6n\u00fc\u2019n\u00fcn s\u00fcrekli hedef al\u0131nmas\u0131, bu mektubu tekrar \u00f6nemli k\u0131l\u0131yor. Haluk \u015eahin, mektup \u00fczerinden T\u00fcrk-Amerikan ili\u015fkilerinin bir d\u00f6nemine, K\u0131br\u0131s meselesine ve T\u00fcrk- Yunan ili\u015fkilerine mercek tutuyor. \u00dcstelik do\u011frudan birinci ki\u015filer \u00fczerinden\u2026 Mektubu kaleme alanlarla yap\u0131lan tarihi s\u00f6yle\u015filer, s\u00fcrecin akt\u00f6rlerinin yazd\u0131klar\u0131 ve ar\u015fiv belgeleri bug\u00fcne de \u0131\u015f\u0131k tutuyor. <\/p>\n","protected":false},"excerpt":{"rendered":"<p>Johnson Mektubu, T\u00fcrk-Amerikan ili\u015fkilerinde bir d\u00f6n\u00fcm noktas\u0131d\u0131r. T\u0131pk\u0131 \u0130n\u00f6n\u00fc\u2019n\u00fcn \u201cyeni bir d\u00fcnya kurulur, T\u00fcrkiye de o d\u00fcnyada yerini al\u0131r\u201d tarihi yan\u0131t\u0131nda oldu\u011fu gibi, g\u00fcn\u00fcm\u00fczde \u201cyeni bir<span class=\"excerpt-hellip\"> [\u2026]<\/span><\/p>\n","protected":false},"featured_media":0,"template":"","meta":{"_monsterinsights_skip_tracking":false,"_monsterinsights_sitenote_active":false,"_monsterinsights_sitenote_note":"","_monsterinsights_sitenote_category":0},"product_brand":[],"product_cat":[13590,12337],"product_tag":[],"class_list":{"0":"post-716578","1":"product","2":"type-product","3":"status-publish","5":"product_cat-arastirma-inceleme-politika-siyaset","6":"product_cat-politika-siyaset","7":"pa_cilt-ciltsiz","8":"pa_tur-kitap","9":"pa_yayinevi-kirmizi-kedi-yayinevi","10":"pa_yazar-haluk-sahin","12":"first","13":"instock","14":"sale","15":"shipping-taxable","16":"purchasable","17":"product-type-simple"},"_links":{"self":[{"href":"https:\/\/roveyayinevi.com.tr\/index.php\/wp-json\/wp\/v2\/product\/716578","targetHints":{"allow":["GET"]}}],"collection":[{"href":"https:\/\/roveyayinevi.com.tr\/index.php\/wp-json\/wp\/v2\/product"}],"about":[{"href":"https:\/\/roveyayinevi.com.tr\/index.php\/wp-json\/wp\/v2\/types\/product"}],"wp:attachment":[{"href":"https:\/\/roveyayinevi.com.tr\/index.php\/wp-json\/wp\/v2\/media?parent=716578"}],"wp:term":[{"taxonomy":"product_brand","embeddable":true,"href":"https:\/\/roveyayinevi.com.tr\/index.php\/wp-json\/wp\/v2\/product_brand?post=716578"},{"taxonomy":"product_cat","embeddable":true,"href":"https:\/\/roveyayinevi.com.tr\/index.php\/wp-json\/wp\/v2\/product_cat?post=716578"},{"taxonomy":"product_tag","embeddable":true,"href":"https:\/\/roveyayinevi.com.tr\/index.php\/wp-json\/wp\/v2\/product_tag?post=716578"}],"curies":[{"name":"wp","href":"https:\/\/api.w.org\/{rel}","templated":true}]}}