{"id":716575,"date":"2025-08-27T17:44:16","date_gmt":"2025-08-27T14:44:16","guid":{"rendered":"https:\/\/roveyayinevi.com.tr\/index.php\/urun\/kuyucakli-yusuf-2\/"},"modified":"2025-11-12T05:08:12","modified_gmt":"2025-11-12T02:08:12","slug":"kuyucakli-yusuf-2","status":"publish","type":"product","link":"https:\/\/roveyayinevi.com.tr\/index.php\/urun\/kuyucakli-yusuf-2\/","title":{"rendered":"Kuyucakl\u0131 Yusuf"},"content":{"rendered":"<p>Sabahattin Ali\u2019nin \u00f6l\u00fcms\u00fcz eseri Kuyucakl\u0131 Yusuf \u00f6nce 1932-37 y\u0131llar\u0131 aras\u0131nda gazete tefrikas\u0131 olarak, daha sonra 1937 y\u0131l\u0131nda kitap halinde yay\u0131mlanm\u0131\u015ft\u0131. Eserin tefrikalar\u0131 ve ilk bas\u0131m\u0131 kar\u015f\u0131la\u015ft\u0131r\u0131larak haz\u0131rlanan bu yeni bas\u0131m, d\u00f6nemin ya\u015fant\u0131s\u0131na dair notlar ve metindeki eski s\u00f6zc\u00fcklere dair a\u00e7\u0131klamalar i\u00e7eriyor. Yeni, \u00f6zg\u00fcn, eserin ruhuna n\u00fcfuz eden bir okuma deneyimi sunuyor.<\/p>\n","protected":false},"excerpt":{"rendered":"<p>Sabahattin Ali\u2019nin \u00f6l\u00fcms\u00fcz eseri Kuyucakl\u0131 Yusuf \u00f6nce 1932-37 y\u0131llar\u0131 aras\u0131nda gazete tefrikas\u0131 olarak, daha sonra 1937 y\u0131l\u0131nda kitap halinde yay\u0131mlanm\u0131\u015ft\u0131. Eserin tefrikalar\u0131 ve ilk bas\u0131m\u0131 kar\u015f\u0131la\u015ft\u0131r\u0131larak<span class=\"excerpt-hellip\"> [\u2026]<\/span><\/p>\n","protected":false},"featured_media":0,"template":"","meta":{"_monsterinsights_skip_tracking":false,"_monsterinsights_sitenote_active":false,"_monsterinsights_sitenote_note":"","_monsterinsights_sitenote_category":0},"product_brand":[],"product_cat":[12291,12711],"product_tag":[],"class_list":{"0":"post-716575","1":"product","2":"type-product","3":"status-publish","5":"product_cat-edebiyat","6":"product_cat-roman-oyku","7":"pa_cilt-ciltsiz","8":"pa_tur-kitap","9":"pa_yayinevi-epsilon-yayinlari","10":"pa_yazar-sabahattin-ali","12":"first","13":"instock","14":"sale","15":"shipping-taxable","16":"purchasable","17":"product-type-simple"},"_links":{"self":[{"href":"https:\/\/roveyayinevi.com.tr\/index.php\/wp-json\/wp\/v2\/product\/716575","targetHints":{"allow":["GET"]}}],"collection":[{"href":"https:\/\/roveyayinevi.com.tr\/index.php\/wp-json\/wp\/v2\/product"}],"about":[{"href":"https:\/\/roveyayinevi.com.tr\/index.php\/wp-json\/wp\/v2\/types\/product"}],"wp:attachment":[{"href":"https:\/\/roveyayinevi.com.tr\/index.php\/wp-json\/wp\/v2\/media?parent=716575"}],"wp:term":[{"taxonomy":"product_brand","embeddable":true,"href":"https:\/\/roveyayinevi.com.tr\/index.php\/wp-json\/wp\/v2\/product_brand?post=716575"},{"taxonomy":"product_cat","embeddable":true,"href":"https:\/\/roveyayinevi.com.tr\/index.php\/wp-json\/wp\/v2\/product_cat?post=716575"},{"taxonomy":"product_tag","embeddable":true,"href":"https:\/\/roveyayinevi.com.tr\/index.php\/wp-json\/wp\/v2\/product_tag?post=716575"}],"curies":[{"name":"wp","href":"https:\/\/api.w.org\/{rel}","templated":true}]}}