{"id":716573,"date":"2025-08-27T17:44:15","date_gmt":"2025-08-27T14:44:15","guid":{"rendered":"https:\/\/roveyayinevi.com.tr\/index.php\/urun\/icimizdeki-seytan-3\/"},"modified":"2026-04-16T02:24:42","modified_gmt":"2026-04-15T23:24:42","slug":"icimizdeki-seytan-3","status":"publish","type":"product","link":"https:\/\/roveyayinevi.com.tr\/index.php\/urun\/icimizdeki-seytan-3\/","title":{"rendered":"\u0130\u00e7imizdeki \u015eeytan"},"content":{"rendered":"<p>Sabahattin Ali\u2019nin \u00f6l\u00fcms\u00fcz eseri \u0130\u00e7imizdeki \u015eeytan \u00f6nce 1939 y\u0131l\u0131nda gazete tefrikas\u0131 olarak, daha sonra 1940 y\u0131l\u0131nda kitap halinde yay\u0131mlanm\u0131\u015ft\u0131. Eserin tefrikalar\u0131 ve ilk bas\u0131m\u0131 kar\u015f\u0131la\u015ft\u0131r\u0131larak haz\u0131rlanan bu yeni bas\u0131m, d\u00f6nemin ya\u015fant\u0131s\u0131na dair notlar ve metindeki eski s\u00f6zc\u00fcklere dair a\u00e7\u0131klamalar i\u00e7eriyor. Yeni, \u00f6zg\u00fcn, eserin ruhuna n\u00fcfuz eden bir okuma deneyimi sunuyor. <\/p>\n","protected":false},"excerpt":{"rendered":"<p>Sabahattin Ali\u2019nin \u00f6l\u00fcms\u00fcz eseri \u0130\u00e7imizdeki \u015eeytan \u00f6nce 1939 y\u0131l\u0131nda gazete tefrikas\u0131 olarak, daha sonra 1940 y\u0131l\u0131nda kitap halinde yay\u0131mlanm\u0131\u015ft\u0131. Eserin tefrikalar\u0131 ve ilk bas\u0131m\u0131 kar\u015f\u0131la\u015ft\u0131r\u0131larak haz\u0131rlanan<span class=\"excerpt-hellip\"> [\u2026]<\/span><\/p>\n","protected":false},"featured_media":0,"template":"","meta":{"_monsterinsights_skip_tracking":false,"_monsterinsights_sitenote_active":false,"_monsterinsights_sitenote_note":"","_monsterinsights_sitenote_category":0},"product_brand":[],"product_cat":[12291,12711],"product_tag":[],"class_list":{"0":"post-716573","1":"product","2":"type-product","3":"status-publish","5":"product_cat-edebiyat","6":"product_cat-roman-oyku","7":"pa_cilt-ciltsiz","8":"pa_tur-kitap","9":"pa_yayinevi-epsilon-yayinlari","10":"pa_yazar-sabahattin-ali","12":"first","13":"instock","14":"sale","15":"shipping-taxable","16":"purchasable","17":"product-type-simple"},"_links":{"self":[{"href":"https:\/\/roveyayinevi.com.tr\/index.php\/wp-json\/wp\/v2\/product\/716573","targetHints":{"allow":["GET"]}}],"collection":[{"href":"https:\/\/roveyayinevi.com.tr\/index.php\/wp-json\/wp\/v2\/product"}],"about":[{"href":"https:\/\/roveyayinevi.com.tr\/index.php\/wp-json\/wp\/v2\/types\/product"}],"wp:attachment":[{"href":"https:\/\/roveyayinevi.com.tr\/index.php\/wp-json\/wp\/v2\/media?parent=716573"}],"wp:term":[{"taxonomy":"product_brand","embeddable":true,"href":"https:\/\/roveyayinevi.com.tr\/index.php\/wp-json\/wp\/v2\/product_brand?post=716573"},{"taxonomy":"product_cat","embeddable":true,"href":"https:\/\/roveyayinevi.com.tr\/index.php\/wp-json\/wp\/v2\/product_cat?post=716573"},{"taxonomy":"product_tag","embeddable":true,"href":"https:\/\/roveyayinevi.com.tr\/index.php\/wp-json\/wp\/v2\/product_tag?post=716573"}],"curies":[{"name":"wp","href":"https:\/\/api.w.org\/{rel}","templated":true}]}}