{"id":716570,"date":"2025-08-27T17:44:13","date_gmt":"2025-08-27T14:44:13","guid":{"rendered":"https:\/\/roveyayinevi.com.tr\/index.php\/urun\/aslinda-bir-sanat-var\/"},"modified":"2026-04-16T02:24:41","modified_gmt":"2026-04-15T23:24:41","slug":"aslinda-bir-sanat-var","status":"publish","type":"product","link":"https:\/\/roveyayinevi.com.tr\/index.php\/urun\/aslinda-bir-sanat-var\/","title":{"rendered":"Asl\u0131nda Bir Sanat Var"},"content":{"rendered":"<p>Ruhumuz, akl\u00ee d\u00fcnyan\u0131n dar ve s\u0131k\u0131\u015fm\u0131\u015f s\u0131n\u0131rlar\u0131 i\u00e7erisine hapsedilemez; kendine s\u0131\u011f\u0131nacak bir liman arar. \u0130\u015ftesanat, fark etsek de etmesek de o limanlardan biridir. Mesela g\u00fcne\u015fin gurup vaktinde ki \u0131\u015f\u0131k oyunlar\u0131n\u0131 hat\u0131rlamak, Hali\u00e7\u2019in kar\u015f\u0131 sahilinden S\u00fcleymaniye Camii\u2019ni mevsim sonbahara d\u00f6nerken bir parkta Chopin na\u011fmeleri dinlemek ,bir me\u015fguliyet s\u0131ras\u0131nda t\u00fcrk\u00fc m\u0131r\u0131ldanmakya tarihi kimli\u011fini koruyan bir kafe de kahve i\u00e7mek insan\u0131n sanatla ilgili ger\u00e7ekle\u015ftirdi\u011fi tevr\u00fcbelerdir asl\u0131nda.Dolay\u0131s\u0131yla hepimizin hayat\u0131nda sanat\u0131n bir yeri vard\u0131r.Peki nedir sanat?<\/p>\n","protected":false},"excerpt":{"rendered":"<p>Ruhumuz, akl\u00ee d\u00fcnyan\u0131n dar ve s\u0131k\u0131\u015fm\u0131\u015f s\u0131n\u0131rlar\u0131 i\u00e7erisine hapsedilemez; kendine s\u0131\u011f\u0131nacak bir liman arar. \u0130\u015ftesanat, fark etsek de etmesek de o limanlardan biridir. Mesela g\u00fcne\u015fin gurup<span class=\"excerpt-hellip\"> [\u2026]<\/span><\/p>\n","protected":false},"featured_media":0,"template":"","meta":{"_monsterinsights_skip_tracking":false,"_monsterinsights_sitenote_active":false,"_monsterinsights_sitenote_note":"","_monsterinsights_sitenote_category":0},"product_brand":[],"product_cat":[12408,14197],"product_tag":[],"class_list":{"0":"post-716570","1":"product","2":"type-product","3":"status-publish","5":"product_cat-sanat","6":"product_cat-sanat-tarihi","7":"pa_cilt-ciltsiz","8":"pa_tur-kitap","9":"pa_yayinevi-tuti-kitap","10":"pa_yazar-sadettin-okten","12":"first","13":"instock","14":"sale","15":"shipping-taxable","16":"purchasable","17":"product-type-simple"},"_links":{"self":[{"href":"https:\/\/roveyayinevi.com.tr\/index.php\/wp-json\/wp\/v2\/product\/716570","targetHints":{"allow":["GET"]}}],"collection":[{"href":"https:\/\/roveyayinevi.com.tr\/index.php\/wp-json\/wp\/v2\/product"}],"about":[{"href":"https:\/\/roveyayinevi.com.tr\/index.php\/wp-json\/wp\/v2\/types\/product"}],"wp:attachment":[{"href":"https:\/\/roveyayinevi.com.tr\/index.php\/wp-json\/wp\/v2\/media?parent=716570"}],"wp:term":[{"taxonomy":"product_brand","embeddable":true,"href":"https:\/\/roveyayinevi.com.tr\/index.php\/wp-json\/wp\/v2\/product_brand?post=716570"},{"taxonomy":"product_cat","embeddable":true,"href":"https:\/\/roveyayinevi.com.tr\/index.php\/wp-json\/wp\/v2\/product_cat?post=716570"},{"taxonomy":"product_tag","embeddable":true,"href":"https:\/\/roveyayinevi.com.tr\/index.php\/wp-json\/wp\/v2\/product_tag?post=716570"}],"curies":[{"name":"wp","href":"https:\/\/api.w.org\/{rel}","templated":true}]}}