{"id":716569,"date":"2025-08-27T17:44:12","date_gmt":"2025-08-27T14:44:12","guid":{"rendered":"https:\/\/roveyayinevi.com.tr\/index.php\/urun\/anneannem-bebek-oldu\/"},"modified":"2026-04-16T02:24:41","modified_gmt":"2026-04-15T23:24:41","slug":"anneannem-bebek-oldu","status":"publish","type":"product","link":"https:\/\/roveyayinevi.com.tr\/index.php\/urun\/anneannem-bebek-oldu\/","title":{"rendered":"Anneannem Bebek Oldu"},"content":{"rendered":"<p>Damla\u2019y\u0131 her zaman oldu\u011fu gibi okula anneannesi b\u0131rakt\u0131. Sakin ve s\u0131radan bir g\u00fcnd\u00fc, ta ki d\u00f6rd\u00fcnc\u00fc derste okul m\u00fcd\u00fcr\u00fc s\u0131n\u0131flar\u0131na gelene kadar! Ahmet Bey\u2019den \u00f6\u011frendi\u011fi \u015feyle sadece g\u00fcn\u00fc de\u011fil, Damla\u2019n\u0131n b\u00fct\u00fcn hayat\u0131 de\u011fi\u015fecekti. Anneannesi bebek olmu\u015ftu! Nas\u0131l m\u0131? Bu, sizin i\u00e7in oldu\u011fu kadar Damla i\u00e7in de bir s\u00fcrpriz! Anneannem Bebek Oldu, bir anda insanlar\u0131n hi\u00e7 beklenmedik \u015feyler ya\u015fayabilece\u011fini, b\u00fcy\u00fcklerin de kimi zaman k\u00fc\u00e7\u00fcklerin yard\u0131m\u0131na ihtiya\u00e7 duyabilece\u011fini ve her g\u00fc\u00e7l\u00fc\u011f\u00fcn birlikte a\u015f\u0131labilece\u011fini anlatan, s\u0131cac\u0131k bir hik\u00e2ye&#8230; <\/p>\n","protected":false},"excerpt":{"rendered":"<p>Damla\u2019y\u0131 her zaman oldu\u011fu gibi okula anneannesi b\u0131rakt\u0131. Sakin ve s\u0131radan bir g\u00fcnd\u00fc, ta ki d\u00f6rd\u00fcnc\u00fc derste okul m\u00fcd\u00fcr\u00fc s\u0131n\u0131flar\u0131na gelene kadar! Ahmet Bey\u2019den \u00f6\u011frendi\u011fi \u015feyle<span class=\"excerpt-hellip\"> [\u2026]<\/span><\/p>\n","protected":false},"featured_media":0,"template":"","meta":{"_monsterinsights_skip_tracking":false,"_monsterinsights_sitenote_active":false,"_monsterinsights_sitenote_note":"","_monsterinsights_sitenote_category":0},"product_brand":[],"product_cat":[12274,12284],"product_tag":[],"class_list":{"0":"post-716569","1":"product","2":"type-product","3":"status-publish","5":"product_cat-cocuk-ve-genclik-kitaplari","6":"product_cat-hikayeler","7":"pa_cilt-ciltsiz","8":"pa_tur-kitap","9":"pa_yayinevi-kirmizi-kedi-yayinevi","10":"pa_yazar-burcu-bahar","12":"first","13":"instock","14":"sale","15":"shipping-taxable","16":"purchasable","17":"product-type-simple"},"_links":{"self":[{"href":"https:\/\/roveyayinevi.com.tr\/index.php\/wp-json\/wp\/v2\/product\/716569","targetHints":{"allow":["GET"]}}],"collection":[{"href":"https:\/\/roveyayinevi.com.tr\/index.php\/wp-json\/wp\/v2\/product"}],"about":[{"href":"https:\/\/roveyayinevi.com.tr\/index.php\/wp-json\/wp\/v2\/types\/product"}],"wp:attachment":[{"href":"https:\/\/roveyayinevi.com.tr\/index.php\/wp-json\/wp\/v2\/media?parent=716569"}],"wp:term":[{"taxonomy":"product_brand","embeddable":true,"href":"https:\/\/roveyayinevi.com.tr\/index.php\/wp-json\/wp\/v2\/product_brand?post=716569"},{"taxonomy":"product_cat","embeddable":true,"href":"https:\/\/roveyayinevi.com.tr\/index.php\/wp-json\/wp\/v2\/product_cat?post=716569"},{"taxonomy":"product_tag","embeddable":true,"href":"https:\/\/roveyayinevi.com.tr\/index.php\/wp-json\/wp\/v2\/product_tag?post=716569"}],"curies":[{"name":"wp","href":"https:\/\/api.w.org\/{rel}","templated":true}]}}