{"id":716568,"date":"2025-08-27T17:44:12","date_gmt":"2025-08-27T14:44:12","guid":{"rendered":"https:\/\/roveyayinevi.com.tr\/index.php\/urun\/bagirmayan-kari-koca-olmak\/"},"modified":"2026-04-16T02:24:41","modified_gmt":"2026-04-15T23:24:41","slug":"bagirmayan-kari-koca-olmak","status":"publish","type":"product","link":"https:\/\/roveyayinevi.com.tr\/index.php\/urun\/bagirmayan-kari-koca-olmak\/","title":{"rendered":"Ba\u011f\u0131rmayan Kar\u0131 Koca Olmak"},"content":{"rendered":"<p>Kar\u0131 kocalar\u0131n evlilikleri i\u00e7in istedi\u011fi a\u015fa\u011f\u0131 yukar\u0131 ayn\u0131d\u0131r: s\u0131cakl\u0131k, olgunluk, huzur, ba\u011fl\u0131l\u0131k ve yak\u0131nl\u0131k&#8230; Ba\u011f\u0131rmayan Kar\u0131 Koca Olmak \u00f6z\u00fcn\u00fcze ula\u015f\u0131p i\u00e7tenlikle kendinizi ifade ederek kal\u0131c\u0131 ba\u011flar kurman\u0131n yollar\u0131n\u0131 anlat\u0131yor. Hal Edward Runkel ve Jenny Runkel mutlu evlili\u011fin s\u0131rlar\u0131n\u0131 ya da \u201ce\u015finizi mutlu edecek on ad\u0131m\u0131\u201d s\u0131ralam\u0131yor. Aksine, kendinize odaklanarak, e\u015finizin nas\u0131l olmas\u0131n\u0131 istiyorsan\u0131z \u00f6ncelikle kendiniz \u00f6yle olarak hep hayalini kurdu\u011funuz o m\u00fckemmel ili\u015fkiye sahip olabilece\u011finizi savunuyorlar. \u00d6nerileri uygulad\u0131\u011f\u0131n\u0131zda sadece romantik ili\u015fkilerinizde de\u011fil, t\u00fcm ili\u015fkilerinizde kal\u0131c\u0131 iyile\u015fme sa\u011flayacaks\u0131n\u0131z. Ba\u011f\u0131rmadan, k\u0131rmadan, sitem etmeden, k\u00fcsmeden ba\u011f kurmak ve evlilik s\u00fcrd\u00fcrmek m\u00fcmk\u00fcn. Okumaya ba\u015flad\u0131\u011f\u0131n\u0131zda bunu hemen fark edeceksiniz. <\/p>\n","protected":false},"excerpt":{"rendered":"<p>Kar\u0131 kocalar\u0131n evlilikleri i\u00e7in istedi\u011fi a\u015fa\u011f\u0131 yukar\u0131 ayn\u0131d\u0131r: s\u0131cakl\u0131k, olgunluk, huzur, ba\u011fl\u0131l\u0131k ve yak\u0131nl\u0131k&#8230; Ba\u011f\u0131rmayan Kar\u0131 Koca Olmak \u00f6z\u00fcn\u00fcze ula\u015f\u0131p i\u00e7tenlikle kendinizi ifade ederek kal\u0131c\u0131 ba\u011flar<span class=\"excerpt-hellip\"> [\u2026]<\/span><\/p>\n","protected":false},"featured_media":0,"template":"","meta":{"_monsterinsights_skip_tracking":false,"_monsterinsights_sitenote_active":false,"_monsterinsights_sitenote_note":"","_monsterinsights_sitenote_category":0},"product_brand":[],"product_cat":[12364,12376],"product_tag":[],"class_list":{"0":"post-716568","1":"product","2":"type-product","3":"status-publish","5":"product_cat-genel-konular","6":"product_cat-kisisel-gelisim","7":"pa_cilt-ciltsiz","8":"pa_tur-kitap","9":"pa_yayinevi-aganta","10":"pa_yazar-hal-edward-runkel-jenny-runkel","12":"first","13":"instock","14":"sale","15":"shipping-taxable","16":"purchasable","17":"product-type-simple"},"_links":{"self":[{"href":"https:\/\/roveyayinevi.com.tr\/index.php\/wp-json\/wp\/v2\/product\/716568","targetHints":{"allow":["GET"]}}],"collection":[{"href":"https:\/\/roveyayinevi.com.tr\/index.php\/wp-json\/wp\/v2\/product"}],"about":[{"href":"https:\/\/roveyayinevi.com.tr\/index.php\/wp-json\/wp\/v2\/types\/product"}],"wp:attachment":[{"href":"https:\/\/roveyayinevi.com.tr\/index.php\/wp-json\/wp\/v2\/media?parent=716568"}],"wp:term":[{"taxonomy":"product_brand","embeddable":true,"href":"https:\/\/roveyayinevi.com.tr\/index.php\/wp-json\/wp\/v2\/product_brand?post=716568"},{"taxonomy":"product_cat","embeddable":true,"href":"https:\/\/roveyayinevi.com.tr\/index.php\/wp-json\/wp\/v2\/product_cat?post=716568"},{"taxonomy":"product_tag","embeddable":true,"href":"https:\/\/roveyayinevi.com.tr\/index.php\/wp-json\/wp\/v2\/product_tag?post=716568"}],"curies":[{"name":"wp","href":"https:\/\/api.w.org\/{rel}","templated":true}]}}