{"id":716567,"date":"2025-08-27T17:44:11","date_gmt":"2025-08-27T14:44:11","guid":{"rendered":"https:\/\/roveyayinevi.com.tr\/index.php\/urun\/nonisma-bagimsiz-ve-miili-para-sistemi\/"},"modified":"2025-11-21T05:07:37","modified_gmt":"2025-11-21T02:07:37","slug":"nonisma-bagimsiz-ve-miili-para-sistemi","status":"publish","type":"product","link":"https:\/\/roveyayinevi.com.tr\/index.php\/urun\/nonisma-bagimsiz-ve-miili-para-sistemi\/","title":{"rendered":"Nonisma &#8211; Ba\u011f\u0131ms\u0131z ve Miili Para Sistemi"},"content":{"rendered":"<p>Piyasada gerek nakdi olarak kulland\u0131\u011f\u0131m\u0131z gerekse elektronik ortamda banka hesaplar\u0131nda tuttu\u011fumuz paran\u0131n tamam\u0131 Merkez Bankalar\u0131 taraf\u0131ndan tedav\u00fcle \u00e7\u0131kar\u0131lmam\u0131\u015f, yani \u00fcretilmemi\u015ftir. Bu ger\u00e7e\u011fe inanabiliyor musunuz? C\u00fczdan\u0131m\u0131zda veya banka elektronik hesaplar\u0131\u0131m\u0131zda tuttu\u011fumuz param\u0131z\u0131n neredeyse %85-90\u2019\u0131n\u0131n, k\u00e2r amac\u0131 g\u00fcden ticari bankalar taraf\u0131ndan \u00fcretilip tedav\u00fcle \u00e7\u0131kar\u0131ld\u0131\u011f\u0131n\u0131, yani varsay\u0131ld\u0131\u011f\u0131 gibi, Merkez Bankalar\u0131 taraf\u0131ndan \u00fcretilip tedav\u00fcle \u00e7\u0131kar\u0131lmad\u0131\u011f\u0131n\u0131, biliyor musunuz? Ticari bankalar\u0131n para \u00fcretmeye y\u00f6nelik bu ayr\u0131cal\u0131kl\u0131 ve imtiyazl\u0131 stat\u00fcs\u00fcn\u00fcn bir\u00e7ok \u00fclkede yasalarla net bir \u015fekilde d\u00fczenlenmemi\u015f oldu\u011funu biliyor musunuz? Para sisteminde yap\u0131labilecek birka\u00e7 d\u00fczeltmeyle birlikte, bankalar batsa dahi, bankalarda yatan paralar\u0131n\u0131z\u0131n batmayaca\u011f\u0131 bir para ve bankac\u0131l\u0131k sistemi istemez misiniz? Banka iflaslar\u0131yla ve mali krizlerle sars\u0131lmayan bir para ve bankac\u0131l\u0131k sistemi olmas\u0131n\u0131 ister misiniz? G\u00fcn\u00fcm\u00fcz para sisteminde yap\u0131labilecek birka\u00e7 d\u00fczeltmeyle birka\u00e7 y\u0131l i\u00e7erisinde devlet ve kamu bor\u00e7lar\u0131n\u0131n %80 oran\u0131nda geri \u00f6denebilece\u011fini ve b\u00f6ylelikle devletlerin vergilerde dahi indirime gidebileceklerini ve halk\u0131n zenginle\u015febilece\u011fini biliyor musunuz? \u0130\u015fte t\u00fcm bu ve benzeri avantajlar\u0131 BA\u011eIMSIZ ve M\u0130LL\u0130 PARA S\u0130STEM\u0130 sunmaktad\u0131r. <\/p>\n","protected":false},"excerpt":{"rendered":"<p>Piyasada gerek nakdi olarak kulland\u0131\u011f\u0131m\u0131z gerekse elektronik ortamda banka hesaplar\u0131nda tuttu\u011fumuz paran\u0131n tamam\u0131 Merkez Bankalar\u0131 taraf\u0131ndan tedav\u00fcle \u00e7\u0131kar\u0131lmam\u0131\u015f, yani \u00fcretilmemi\u015ftir. Bu ger\u00e7e\u011fe inanabiliyor musunuz? C\u00fczdan\u0131m\u0131zda veya<span class=\"excerpt-hellip\"> [\u2026]<\/span><\/p>\n","protected":false},"featured_media":0,"template":"","meta":{"_monsterinsights_skip_tracking":false,"_monsterinsights_sitenote_active":false,"_monsterinsights_sitenote_note":"","_monsterinsights_sitenote_category":0},"product_brand":[],"product_cat":[31194,12337],"product_tag":[],"class_list":{"0":"post-716567","1":"product","2":"type-product","3":"status-publish","5":"product_cat-guncel-siyaset","6":"product_cat-politika-siyaset","7":"pa_cilt-ciltsiz","8":"pa_tur-kitap","9":"pa_yayinevi-alfa-yayinlari","10":"pa_yazar-artug-cetin","12":"first","13":"instock","14":"sale","15":"shipping-taxable","16":"purchasable","17":"product-type-simple"},"_links":{"self":[{"href":"https:\/\/roveyayinevi.com.tr\/index.php\/wp-json\/wp\/v2\/product\/716567","targetHints":{"allow":["GET"]}}],"collection":[{"href":"https:\/\/roveyayinevi.com.tr\/index.php\/wp-json\/wp\/v2\/product"}],"about":[{"href":"https:\/\/roveyayinevi.com.tr\/index.php\/wp-json\/wp\/v2\/types\/product"}],"wp:attachment":[{"href":"https:\/\/roveyayinevi.com.tr\/index.php\/wp-json\/wp\/v2\/media?parent=716567"}],"wp:term":[{"taxonomy":"product_brand","embeddable":true,"href":"https:\/\/roveyayinevi.com.tr\/index.php\/wp-json\/wp\/v2\/product_brand?post=716567"},{"taxonomy":"product_cat","embeddable":true,"href":"https:\/\/roveyayinevi.com.tr\/index.php\/wp-json\/wp\/v2\/product_cat?post=716567"},{"taxonomy":"product_tag","embeddable":true,"href":"https:\/\/roveyayinevi.com.tr\/index.php\/wp-json\/wp\/v2\/product_tag?post=716567"}],"curies":[{"name":"wp","href":"https:\/\/api.w.org\/{rel}","templated":true}]}}