{"id":716565,"date":"2025-08-27T17:44:10","date_gmt":"2025-08-27T14:44:10","guid":{"rendered":"https:\/\/roveyayinevi.com.tr\/index.php\/urun\/icimizdeki-seytan-2\/"},"modified":"2026-04-16T02:24:41","modified_gmt":"2026-04-15T23:24:41","slug":"icimizdeki-seytan-2","status":"publish","type":"product","link":"https:\/\/roveyayinevi.com.tr\/index.php\/urun\/icimizdeki-seytan-2\/","title":{"rendered":"\u0130\u00e7imizdeki \u015eeytan"},"content":{"rendered":"<p>\u201c\u2026\u0130\u00e7imdeki bu melun \u015feytan&#8230; Her \u015feyi imk\u00e2ns\u0131zl\u0131\u011f\u0131 nispetinde bana cazip g\u00f6steren, beni olmayacak \u015feylerin hasretiyle kavuran bu korkun\u00e7 his&#8230;\u201d Sabahattin Ali, bir gen\u00e7 erkek ile e\u015finin ya\u015fad\u0131klar\u0131 \u00fczerinden \u201cayd\u0131n\u201d \u00e7evreyi, ili\u015fkileri ve toplumsal d\u00fczene teslim olmu\u015f bireyin \u00e7\u0131kmazlar\u0131n\u0131 ele al\u0131yor.\u0130\u00e7imizdeki \u015eeytan ayd\u0131na, bireyin \u201ci\u00e7indeki \u015feytan\u201d olarak nitelendirdi\u011fi \u00e2cizli\u011fine ayna tutuyor\u2026 <\/p>\n","protected":false},"excerpt":{"rendered":"<p>\u201c\u2026\u0130\u00e7imdeki bu melun \u015feytan&#8230; Her \u015feyi imk\u00e2ns\u0131zl\u0131\u011f\u0131 nispetinde bana cazip g\u00f6steren, beni olmayacak \u015feylerin hasretiyle kavuran bu korkun\u00e7 his&#8230;\u201d Sabahattin Ali, bir gen\u00e7 erkek ile e\u015finin<span class=\"excerpt-hellip\"> [\u2026]<\/span><\/p>\n","protected":false},"featured_media":0,"template":"","meta":{"_monsterinsights_skip_tracking":false,"_monsterinsights_sitenote_active":false,"_monsterinsights_sitenote_note":"","_monsterinsights_sitenote_category":0},"product_brand":[],"product_cat":[12291,12711],"product_tag":[],"class_list":{"0":"post-716565","1":"product","2":"type-product","3":"status-publish","5":"product_cat-edebiyat","6":"product_cat-roman-oyku","7":"pa_cilt-ciltsiz","8":"pa_tur-kitap","9":"pa_yayinevi-dogan-kitap","10":"pa_yazar-sabahattin-ali","12":"first","13":"instock","14":"sale","15":"shipping-taxable","16":"purchasable","17":"product-type-simple"},"_links":{"self":[{"href":"https:\/\/roveyayinevi.com.tr\/index.php\/wp-json\/wp\/v2\/product\/716565","targetHints":{"allow":["GET"]}}],"collection":[{"href":"https:\/\/roveyayinevi.com.tr\/index.php\/wp-json\/wp\/v2\/product"}],"about":[{"href":"https:\/\/roveyayinevi.com.tr\/index.php\/wp-json\/wp\/v2\/types\/product"}],"wp:attachment":[{"href":"https:\/\/roveyayinevi.com.tr\/index.php\/wp-json\/wp\/v2\/media?parent=716565"}],"wp:term":[{"taxonomy":"product_brand","embeddable":true,"href":"https:\/\/roveyayinevi.com.tr\/index.php\/wp-json\/wp\/v2\/product_brand?post=716565"},{"taxonomy":"product_cat","embeddable":true,"href":"https:\/\/roveyayinevi.com.tr\/index.php\/wp-json\/wp\/v2\/product_cat?post=716565"},{"taxonomy":"product_tag","embeddable":true,"href":"https:\/\/roveyayinevi.com.tr\/index.php\/wp-json\/wp\/v2\/product_tag?post=716565"}],"curies":[{"name":"wp","href":"https:\/\/api.w.org\/{rel}","templated":true}]}}