{"id":716564,"date":"2025-08-27T17:44:09","date_gmt":"2025-08-27T14:44:09","guid":{"rendered":"https:\/\/roveyayinevi.com.tr\/index.php\/urun\/disney-en-guzel-maceralar-serisi-4-kitap-takim\/"},"modified":"2026-04-16T02:24:41","modified_gmt":"2026-04-15T23:24:41","slug":"disney-en-guzel-maceralar-serisi-4-kitap-takim","status":"publish","type":"product","link":"https:\/\/roveyayinevi.com.tr\/index.php\/urun\/disney-en-guzel-maceralar-serisi-4-kitap-takim\/","title":{"rendered":"Disney En G\u00fczel Maceralar Serisi &#8211; 4 Kitap Tak\u0131m"},"content":{"rendered":"<p>Disney d\u00fcnyas\u0131n\u0131n en sevilen kahramanlar\u0131ndan Mickey ve arkada\u015flar\u0131En G\u00fczel Maceralar \u00e7izgi \u00f6yk\u00fcler serisinde ba\u015frolde!Bilim kurgu, okurlar\u0131n hayal g\u00fcc\u00fcn\u00fc en \u00e7ok harekete ge\u00e7iren, \u00e7izerlere ve senaristlere her zaman ilham veren edebi t\u00fcrlerden biridir. Disney kahramanlar\u0131 y\u0131ld\u0131zlar\u0131n, gezegenlerin, uzayl\u0131lar\u0131n ve robotlar\u0131n aras\u0131nda istedikleri gibi hareket edebilirler. Galaksinin s\u0131n\u0131rlar\u0131na ula\u015fmak ya da evin bah\u00e7esinde ya\u015fanan uzayl\u0131 istilas\u0131na kar\u015f\u0131 koymak gerekti\u011finde Mickey, Donald Amca ve arkada\u015flar\u0131 bu fantastik maceralar\u0131 kendilerine \u00f6zg\u00fc bir mizahla m\u00fckemmel bir \u015fekilde yorumlayabilirler.Birbirinden yetenekli senaristlerin ve \u00e7izerlerin birlikte haz\u0131rlad\u0131\u011f\u0131, her ya\u015ftan okuru, Disney d\u00fcnyas\u0131n\u0131n \u00e7izgi \u00f6yk\u00fclerinin nostaljik d\u00fcnyas\u0131na davet eden bu harika kitapta Disney\u2019in ba\u015fkahramanlar\u0131 bir kez daha yeni maceralara at\u0131l\u0131p ufkumuzu geni\u015fletecekler.Bilim kurgu t\u00fcr\u00fcn\u00fcn sevilen maceralar\u0131ndan olu\u015fturulmu\u015f bu derlemenin en e\u011flenceli yan\u0131 da Disney \u00e7izerlerinin uzayl\u0131 \u201ckom\u015fular\u0131m\u0131z\u201d i\u00e7in kurgulad\u0131klar\u0131 fiziksel \u00f6zelliklere tan\u0131k olmam\u0131z: a\u011fa\u00e7lara benzeyen uzayl\u0131lar ve okyanuslar\u0131n dibinde ya\u015fayan dev kalamarlara benzeyen uzayl\u0131lar, tuhaf \u00e7orbalar yiyen t\u00fcrler, gezegenler aras\u0131 toplu ta\u015f\u0131ma yapan ara\u00e7lar\u0131n tamirinde uzmanla\u015fm\u0131\u015f t\u00fcrler&#8230;G\u00f6ky\u00fcz\u00fcndeki y\u0131ld\u0131zlara bakt\u0131\u011f\u0131n\u0131zda onu ister b\u00fcy\u00fck bir gizem olarak g\u00f6r\u00fcn, ister uzayl\u0131lar\u0131n aram\u0131zda ya\u015famas\u0131n\u0131 normal bir durum olarak kabul edin, bu b\u00fcy\u00fcl\u00fc maceralar sizi dudaklar\u0131n\u0131zda kocaman bir g\u00fcl\u00fcmsemeyle galakside bir gezintiye \u00e7\u0131karacak!<\/p>\n","protected":false},"excerpt":{"rendered":"<p>Disney d\u00fcnyas\u0131n\u0131n en sevilen kahramanlar\u0131ndan Mickey ve arkada\u015flar\u0131En G\u00fczel Maceralar \u00e7izgi \u00f6yk\u00fcler serisinde ba\u015frolde!Bilim kurgu, okurlar\u0131n hayal g\u00fcc\u00fcn\u00fc en \u00e7ok harekete ge\u00e7iren, \u00e7izerlere ve senaristlere her<span class=\"excerpt-hellip\"> [\u2026]<\/span><\/p>\n","protected":false},"featured_media":0,"template":"","meta":{"_monsterinsights_skip_tracking":false,"_monsterinsights_sitenote_active":false,"_monsterinsights_sitenote_note":"","_monsterinsights_sitenote_category":0},"product_brand":[],"product_cat":[12274,12284],"product_tag":[],"class_list":{"0":"post-716564","1":"product","2":"type-product","3":"status-publish","5":"product_cat-cocuk-ve-genclik-kitaplari","6":"product_cat-hikayeler","7":"pa_cilt-ciltsiz","8":"pa_tur-kitap","9":"pa_yayinevi-beta-kids","10":"pa_yazar-kolektif","12":"first","13":"instock","14":"sale","15":"shipping-taxable","16":"purchasable","17":"product-type-simple"},"_links":{"self":[{"href":"https:\/\/roveyayinevi.com.tr\/index.php\/wp-json\/wp\/v2\/product\/716564","targetHints":{"allow":["GET"]}}],"collection":[{"href":"https:\/\/roveyayinevi.com.tr\/index.php\/wp-json\/wp\/v2\/product"}],"about":[{"href":"https:\/\/roveyayinevi.com.tr\/index.php\/wp-json\/wp\/v2\/types\/product"}],"wp:attachment":[{"href":"https:\/\/roveyayinevi.com.tr\/index.php\/wp-json\/wp\/v2\/media?parent=716564"}],"wp:term":[{"taxonomy":"product_brand","embeddable":true,"href":"https:\/\/roveyayinevi.com.tr\/index.php\/wp-json\/wp\/v2\/product_brand?post=716564"},{"taxonomy":"product_cat","embeddable":true,"href":"https:\/\/roveyayinevi.com.tr\/index.php\/wp-json\/wp\/v2\/product_cat?post=716564"},{"taxonomy":"product_tag","embeddable":true,"href":"https:\/\/roveyayinevi.com.tr\/index.php\/wp-json\/wp\/v2\/product_tag?post=716564"}],"curies":[{"name":"wp","href":"https:\/\/api.w.org\/{rel}","templated":true}]}}