{"id":716562,"date":"2025-08-27T17:44:08","date_gmt":"2025-08-27T14:44:08","guid":{"rendered":"https:\/\/roveyayinevi.com.tr\/index.php\/urun\/donemecler\/"},"modified":"2026-04-11T13:44:01","modified_gmt":"2026-04-11T10:44:01","slug":"donemecler","status":"publish","type":"product","link":"https:\/\/roveyayinevi.com.tr\/index.php\/urun\/donemecler\/","title":{"rendered":"D\u00f6neme\u00e7ler"},"content":{"rendered":"<p>Ya\u015far Kaplan, ilk bask\u0131s\u0131 1976 y\u0131l\u0131nda yap\u0131lan D\u00f6neme\u00e7ler\u2019de, tek parti d\u00f6neminden 1970\u2019lere T\u00fcrkiye\u2019nin hik\u00e2yesini, e\u015fine az rastlan\u0131r bir g\u00f6zlem g\u00fcc\u00fc ve dil maharetiyle ortaya koyuyor. D\u00f6neme\u00e7ler, Anadolu\u2019nun o zengin, renkli masals\u0131 anlat\u0131m\u0131n\u0131; modern \u00f6yk\u00fcn\u00fcn realist dilini ve distopyalara has alegorik atmosfer in\u015fas\u0131n\u0131 ayn\u0131 ustal\u0131kla \u00f6yk\u00fclerinde kullanmay\u0131 ba\u015faran usta bir yazar\u0131n yay\u0131mlanan ilk eseri, i\u00e7erik zenginli\u011fiyle yay\u0131mland\u0131\u011f\u0131 y\u0131lda b\u00fct\u00fcn dikkatleri \u00fczerine \u00e7eken bir i\u015faret fi\u015fe\u011fi. Uzun y\u0131llard\u0131r gurbette olan usta \u00f6yk\u00fcc\u00fc, ilk kitab\u0131n\u0131n yeni bask\u0131s\u0131yla onu hasretle bekleyen okuruna yeniden \u201cmerhaba\u201d diyor. \u201cHakikati hay\u00e2lete ve hay\u00e2leti hakikate \u00e7evirme. Hay\u00e2letlerden bunal\u0131rsan, hayallerine hicret et. \u00c7\u0131kmaz yoldan \u00e7\u0131kar yola hicret et. H\u00e2inden d\u00eev\u00e2neye, vatan d\u00eev\u00e2nesine hicret et. Mutlak kav\u00ee ol \u00eeman\u0131nda. \u00cemanda hicran varsa, hicranda buhran vard\u0131r. Buhranl\u0131 devranda h\u00fcsran vard\u0131r. H\u00fcsrandan sonra tufan vard\u0131r. B\u0131rakma ge\u00e7mi\u015fi, ka\u00e7\u0131rma gelece\u011fi. B\u00fcy\u00fck d\u00fc\u015f\u00fcnceyi her durumda hat\u0131rla, b\u00fct\u00fcn benli\u011finle inan buna: Medeniyet durdurulamaz, insan susturulamaz, vicdan kurutulamaz. Yaln\u0131z olmad\u0131\u011f\u0131n\u0131 idrak et. Sefere niyet et, davran ve sebat et. Servetini heb\u00e2 etme, emanetini kirletme. N\u00e2merdin kar\u015f\u0131s\u0131nda b\u00fck\u00fclme. D\u00f6neme\u00e7lerinde d\u00f6k\u00fclme.\u201d <\/p>\n","protected":false},"excerpt":{"rendered":"<p>Ya\u015far Kaplan, ilk bask\u0131s\u0131 1976 y\u0131l\u0131nda yap\u0131lan D\u00f6neme\u00e7ler\u2019de, tek parti d\u00f6neminden 1970\u2019lere T\u00fcrkiye\u2019nin hik\u00e2yesini, e\u015fine az rastlan\u0131r bir g\u00f6zlem g\u00fcc\u00fc ve dil maharetiyle ortaya koyuyor. D\u00f6neme\u00e7ler,<span class=\"excerpt-hellip\"> [\u2026]<\/span><\/p>\n","protected":false},"featured_media":0,"template":"","meta":{"_monsterinsights_skip_tracking":false,"_monsterinsights_sitenote_active":false,"_monsterinsights_sitenote_note":"","_monsterinsights_sitenote_category":0},"product_brand":[],"product_cat":[12291,12711],"product_tag":[],"class_list":{"0":"post-716562","1":"product","2":"type-product","3":"status-publish","5":"product_cat-edebiyat","6":"product_cat-roman-oyku","7":"pa_cilt-ciltsiz","8":"pa_tur-kitap","9":"pa_yayinevi-ketebe-yayinlari","10":"pa_yazar-yasar-kaplan","12":"first","13":"instock","14":"sale","15":"shipping-taxable","16":"purchasable","17":"product-type-simple"},"_links":{"self":[{"href":"https:\/\/roveyayinevi.com.tr\/index.php\/wp-json\/wp\/v2\/product\/716562","targetHints":{"allow":["GET"]}}],"collection":[{"href":"https:\/\/roveyayinevi.com.tr\/index.php\/wp-json\/wp\/v2\/product"}],"about":[{"href":"https:\/\/roveyayinevi.com.tr\/index.php\/wp-json\/wp\/v2\/types\/product"}],"wp:attachment":[{"href":"https:\/\/roveyayinevi.com.tr\/index.php\/wp-json\/wp\/v2\/media?parent=716562"}],"wp:term":[{"taxonomy":"product_brand","embeddable":true,"href":"https:\/\/roveyayinevi.com.tr\/index.php\/wp-json\/wp\/v2\/product_brand?post=716562"},{"taxonomy":"product_cat","embeddable":true,"href":"https:\/\/roveyayinevi.com.tr\/index.php\/wp-json\/wp\/v2\/product_cat?post=716562"},{"taxonomy":"product_tag","embeddable":true,"href":"https:\/\/roveyayinevi.com.tr\/index.php\/wp-json\/wp\/v2\/product_tag?post=716562"}],"curies":[{"name":"wp","href":"https:\/\/api.w.org\/{rel}","templated":true}]}}