{"id":716561,"date":"2025-08-27T17:44:07","date_gmt":"2025-08-27T14:44:07","guid":{"rendered":"https:\/\/roveyayinevi.com.tr\/index.php\/urun\/efil-ekonomi-arastirmalari-dergisi-cilt-1-sayi-4\/"},"modified":"2026-04-16T02:24:41","modified_gmt":"2026-04-15T23:24:41","slug":"efil-ekonomi-arastirmalari-dergisi-cilt-1-sayi-4","status":"publish","type":"product","link":"https:\/\/roveyayinevi.com.tr\/index.php\/urun\/efil-ekonomi-arastirmalari-dergisi-cilt-1-sayi-4\/","title":{"rendered":"Efil Ekonomi Ara\u015ft\u0131rmalar\u0131 Dergisi; Cilt: 1 Say\u0131 4"},"content":{"rendered":"<p>1. Cilt 4. Say\u0131 \u0130\u00e7eri\u011fi: Prof. Dr. Alicia Puyana Mutis, Dr. Katya Perez Guzman &#8211; Latin American Neoextractivismo: Split or Depending of the Liberal Model of the Economy? Anahtar Kelimeler: Ekstraktivizm, Hollandal\u0131 Sendromu, Latin Amerika, Do\u011fal Kaynak Laneti, Johansen E\u015f B\u00fct\u00fcnleme Testi   Prof. Dr. \u00d6ner G\u00fcn\u00e7avd\u0131, Do\u00e7. Dr. Ay\u015fe Aylin Ba\u015far \u2013 T\u00fcrkiye\u2019de Sanayisizle\u015fme ve Yoksulluk Anahtar Kelimeler:Sanayisizle\u015fme, Yoksulluk, T\u00fcrkiye, Ravallion-Huppi Ayr\u0131\u015ft\u0131rma   Prof. Dr. A. Suut Do\u011fruel, Prof. Dr. Fatma Do\u011fruel &#8211; T\u00fcrkiye\u2019de B\u00f6lgeler ve Sekt\u00f6rler Aras\u0131nda Verimlilik ve \u00dccret Farkl\u0131l\u0131klar\u0131 Anahtar Kelimeler:B\u00f6lgesel E\u015fitsizlikler, Verimlilik Farkl\u0131l\u0131klar\u0131, \u00dccret Farkl\u0131l\u0131klar\u0131   Prof. Dr. Cem Ba\u015flevent &#8211; Wealth Inequality in Turkey: What Can We Infer from the SILC? Anahtar Kelimeler:Servet E\u015fitsizli\u011fi, Hanehalk\u0131 Serveti, Ki\u015fisel Gelir, Sermayelendirme Methodu, T\u00fcrkiye   Do\u00e7. Dr. Ozan Bak\u0131\u015f, Do\u00e7. Dr. Sezgin Polat, Do\u00e7. Dr. Mustafa Ulus &#8211; T\u00fcrkiye\u2019de \u00c7al\u0131\u015f\u0131lan Saatlerin Da\u011f\u0131l\u0131m\u0131 ve De\u011fi\u015fimi Anahtar Kelimeler: T\u00fcrkiye, \u00c7al\u0131\u015f\u0131lan Saatler, \u0130\u015fg\u00fcc\u00fc Piyasas\u0131, \u0130stihdam <\/p>\n","protected":false},"excerpt":{"rendered":"<p>1. Cilt 4. Say\u0131 \u0130\u00e7eri\u011fi: Prof. Dr. Alicia Puyana Mutis, Dr. Katya Perez Guzman &#8211; Latin American Neoextractivismo: Split or Depending of the Liberal Model of<span class=\"excerpt-hellip\"> [\u2026]<\/span><\/p>\n","protected":false},"featured_media":0,"template":"","meta":{"_monsterinsights_skip_tracking":false,"_monsterinsights_sitenote_active":false,"_monsterinsights_sitenote_note":"","_monsterinsights_sitenote_category":0},"product_brand":[],"product_cat":[13527],"product_tag":[],"class_list":{"0":"post-716561","1":"product","2":"type-product","3":"status-publish","5":"product_cat-sureli-yayinlar","6":"pa_cilt-ciltsiz","7":"pa_tur-dergi","8":"pa_yayinevi-efil-yayinevi-dergi","9":"pa_yazar-kolektif","11":"first","12":"instock","13":"sale","14":"shipping-taxable","15":"purchasable","16":"product-type-simple"},"_links":{"self":[{"href":"https:\/\/roveyayinevi.com.tr\/index.php\/wp-json\/wp\/v2\/product\/716561","targetHints":{"allow":["GET"]}}],"collection":[{"href":"https:\/\/roveyayinevi.com.tr\/index.php\/wp-json\/wp\/v2\/product"}],"about":[{"href":"https:\/\/roveyayinevi.com.tr\/index.php\/wp-json\/wp\/v2\/types\/product"}],"wp:attachment":[{"href":"https:\/\/roveyayinevi.com.tr\/index.php\/wp-json\/wp\/v2\/media?parent=716561"}],"wp:term":[{"taxonomy":"product_brand","embeddable":true,"href":"https:\/\/roveyayinevi.com.tr\/index.php\/wp-json\/wp\/v2\/product_brand?post=716561"},{"taxonomy":"product_cat","embeddable":true,"href":"https:\/\/roveyayinevi.com.tr\/index.php\/wp-json\/wp\/v2\/product_cat?post=716561"},{"taxonomy":"product_tag","embeddable":true,"href":"https:\/\/roveyayinevi.com.tr\/index.php\/wp-json\/wp\/v2\/product_tag?post=716561"}],"curies":[{"name":"wp","href":"https:\/\/api.w.org\/{rel}","templated":true}]}}