{"id":716557,"date":"2025-08-27T17:44:05","date_gmt":"2025-08-27T14:44:05","guid":{"rendered":"https:\/\/roveyayinevi.com.tr\/index.php\/urun\/elma-agaci-kasabasi-sakinleri\/"},"modified":"2026-04-16T02:24:41","modified_gmt":"2026-04-15T23:24:41","slug":"elma-agaci-kasabasi-sakinleri","status":"publish","type":"product","link":"https:\/\/roveyayinevi.com.tr\/index.php\/urun\/elma-agaci-kasabasi-sakinleri\/","title":{"rendered":"Elma A\u011fac\u0131 Kasabas\u0131 Sakinleri"},"content":{"rendered":"<p>Bet\u00fcl Tar\u0131man, Elma A\u011fac\u0131 Kasabas\u0131 Sakinleri sanat masal\u0131 kitab\u0131n\u0131 unutamad\u0131\u011f\u0131 \u00e7ocukluk arkada\u015flar\u0131na adam\u0131\u015f. Kitab\u0131n kahramanlar\u0131 G\u00fczel, G\u00f6z, G\u00fcler Y\u00fcz, R\u00fczg\u00e2rl\u0131 Bulut, R\u00fczg\u00e2r, \u0130nci Di\u015f. Biraz daha sayal\u0131m: \u00d6fkeli, Ne\u015feli, Duygulu, Sayg\u0131l\u0131, Sert Pen\u00e7e, Koca Kulak. Bu kadar m\u0131? Cesur Y\u00fcrek, Z\u0131pz\u0131p, Dikkatli, Merakl\u0131, \u015eirin, Tela\u015fl\u0131. Unuttu\u011fumuz biri daha var: Dost. Biraz daha ipucu verirsem kitab\u0131 okumak i\u00e7in merak\u0131n\u0131z azabilir. Yaln\u0131zca \u015funu s\u00f6yleyebilirim: Bu kitap insanl\u0131\u011f\u0131n en \u00f6nemli de\u011ferlerinden ikisini, birlikte ya\u015famay\u0131 ve dostlu\u011fu anlat\u0131yor. Erdo\u011fan O\u011fultekin\u2019in resimleri ise bu dostlu\u011fa ortak olman\u0131z\u0131 kolayla\u015ft\u0131r\u0131yor. Kitap sizi bekliyor.Edebiyat, duygular\u0131 ve d\u00fc\u015f\u00fcnceleri en k\u0131sa yoldan ve en g\u00fczel \u015fekilde anlatma sanat\u0131d\u0131r. \u015eiir, en g\u00fczel s\u00f6z sanat\u0131, masal ise d\u00fc\u015fsel yolculuktur. Elma A\u011fac\u0131 Kasabas\u0131 Sakinleri kitab\u0131 okuru yolculu\u011fa \u00e7\u0131karan bir sanat masal\u0131 kitab\u0131d\u0131r. \u015eair Bet\u00fcl Tar\u0131man ger\u00e7ek d\u00fcnyada tan\u0131d\u0131\u011f\u0131 kahramanlar\u0131n d\u00fc\u015fsel yolculu\u011funa \u00e7a\u011f\u0131r\u0131yor bizi. Bu kitab\u0131n yazar\u0131, kahramanlar\u0131n ne kadar ger\u00e7ek ne kadar d\u00fc\u015fsel olduklar\u0131n\u0131 arada \u015fiirle sezdiriyor bize. Bu y\u00fczden elma a\u011fac\u0131 kasabas\u0131 bazen ya\u015fad\u0131\u011f\u0131m\u0131z kasabaya bazen de bir masal \u00fclkesine d\u00f6n\u00fc\u015f\u00fcyor. Neyi mi anlat\u0131yor kitap? Dostlu\u011fu ve birlikte ya\u015famay\u0131\u2026<\/p>\n","protected":false},"excerpt":{"rendered":"<p>Bet\u00fcl Tar\u0131man, Elma A\u011fac\u0131 Kasabas\u0131 Sakinleri sanat masal\u0131 kitab\u0131n\u0131 unutamad\u0131\u011f\u0131 \u00e7ocukluk arkada\u015flar\u0131na adam\u0131\u015f. Kitab\u0131n kahramanlar\u0131 G\u00fczel, G\u00f6z, G\u00fcler Y\u00fcz, R\u00fczg\u00e2rl\u0131 Bulut, R\u00fczg\u00e2r, \u0130nci Di\u015f. Biraz daha<span class=\"excerpt-hellip\"> [\u2026]<\/span><\/p>\n","protected":false},"featured_media":0,"template":"","meta":{"_monsterinsights_skip_tracking":false,"_monsterinsights_sitenote_active":false,"_monsterinsights_sitenote_note":"","_monsterinsights_sitenote_category":0},"product_brand":[],"product_cat":[12274,12523],"product_tag":[],"class_list":{"0":"post-716557","1":"product","2":"type-product","3":"status-publish","5":"product_cat-cocuk-ve-genclik-kitaplari","6":"product_cat-masallar","7":"pa_cilt-ciltsiz","8":"pa_tur-kitap","9":"pa_yayinevi-ucan-at","10":"pa_yazar-betul-tariman","12":"first","13":"instock","14":"sale","15":"shipping-taxable","16":"purchasable","17":"product-type-simple"},"_links":{"self":[{"href":"https:\/\/roveyayinevi.com.tr\/index.php\/wp-json\/wp\/v2\/product\/716557","targetHints":{"allow":["GET"]}}],"collection":[{"href":"https:\/\/roveyayinevi.com.tr\/index.php\/wp-json\/wp\/v2\/product"}],"about":[{"href":"https:\/\/roveyayinevi.com.tr\/index.php\/wp-json\/wp\/v2\/types\/product"}],"wp:attachment":[{"href":"https:\/\/roveyayinevi.com.tr\/index.php\/wp-json\/wp\/v2\/media?parent=716557"}],"wp:term":[{"taxonomy":"product_brand","embeddable":true,"href":"https:\/\/roveyayinevi.com.tr\/index.php\/wp-json\/wp\/v2\/product_brand?post=716557"},{"taxonomy":"product_cat","embeddable":true,"href":"https:\/\/roveyayinevi.com.tr\/index.php\/wp-json\/wp\/v2\/product_cat?post=716557"},{"taxonomy":"product_tag","embeddable":true,"href":"https:\/\/roveyayinevi.com.tr\/index.php\/wp-json\/wp\/v2\/product_tag?post=716557"}],"curies":[{"name":"wp","href":"https:\/\/api.w.org\/{rel}","templated":true}]}}