{"id":716554,"date":"2025-08-27T17:44:03","date_gmt":"2025-08-27T14:44:03","guid":{"rendered":"https:\/\/roveyayinevi.com.tr\/index.php\/urun\/bir-mavera-sairi\/"},"modified":"2026-04-16T02:24:41","modified_gmt":"2026-04-15T23:24:41","slug":"bir-mavera-sairi","status":"publish","type":"product","link":"https:\/\/roveyayinevi.com.tr\/index.php\/urun\/bir-mavera-sairi\/","title":{"rendered":"Bir Mavera \u015eairi"},"content":{"rendered":"<p>Bir neslin \u2018a\u011fabeyi\u2019 olarak bilinen Erdem Bayaz\u0131t, T\u00fcrk \u015fiirinin \u00f6nemli isimlerinden biridir. Gerek \u00fcslup gereksei\u00e7erik olarak modern T\u00fcrk \u015fiirinin gelenekle ba\u011f\u0131n\u0131 kurmas\u0131nda model olu\u015fturan eserleri, yap\u0131 bak\u0131m\u0131ndan da zengin bir g\u00f6r\u00fcn\u00fcme sahiptir. Basit ideolojik kal\u0131plara tak\u0131l\u0131p kalmayan \u015fair, \u015fiirin yapayl\u0131ktan do\u011fall\u0131\u011fa d\u00f6n\u00fc\u015f\u00fcn\u00fcn de bir m\u00fcjdecisi olmu\u015ftur.Bir Mavera \u015eairi: Erdem Bayaz\u0131t\u2019\u0131n \u015eiiri, \u015fairin dizeleri arac\u0131l\u0131\u011f\u0131yla bizlere ya\u015fatt\u0131\u011f\u0131 anlam zenginli\u011fine \u0131\u015f\u0131k tutan bir rehberdir.<\/p>\n","protected":false},"excerpt":{"rendered":"<p>Bir neslin \u2018a\u011fabeyi\u2019 olarak bilinen Erdem Bayaz\u0131t, T\u00fcrk \u015fiirinin \u00f6nemli isimlerinden biridir. Gerek \u00fcslup gereksei\u00e7erik olarak modern T\u00fcrk \u015fiirinin gelenekle ba\u011f\u0131n\u0131 kurmas\u0131nda model olu\u015fturan eserleri, yap\u0131<span class=\"excerpt-hellip\"> [\u2026]<\/span><\/p>\n","protected":false},"featured_media":0,"template":"","meta":{"_monsterinsights_skip_tracking":false,"_monsterinsights_sitenote_active":false,"_monsterinsights_sitenote_note":"","_monsterinsights_sitenote_category":0},"product_brand":[],"product_cat":[13072,12291],"product_tag":[],"class_list":{"0":"post-716554","1":"product","2":"type-product","3":"status-publish","5":"product_cat-arastirma-inceleme-referans","6":"product_cat-edebiyat","7":"pa_cilt-ciltsiz","8":"pa_tur-kitap","9":"pa_yayinevi-ideal-kultur-yayincilik","10":"pa_yazar-ahmet-uslu","12":"first","13":"instock","14":"sale","15":"shipping-taxable","16":"purchasable","17":"product-type-simple"},"_links":{"self":[{"href":"https:\/\/roveyayinevi.com.tr\/index.php\/wp-json\/wp\/v2\/product\/716554","targetHints":{"allow":["GET"]}}],"collection":[{"href":"https:\/\/roveyayinevi.com.tr\/index.php\/wp-json\/wp\/v2\/product"}],"about":[{"href":"https:\/\/roveyayinevi.com.tr\/index.php\/wp-json\/wp\/v2\/types\/product"}],"wp:attachment":[{"href":"https:\/\/roveyayinevi.com.tr\/index.php\/wp-json\/wp\/v2\/media?parent=716554"}],"wp:term":[{"taxonomy":"product_brand","embeddable":true,"href":"https:\/\/roveyayinevi.com.tr\/index.php\/wp-json\/wp\/v2\/product_brand?post=716554"},{"taxonomy":"product_cat","embeddable":true,"href":"https:\/\/roveyayinevi.com.tr\/index.php\/wp-json\/wp\/v2\/product_cat?post=716554"},{"taxonomy":"product_tag","embeddable":true,"href":"https:\/\/roveyayinevi.com.tr\/index.php\/wp-json\/wp\/v2\/product_tag?post=716554"}],"curies":[{"name":"wp","href":"https:\/\/api.w.org\/{rel}","templated":true}]}}