{"id":716553,"date":"2025-08-27T17:44:02","date_gmt":"2025-08-27T14:44:02","guid":{"rendered":"https:\/\/roveyayinevi.com.tr\/index.php\/urun\/buyuk-degisim-populist-otoriterlesme\/"},"modified":"2026-04-16T02:24:41","modified_gmt":"2026-04-15T23:24:41","slug":"buyuk-degisim-populist-otoriterlesme","status":"publish","type":"product","link":"https:\/\/roveyayinevi.com.tr\/index.php\/urun\/buyuk-degisim-populist-otoriterlesme\/","title":{"rendered":"B\u00fcy\u00fck De\u011fi\u015fim &#8211; Pop\u00fclist Otoriterle\u015fme"},"content":{"rendered":"<p>Elinizdeki bu kitapta Mustafa Durmu\u015f, sadece T\u00fcrkiye\u2019deki \u201ctersine gidi\u015fi\u201d yetkin bir \u015fekilde tahlil etmiyor, ayn\u0131 zamanda d\u00fcnya sisteminin i\u00e7ine s\u00fcr\u00fcklendi\u011fi \u00e7\u0131kmazla T\u00fcrkiye\u2019nin \u201cderin krizi\u201d aras\u0131ndaki ili\u015fkiyi de a\u00e7\u0131k ediyor. B\u00fct\u00fcnle par\u00e7a aras\u0131ndaki belirleyicilik ili\u015fkisine g\u00f6nderme yap\u0131yor. 2008 krizi sonras\u0131nda uygulanan politikalar\u0131n, d\u00fcnya ekonomisinin krizini a\u015fmak \u015furada dursun, daha kapsaml\u0131 bir krizin ko\u015fullar\u0131n\u0131 yaratt\u0131\u011f\u0131n\u0131 ileri s\u00fcr\u00fcyor. \u015eeyleri anlamadan de\u011fi\u015ftirmek m\u00fcmk\u00fcn de\u011fildir. Anlamak da radikal ele\u015ftiriyi varsayar. Bo\u015funa \u201cradikal olmak, sorunlar\u0131 k\u00f6keninde ele almakt\u0131r\u201d denmemi\u015ftir. Radikal ele\u015ftiri hi\u00e7 bir zaman bug\u00fcnk\u00fc kadar gerekli olmad\u0131. Art\u0131k radikal ele\u015ftiriye hakk\u0131n\u0131 vermemiz gereken bir zamanday\u0131z. Do\u011frusu b\u00f6yle bir eser ortaya koydu\u011fu i\u00e7in Mustafa Durmu\u015f dostumuza ne kadar te\u015fekk\u00fcr etsek azd\u0131r.Fikret Ba\u015fkaya<\/p>\n","protected":false},"excerpt":{"rendered":"<p>Elinizdeki bu kitapta Mustafa Durmu\u015f, sadece T\u00fcrkiye\u2019deki \u201ctersine gidi\u015fi\u201d yetkin bir \u015fekilde tahlil etmiyor, ayn\u0131 zamanda d\u00fcnya sisteminin i\u00e7ine s\u00fcr\u00fcklendi\u011fi \u00e7\u0131kmazla T\u00fcrkiye\u2019nin \u201cderin krizi\u201d aras\u0131ndaki ili\u015fkiyi<span class=\"excerpt-hellip\"> [\u2026]<\/span><\/p>\n","protected":false},"featured_media":0,"template":"","meta":{"_monsterinsights_skip_tracking":false,"_monsterinsights_sitenote_active":false,"_monsterinsights_sitenote_note":"","_monsterinsights_sitenote_category":0},"product_brand":[],"product_cat":[14841,13043],"product_tag":[],"class_list":{"0":"post-716553","1":"product","2":"type-product","3":"status-publish","5":"product_cat-arastirma-inceleme-kuram","6":"product_cat-ekonomi","7":"pa_cilt-ciltsiz","8":"pa_tur-kitap","9":"pa_yayinevi-imge-kitabevi-yayinlari","10":"pa_yazar-mustafa-durmus","12":"first","13":"instock","14":"sale","15":"shipping-taxable","16":"purchasable","17":"product-type-simple"},"_links":{"self":[{"href":"https:\/\/roveyayinevi.com.tr\/index.php\/wp-json\/wp\/v2\/product\/716553","targetHints":{"allow":["GET"]}}],"collection":[{"href":"https:\/\/roveyayinevi.com.tr\/index.php\/wp-json\/wp\/v2\/product"}],"about":[{"href":"https:\/\/roveyayinevi.com.tr\/index.php\/wp-json\/wp\/v2\/types\/product"}],"wp:attachment":[{"href":"https:\/\/roveyayinevi.com.tr\/index.php\/wp-json\/wp\/v2\/media?parent=716553"}],"wp:term":[{"taxonomy":"product_brand","embeddable":true,"href":"https:\/\/roveyayinevi.com.tr\/index.php\/wp-json\/wp\/v2\/product_brand?post=716553"},{"taxonomy":"product_cat","embeddable":true,"href":"https:\/\/roveyayinevi.com.tr\/index.php\/wp-json\/wp\/v2\/product_cat?post=716553"},{"taxonomy":"product_tag","embeddable":true,"href":"https:\/\/roveyayinevi.com.tr\/index.php\/wp-json\/wp\/v2\/product_tag?post=716553"}],"curies":[{"name":"wp","href":"https:\/\/api.w.org\/{rel}","templated":true}]}}