{"id":716552,"date":"2025-08-27T17:44:01","date_gmt":"2025-08-27T14:44:01","guid":{"rendered":"https:\/\/roveyayinevi.com.tr\/index.php\/urun\/caylak-is-basinda\/"},"modified":"2026-04-15T02:33:33","modified_gmt":"2026-04-14T23:33:33","slug":"caylak-is-basinda","status":"publish","type":"product","link":"https:\/\/roveyayinevi.com.tr\/index.php\/urun\/caylak-is-basinda\/","title":{"rendered":"\u00c7aylak &#8211; \u0130\u015f Ba\u015f\u0131nda"},"content":{"rendered":"<p>Merhaba, ben \u00c7aylak. Ba\u015f\u0131ma i\u015f a\u00e7makta \u00fcst\u00fcme yoktur.Bu sefer de \u00fcbers\u00fcper s\u00fcper zeki dostum Mehmet Ali y\u00fcz\u00fcndenesnafa bor\u00e7land\u0131m! \u015eimdi annem duymadan bu i\u015fi halletmem\u015eART! (Annem \u015eermin-at\u00f6r\u2019\u00fc tan\u0131san sen de elini \u00e7abuk tutard\u0131n.)Neyse, \u00e7ok vaktim yok; gitmem gerek!Haydi \u00c7aylak i\u015f ba\u015f\u0131na !Merhaba, ben \u00c7aylak!3 deyince maceraya ba\u015fl\u0131yoruz.1&#8230; 2&#8230; veeee 3!<\/p>\n","protected":false},"excerpt":{"rendered":"<p>Merhaba, ben \u00c7aylak. Ba\u015f\u0131ma i\u015f a\u00e7makta \u00fcst\u00fcme yoktur.Bu sefer de \u00fcbers\u00fcper s\u00fcper zeki dostum Mehmet Ali y\u00fcz\u00fcndenesnafa bor\u00e7land\u0131m! \u015eimdi annem duymadan bu i\u015fi halletmem\u015eART! (Annem \u015eermin-at\u00f6r\u2019\u00fc<span class=\"excerpt-hellip\"> [\u2026]<\/span><\/p>\n","protected":false},"featured_media":0,"template":"","meta":{"_monsterinsights_skip_tracking":false,"_monsterinsights_sitenote_active":false,"_monsterinsights_sitenote_note":"","_monsterinsights_sitenote_category":0},"product_brand":[],"product_cat":[12274,12284],"product_tag":[],"class_list":{"0":"post-716552","1":"product","2":"type-product","3":"status-publish","5":"product_cat-cocuk-ve-genclik-kitaplari","6":"product_cat-hikayeler","7":"pa_cilt-ciltsiz","8":"pa_tur-kitap","9":"pa_yayinevi-yakamoz-yayinevi","10":"pa_yazar-deniz-eroztoprak","12":"first","13":"instock","14":"sale","15":"shipping-taxable","16":"purchasable","17":"product-type-simple"},"_links":{"self":[{"href":"https:\/\/roveyayinevi.com.tr\/index.php\/wp-json\/wp\/v2\/product\/716552","targetHints":{"allow":["GET"]}}],"collection":[{"href":"https:\/\/roveyayinevi.com.tr\/index.php\/wp-json\/wp\/v2\/product"}],"about":[{"href":"https:\/\/roveyayinevi.com.tr\/index.php\/wp-json\/wp\/v2\/types\/product"}],"wp:attachment":[{"href":"https:\/\/roveyayinevi.com.tr\/index.php\/wp-json\/wp\/v2\/media?parent=716552"}],"wp:term":[{"taxonomy":"product_brand","embeddable":true,"href":"https:\/\/roveyayinevi.com.tr\/index.php\/wp-json\/wp\/v2\/product_brand?post=716552"},{"taxonomy":"product_cat","embeddable":true,"href":"https:\/\/roveyayinevi.com.tr\/index.php\/wp-json\/wp\/v2\/product_cat?post=716552"},{"taxonomy":"product_tag","embeddable":true,"href":"https:\/\/roveyayinevi.com.tr\/index.php\/wp-json\/wp\/v2\/product_tag?post=716552"}],"curies":[{"name":"wp","href":"https:\/\/api.w.org\/{rel}","templated":true}]}}