{"id":716551,"date":"2025-08-27T17:44:00","date_gmt":"2025-08-27T14:44:00","guid":{"rendered":"https:\/\/roveyayinevi.com.tr\/index.php\/urun\/demokratik-toplumlarda-siyasal-siddet-ve-terorizm\/"},"modified":"2026-04-16T02:24:41","modified_gmt":"2026-04-15T23:24:41","slug":"demokratik-toplumlarda-siyasal-siddet-ve-terorizm","status":"publish","type":"product","link":"https:\/\/roveyayinevi.com.tr\/index.php\/urun\/demokratik-toplumlarda-siyasal-siddet-ve-terorizm\/","title":{"rendered":"Demokratik Toplumlarda Siyasal \u015eiddet ve Ter\u00f6rizm"},"content":{"rendered":"<p>Bu \u00e7al\u0131\u015fmada, g\u00fcn\u00fcm\u00fcz istikrarl\u0131 demokrasilerini bile tehdit eden siyasal \u015fiddet ile onun etkili silah\u0131 olan ter\u00f6r \u00fczerine yo\u011funla\u015f\u0131lm\u0131\u015ft\u0131r. Demokratik siyasal iktidar\u0131n s\u0131n\u0131rl\u0131l\u0131\u011f\u0131 ve me\u015fru g\u00fc\u00e7\/zor kullan\u0131m\u0131ndan hareketle; \u015fiddet, siyasal \u015fiddet, ter\u00f6r ve ter\u00f6rizm kavramlar\u0131n\u0131n farkl\u0131l\u0131klar\u0131 ortaya konarak teorik tart\u0131\u015fmalara yer verilmi\u015f; ter\u00f6r\/ter\u00f6rizm alg\u0131s\u0131n\u0131n ve ter\u00f6r\/ter\u00f6rizmle m\u00fccadeleye y\u00f6nelik tutum ve davran\u0131\u015flar\u0131n ne y\u00f6nde olu\u015ftu\u011fu, \u015fekillendi\u011fi ele al\u0131nm\u0131\u015ft\u0131r. Ayr\u0131ca, demokrasiyi istikrars\u0131z k\u0131lmak ad\u0131na ona kar\u015f\u0131 kurals\u0131z sava\u015f a\u00e7an siyasal \u015fiddet ve ter\u00f6rizme kar\u015f\u0131 demokrasilerin kendini savunmak amac\u0131yla alaca\u011f\u0131 tedbirler \u00fczerinden \u00e7\u00f6z\u00fcm \u00f6nerileri getirilmi\u015f; \u00f6zellikle g\u00fcn\u00fcm\u00fcz demokrasilerileri a\u00e7\u0131s\u0131ndan siyasal \u015fiddet ve ter\u00f6rizmle m\u00fccadele ba\u011flam\u0131nda \u00f6nemli bir konu olan toplumsal b\u00fct\u00fcnle\u015fme olgusu incelenmi\u015ftir.<\/p>\n","protected":false},"excerpt":{"rendered":"<p>Bu \u00e7al\u0131\u015fmada, g\u00fcn\u00fcm\u00fcz istikrarl\u0131 demokrasilerini bile tehdit eden siyasal \u015fiddet ile onun etkili silah\u0131 olan ter\u00f6r \u00fczerine yo\u011funla\u015f\u0131lm\u0131\u015ft\u0131r. Demokratik siyasal iktidar\u0131n s\u0131n\u0131rl\u0131l\u0131\u011f\u0131 ve me\u015fru g\u00fc\u00e7\/zor kullan\u0131m\u0131ndan<span class=\"excerpt-hellip\"> [\u2026]<\/span><\/p>\n","protected":false},"featured_media":0,"template":"","meta":{"_monsterinsights_skip_tracking":false,"_monsterinsights_sitenote_active":false,"_monsterinsights_sitenote_note":"","_monsterinsights_sitenote_category":0},"product_brand":[],"product_cat":[13590,12337],"product_tag":[],"class_list":{"0":"post-716551","1":"product","2":"type-product","3":"status-publish","5":"product_cat-arastirma-inceleme-politika-siyaset","6":"product_cat-politika-siyaset","7":"pa_cilt-ciltsiz","8":"pa_tur-kitap","9":"pa_yayinevi-kilit-yayinevi","10":"pa_yazar-y-furkan-sen","12":"first","13":"instock","14":"sale","15":"shipping-taxable","16":"purchasable","17":"product-type-simple"},"_links":{"self":[{"href":"https:\/\/roveyayinevi.com.tr\/index.php\/wp-json\/wp\/v2\/product\/716551","targetHints":{"allow":["GET"]}}],"collection":[{"href":"https:\/\/roveyayinevi.com.tr\/index.php\/wp-json\/wp\/v2\/product"}],"about":[{"href":"https:\/\/roveyayinevi.com.tr\/index.php\/wp-json\/wp\/v2\/types\/product"}],"wp:attachment":[{"href":"https:\/\/roveyayinevi.com.tr\/index.php\/wp-json\/wp\/v2\/media?parent=716551"}],"wp:term":[{"taxonomy":"product_brand","embeddable":true,"href":"https:\/\/roveyayinevi.com.tr\/index.php\/wp-json\/wp\/v2\/product_brand?post=716551"},{"taxonomy":"product_cat","embeddable":true,"href":"https:\/\/roveyayinevi.com.tr\/index.php\/wp-json\/wp\/v2\/product_cat?post=716551"},{"taxonomy":"product_tag","embeddable":true,"href":"https:\/\/roveyayinevi.com.tr\/index.php\/wp-json\/wp\/v2\/product_tag?post=716551"}],"curies":[{"name":"wp","href":"https:\/\/api.w.org\/{rel}","templated":true}]}}