{"id":716550,"date":"2025-08-27T17:44:00","date_gmt":"2025-08-27T14:44:00","guid":{"rendered":"https:\/\/roveyayinevi.com.tr\/index.php\/urun\/sakin-gec-kalma-ergen-gel\/"},"modified":"2026-04-16T02:24:41","modified_gmt":"2026-04-15T23:24:41","slug":"sakin-gec-kalma-ergen-gel","status":"publish","type":"product","link":"https:\/\/roveyayinevi.com.tr\/index.php\/urun\/sakin-gec-kalma-ergen-gel\/","title":{"rendered":"Sak\u0131n Ge\u00e7 Kalma Ergen Gel"},"content":{"rendered":"<p>&#8220;E\u011fer bir g\u00fcn mutlaka kap\u0131n\u0131z\u0131 \u00e7alaca\u011f\u0131n\u0131 bildi\u011finiz ergenlik d\u00f6nemi i\u00e7in \u00f6nceden \u00f6nlem almazsan\u0131z bir deprem gibi gelir; sallar, sarsar hatta bazen y\u0131kar gider. Bu y\u0131k\u0131c\u0131 sonu\u00e7lar\u0131n sebebi, ergenlik d\u00f6neminin kendisi de\u011fil, bu d\u00f6neme haz\u0131rl\u0131ks\u0131z, donan\u0131ms\u0131z yakalanmakt\u0131r.&#8221;Yeti\u015fkinli\u011fe giden yolda, insan geli\u015fiminin en kritik viraj\u0131, ergenlik \u00e7a\u011f\u0131d\u0131r.Yazar bu kitapta bireyin kalan ya\u015fam\u0131nda nas\u0131l bir insan olarak yola devam edece\u011fini \u00f6nemli \u00f6l\u00e7\u00fcde etkileyecek ergenlik s\u00fcreci boyunca ebeveynlerin \u00e7ocuklar\u0131na nas\u0131l yard\u0131mc\u0131 olabileceklerini anlat\u0131yor.Her ebeveynin ba\u015fucu kitab\u0131 olacak, bize her sat\u0131r\u0131nda kendi ergenli\u011fimizi \u00e7a\u011fr\u0131\u015ft\u0131racak bu kitap; kurallardan sorumlulu\u011fa, etiketlemeden romantik ili\u015fkilere, cinsellikten ileti\u015fime bir\u00e7ok konuyu, ak\u0131c\u0131 ve yer yer mizahi bir dille anlat\u0131yor.Bir solukta okuyaca\u011f\u0131n\u0131z bu kitapta ergenli\u011fe dair t\u00fcm sorular\u0131n\u0131z\u0131n cevab\u0131n\u0131 bulacaks\u0131n\u0131z. <\/p>\n","protected":false},"excerpt":{"rendered":"<p>&#8220;E\u011fer bir g\u00fcn mutlaka kap\u0131n\u0131z\u0131 \u00e7alaca\u011f\u0131n\u0131 bildi\u011finiz ergenlik d\u00f6nemi i\u00e7in \u00f6nceden \u00f6nlem almazsan\u0131z bir deprem gibi gelir; sallar, sarsar hatta bazen y\u0131kar gider. Bu y\u0131k\u0131c\u0131 sonu\u00e7lar\u0131n<span class=\"excerpt-hellip\"> [\u2026]<\/span><\/p>\n","protected":false},"featured_media":0,"template":"","meta":{"_monsterinsights_skip_tracking":false,"_monsterinsights_sitenote_active":false,"_monsterinsights_sitenote_note":"","_monsterinsights_sitenote_category":0},"product_brand":[],"product_cat":[17996,12364],"product_tag":[],"class_list":{"0":"post-716550","1":"product","2":"type-product","3":"status-publish","5":"product_cat-ebeveyn-kitaplari","6":"product_cat-genel-konular","7":"pa_cilt-ciltsiz","8":"pa_tur-kitap","9":"pa_yayinevi-abis-yayincilik","10":"pa_yazar-emel-gokcen-celik","12":"first","13":"instock","14":"sale","15":"shipping-taxable","16":"purchasable","17":"product-type-simple"},"_links":{"self":[{"href":"https:\/\/roveyayinevi.com.tr\/index.php\/wp-json\/wp\/v2\/product\/716550","targetHints":{"allow":["GET"]}}],"collection":[{"href":"https:\/\/roveyayinevi.com.tr\/index.php\/wp-json\/wp\/v2\/product"}],"about":[{"href":"https:\/\/roveyayinevi.com.tr\/index.php\/wp-json\/wp\/v2\/types\/product"}],"wp:attachment":[{"href":"https:\/\/roveyayinevi.com.tr\/index.php\/wp-json\/wp\/v2\/media?parent=716550"}],"wp:term":[{"taxonomy":"product_brand","embeddable":true,"href":"https:\/\/roveyayinevi.com.tr\/index.php\/wp-json\/wp\/v2\/product_brand?post=716550"},{"taxonomy":"product_cat","embeddable":true,"href":"https:\/\/roveyayinevi.com.tr\/index.php\/wp-json\/wp\/v2\/product_cat?post=716550"},{"taxonomy":"product_tag","embeddable":true,"href":"https:\/\/roveyayinevi.com.tr\/index.php\/wp-json\/wp\/v2\/product_tag?post=716550"}],"curies":[{"name":"wp","href":"https:\/\/api.w.org\/{rel}","templated":true}]}}