{"id":716546,"date":"2025-08-27T17:43:57","date_gmt":"2025-08-27T14:43:57","guid":{"rendered":"https:\/\/roveyayinevi.com.tr\/index.php\/urun\/canavarlar-bile-dislerini-fircalar\/"},"modified":"2026-04-13T02:30:42","modified_gmt":"2026-04-12T23:30:42","slug":"canavarlar-bile-dislerini-fircalar","status":"publish","type":"product","link":"https:\/\/roveyayinevi.com.tr\/index.php\/urun\/canavarlar-bile-dislerini-fircalar\/","title":{"rendered":"Canavarlar Bile Di\u015flerini F\u0131r\u00e7alar"},"content":{"rendered":"<p>Canavarlar bile di\u015flerini f\u0131r\u00e7alar!Bana inanm\u0131yor musunuz?\u00d6yleyse bu kitab\u0131 a\u00e7\u0131n ve di\u015flerini f\u0131r\u00e7alamay\u0131 reddeden k\u00fc\u00e7\u00fck bir k\u0131z\u0131n ba\u015f\u0131na gelenleri \u00f6\u011frenin. Dikkatli olun, en korkun\u00e7 canavarlarla kar\u015f\u0131la\u015fabilirsiniz!<\/p>\n","protected":false},"excerpt":{"rendered":"<p>Canavarlar bile di\u015flerini f\u0131r\u00e7alar!Bana inanm\u0131yor musunuz?\u00d6yleyse bu kitab\u0131 a\u00e7\u0131n ve di\u015flerini f\u0131r\u00e7alamay\u0131 reddeden k\u00fc\u00e7\u00fck bir k\u0131z\u0131n ba\u015f\u0131na gelenleri \u00f6\u011frenin. Dikkatli olun, en korkun\u00e7 canavarlarla kar\u015f\u0131la\u015fabilirsiniz!<\/p>\n","protected":false},"featured_media":0,"template":"","meta":{"_monsterinsights_skip_tracking":false,"_monsterinsights_sitenote_active":false,"_monsterinsights_sitenote_note":"","_monsterinsights_sitenote_category":0},"product_brand":[],"product_cat":[12274,12284],"product_tag":[],"class_list":{"0":"post-716546","1":"product","2":"type-product","3":"status-publish","5":"product_cat-cocuk-ve-genclik-kitaplari","6":"product_cat-hikayeler","7":"pa_cilt-ciltsiz","8":"pa_tur-kitap","9":"pa_yayinevi-bilgi-yayinevi-cocuk","10":"pa_yazar-jessica-martinello","12":"first","13":"instock","14":"sale","15":"shipping-taxable","16":"purchasable","17":"product-type-simple"},"_links":{"self":[{"href":"https:\/\/roveyayinevi.com.tr\/index.php\/wp-json\/wp\/v2\/product\/716546","targetHints":{"allow":["GET"]}}],"collection":[{"href":"https:\/\/roveyayinevi.com.tr\/index.php\/wp-json\/wp\/v2\/product"}],"about":[{"href":"https:\/\/roveyayinevi.com.tr\/index.php\/wp-json\/wp\/v2\/types\/product"}],"wp:attachment":[{"href":"https:\/\/roveyayinevi.com.tr\/index.php\/wp-json\/wp\/v2\/media?parent=716546"}],"wp:term":[{"taxonomy":"product_brand","embeddable":true,"href":"https:\/\/roveyayinevi.com.tr\/index.php\/wp-json\/wp\/v2\/product_brand?post=716546"},{"taxonomy":"product_cat","embeddable":true,"href":"https:\/\/roveyayinevi.com.tr\/index.php\/wp-json\/wp\/v2\/product_cat?post=716546"},{"taxonomy":"product_tag","embeddable":true,"href":"https:\/\/roveyayinevi.com.tr\/index.php\/wp-json\/wp\/v2\/product_tag?post=716546"}],"curies":[{"name":"wp","href":"https:\/\/api.w.org\/{rel}","templated":true}]}}