{"id":716545,"date":"2025-08-27T17:43:57","date_gmt":"2025-08-27T14:43:57","guid":{"rendered":"https:\/\/roveyayinevi.com.tr\/index.php\/urun\/turk-destanlari-2\/"},"modified":"2026-04-16T02:24:41","modified_gmt":"2026-04-15T23:24:41","slug":"turk-destanlari-2","status":"publish","type":"product","link":"https:\/\/roveyayinevi.com.tr\/index.php\/urun\/turk-destanlari-2\/","title":{"rendered":"T\u00fcrk Destanlar\u0131"},"content":{"rendered":"<p>Zehra \u00dcn\u00fcvar, T\u00fcrk ulusunun Orta Asya\u2019dan Anadolu\u2019ya kadar uzanan yolculu\u011funda, geni\u015f bir co\u011frafyada s\u00f6ylenen destanlar\u0131 derleyip k\u0131saltarak g\u00fcn\u00fcm\u00fcz T\u00fcrk\u00e7esi ile sunuyor. Y\u00fczy\u0131llar boyunca a\u011f\u0131zdan a\u011fza s\u00f6ylenegelen bu destanlar\u0131n unutulmamas\u0131, \u00f6yk\u00fclerinin \u00e7ocuklara ve gen\u00e7lere ula\u015fmas\u0131 i\u00e7in e\u015fi bulunmaz bir eser.<\/p>\n","protected":false},"excerpt":{"rendered":"<p>Zehra \u00dcn\u00fcvar, T\u00fcrk ulusunun Orta Asya\u2019dan Anadolu\u2019ya kadar uzanan yolculu\u011funda, geni\u015f bir co\u011frafyada s\u00f6ylenen destanlar\u0131 derleyip k\u0131saltarak g\u00fcn\u00fcm\u00fcz T\u00fcrk\u00e7esi ile sunuyor. Y\u00fczy\u0131llar boyunca a\u011f\u0131zdan a\u011fza s\u00f6ylenegelen<span class=\"excerpt-hellip\"> [\u2026]<\/span><\/p>\n","protected":false},"featured_media":0,"template":"","meta":{"_monsterinsights_skip_tracking":false,"_monsterinsights_sitenote_active":false,"_monsterinsights_sitenote_note":"","_monsterinsights_sitenote_category":0},"product_brand":[],"product_cat":[12291,13706],"product_tag":[],"class_list":{"0":"post-716545","1":"product","2":"type-product","3":"status-publish","5":"product_cat-edebiyat","6":"product_cat-efsane-destan-masal","7":"pa_cilt-ciltsiz","8":"pa_tur-kitap","9":"pa_yayinevi-bilgi-yayinevi-cocuk","10":"pa_yazar-zehra-unuvar","12":"first","13":"instock","14":"sale","15":"shipping-taxable","16":"purchasable","17":"product-type-simple"},"_links":{"self":[{"href":"https:\/\/roveyayinevi.com.tr\/index.php\/wp-json\/wp\/v2\/product\/716545","targetHints":{"allow":["GET"]}}],"collection":[{"href":"https:\/\/roveyayinevi.com.tr\/index.php\/wp-json\/wp\/v2\/product"}],"about":[{"href":"https:\/\/roveyayinevi.com.tr\/index.php\/wp-json\/wp\/v2\/types\/product"}],"wp:attachment":[{"href":"https:\/\/roveyayinevi.com.tr\/index.php\/wp-json\/wp\/v2\/media?parent=716545"}],"wp:term":[{"taxonomy":"product_brand","embeddable":true,"href":"https:\/\/roveyayinevi.com.tr\/index.php\/wp-json\/wp\/v2\/product_brand?post=716545"},{"taxonomy":"product_cat","embeddable":true,"href":"https:\/\/roveyayinevi.com.tr\/index.php\/wp-json\/wp\/v2\/product_cat?post=716545"},{"taxonomy":"product_tag","embeddable":true,"href":"https:\/\/roveyayinevi.com.tr\/index.php\/wp-json\/wp\/v2\/product_tag?post=716545"}],"curies":[{"name":"wp","href":"https:\/\/api.w.org\/{rel}","templated":true}]}}