{"id":716543,"date":"2025-08-27T17:43:56","date_gmt":"2025-08-27T14:43:56","guid":{"rendered":"https:\/\/roveyayinevi.com.tr\/index.php\/urun\/araftaki-kafkasya\/"},"modified":"2026-04-16T02:24:41","modified_gmt":"2026-04-15T23:24:41","slug":"araftaki-kafkasya","status":"publish","type":"product","link":"https:\/\/roveyayinevi.com.tr\/index.php\/urun\/araftaki-kafkasya\/","title":{"rendered":"Araftaki Kafkasya"},"content":{"rendered":"<p>Kafkas halk\u0131n\u0131n \u00f6zg\u00fcrl\u00fck sava\u015flar\u0131, jeo-politik konumu nedeniyle her zaman uluslararas\u0131 politikalar\u0131n odak noktas\u0131 olmu\u015ftur. XIX. y\u00fczy\u0131lda ise Kafkasya yaln\u0131zca b\u00f6lge g\u00fc\u00e7leri olan Rusya, \u0130ran ve Osmanl\u0131 Devleti aras\u0131nda de\u011fil o zamanki d\u00fcnyan\u0131n s\u00f6m\u00fcrgeci g\u00fc\u00e7leri olan \u0130ngiltere ve Fransa aras\u0131nda da \u2018\u00c7erkes meselesi\u2019 ad\u0131 ile devleteler aras\u0131 askeri ve siyasi \u00e7\u0131karlar \u00e7at\u0131\u015fmalar\u0131nda kilit bir rol oynam\u0131\u015ft\u0131r. Oysa bu \u2018\u00c7erkes meselesi\u2019, s\u00f6z konusu devletlerin Hazar Denizi ile Karadeniz aras\u0131ndaki sahada \u00fcst\u00fcnl\u00fc\u011f\u00fc ele ge\u00e7irip Yak\u0131n ve Uzak Do\u011fu\u2019daki zengin s\u00f6m\u00fcrgelere hakim olma gayeleri i\u00e7in olu\u015fturduklar\u0131 bir sis perdesinden ibaretti.   Zengin bir ar\u015fiv \u00e7al\u0131\u015fmas\u0131 ile haz\u0131rlanan Araftaki Kafkasya, bu sis perdesini aralayarak, Kafkasya\u2019n\u0131n ad\u0131m ad\u0131m i\u015fgalinde Rusya, Kafkas halk\u0131 ve Osmanl\u0131 Devleti aras\u0131nda ya\u015fananlar\u0131 tarihsel ger\u00e7eklerden ayr\u0131lmadan roman ak\u0131c\u0131l\u0131\u011f\u0131yla anlat\u0131yor. <\/p>\n","protected":false},"excerpt":{"rendered":"<p>Kafkas halk\u0131n\u0131n \u00f6zg\u00fcrl\u00fck sava\u015flar\u0131, jeo-politik konumu nedeniyle her zaman uluslararas\u0131 politikalar\u0131n odak noktas\u0131 olmu\u015ftur. XIX. y\u00fczy\u0131lda ise Kafkasya yaln\u0131zca b\u00f6lge g\u00fc\u00e7leri olan Rusya, \u0130ran ve Osmanl\u0131<span class=\"excerpt-hellip\"> [\u2026]<\/span><\/p>\n","protected":false},"featured_media":0,"template":"","meta":{"_monsterinsights_skip_tracking":false,"_monsterinsights_sitenote_active":false,"_monsterinsights_sitenote_note":"","_monsterinsights_sitenote_category":0},"product_brand":[],"product_cat":[12370,12304],"product_tag":[],"class_list":{"0":"post-716543","1":"product","2":"type-product","3":"status-publish","5":"product_cat-arastirma-inceleme","6":"product_cat-tarih","7":"pa_cilt-ciltsiz","8":"pa_tur-kitap","9":"pa_yayinevi-ideal-kultur-yayincilik","10":"pa_yazar-abdullah-temizkan","12":"first","13":"instock","14":"sale","15":"shipping-taxable","16":"purchasable","17":"product-type-simple"},"_links":{"self":[{"href":"https:\/\/roveyayinevi.com.tr\/index.php\/wp-json\/wp\/v2\/product\/716543","targetHints":{"allow":["GET"]}}],"collection":[{"href":"https:\/\/roveyayinevi.com.tr\/index.php\/wp-json\/wp\/v2\/product"}],"about":[{"href":"https:\/\/roveyayinevi.com.tr\/index.php\/wp-json\/wp\/v2\/types\/product"}],"wp:attachment":[{"href":"https:\/\/roveyayinevi.com.tr\/index.php\/wp-json\/wp\/v2\/media?parent=716543"}],"wp:term":[{"taxonomy":"product_brand","embeddable":true,"href":"https:\/\/roveyayinevi.com.tr\/index.php\/wp-json\/wp\/v2\/product_brand?post=716543"},{"taxonomy":"product_cat","embeddable":true,"href":"https:\/\/roveyayinevi.com.tr\/index.php\/wp-json\/wp\/v2\/product_cat?post=716543"},{"taxonomy":"product_tag","embeddable":true,"href":"https:\/\/roveyayinevi.com.tr\/index.php\/wp-json\/wp\/v2\/product_tag?post=716543"}],"curies":[{"name":"wp","href":"https:\/\/api.w.org\/{rel}","templated":true}]}}