{"id":716542,"date":"2025-08-27T17:43:55","date_gmt":"2025-08-27T14:43:55","guid":{"rendered":"https:\/\/roveyayinevi.com.tr\/index.php\/urun\/cocuklar-icin-cok-kulturlu-egitim\/"},"modified":"2026-04-16T02:24:41","modified_gmt":"2026-04-15T23:24:41","slug":"cocuklar-icin-cok-kulturlu-egitim","status":"publish","type":"product","link":"https:\/\/roveyayinevi.com.tr\/index.php\/urun\/cocuklar-icin-cok-kulturlu-egitim\/","title":{"rendered":"\u00c7ocuklar \u0130\u00e7in \u00c7ok K\u00fclt\u00fcrl\u00fc E\u011fitim"},"content":{"rendered":"<p>&#8220;\u00c7ok k\u00fclt\u00fcrl\u00fc e\u011fitim, her \u00e7ocu\u011fun b\u00fct\u00fcn farkl\u0131l\u0131klar\u0131yla de\u011ferli kabul edildi\u011fi ve e\u015fit geli\u015fim f\u0131rsat\u0131na sahip oldu\u011fu bir e\u011fitim sistemidir. Ayn\u0131 zamanda bilin\u00e7li toplumlar olu\u015fturulmas\u0131 ad\u0131na t\u00fcm k\u00fclt\u00fcrlere kar\u015f\u0131 duyarl\u0131 olan ve farkl\u0131l\u0131klara sayg\u0131 duyulan b\u00fct\u00fcnle\u015ftirici bir e\u011fitim politikas\u0131d\u0131r. \u00c7ok k\u00fclt\u00fcrl\u00fc e\u011fitimin amac\u0131; \u00f6zg\u00fcr d\u00fc\u015f\u00fcnen, sorgulayan, kendi k\u00fclt\u00fcr\u00fcn\u00fc tan\u0131yan ve ayn\u0131 zamanda \u00f6z ele\u015ftiri yapabilen, farkl\u0131 d\u00fc\u015f\u00fcnce ve ya\u015fam bi\u00e7imlerine sayg\u0131 duyan, farkl\u0131l\u0131klar\u0131n zenginlik oldu\u011funu kabul eden bireylerin yeti\u015fmesidir. Bu ama\u00e7lara ula\u015f\u0131lmas\u0131 i\u00e7in erken \u00e7ocukluk d\u00f6neminden itibaren \u00e7ok k\u00fclt\u00fcrl\u00fc e\u011fitime ba\u015flanmal\u0131d\u0131r. Bu kitap, \u00e7ok k\u00fclt\u00fcrl\u00fc e\u011fitimin erken \u00e7ocukluk d\u00f6neminde geli\u015fimsel a\u00e7\u0131dan duyarl\u0131 yollarla nas\u0131l yap\u0131labilece\u011fini a\u00e7\u0131klamaktad\u0131r. Kitab\u0131n ilk k\u0131sm\u0131nda okul ve s\u0131n\u0131f ortam\u0131nda \u00e7ok k\u00fclt\u00fcrl\u00fc e\u011fitimin \u00e7e\u015fitli y\u00f6nleri ve uygulama ilkeleri a\u00e7\u0131klanmaktad\u0131r. \u0130kinci k\u0131s\u0131mda ise toplum yap\u0131s\u0131nda yer alan belirli ayr\u0131mlar\u0131n ve e\u015fitsizliklerin \u00e7ocuklar\u0131n ya\u015famlar\u0131n\u0131 ve d\u00fcnya g\u00f6r\u00fc\u015flerini nas\u0131l etkiledi\u011fi vurgulanmaktad\u0131r. Ayr\u0131ca \u00e7ocuklar\u0131n kendileri ile ilgili e\u015fitsizlikleri sorgulamaya nas\u0131l te\u015fvik edilece\u011fine ili\u015fkin \u00f6rneklere de yer verilmektedir. Kitab\u0131n yazar\u0131 PatriciaRamsey\u2019in \u00f6n s\u00f6z b\u00f6l\u00fcm\u00fcnde belirtti\u011fi gibi daha ileri okumalar ve uygulama \u00f6rnekleri i\u00e7in TeachersCollege Yay\u0131nevinin web sitesinden yararlan\u0131labilir. Kitap i\u00e7erisinde de bir\u00e7ok kez www.tcpress.com adresin-den \u00fccretsiz olarak ula\u015f\u0131labilecek ek kaynaklara vurgu yap\u0131lmaktad\u0131r. Yazar, ger\u00e7ek anlamda \u00e7ok k\u00fclt\u00fcrl\u00fc s\u0131n\u0131flar olu\u015fturmak ve bunu uygulamalara yans\u0131tmak i\u00e7in bu web sitesindeki materyallerin incelenmesi ve kitapla birlikte kullan\u0131lmas\u0131n\u0131 \u00f6nermektedir. Bu kitab\u0131n \u00e7evrilmesine, lisans\u00fcst\u00fc d\u00fczeyde verdi\u011fim \u201cErken \u00c7ocukluk E\u011fitimi Politikalar\u0131 ve S\u00fcrd\u00fcr\u00fclebilirlik\u201d dersinde karar vererek ilgili alan uzmanlar\u0131na ula\u015ft\u0131m. Bilgi birikimlerini, son derece titiz ve ba\u015far\u0131l\u0131 bir \u015fekilde \u00e7eviri s\u00fcrecine yans\u0131tan b\u00f6l\u00fcm \u00e7evirmenlerine, \u00f6zenle \u00e7al\u0131\u015ft\u0131klar\u0131 i\u00e7in te\u015fekk\u00fcr ediyorum. Ayr\u0131ca kitab\u0131n yaz\u0131ld\u0131\u011f\u0131 sosyo k\u00fclt\u00fcrel ve ekonomik ba\u011flam\u0131 dikkate almamda engin bilgisini ve g\u00f6r\u00fc\u015flerini esirgemeyen de\u011ferli e\u015fim Beytullah Y\u0131ld\u0131z\u2019a da te\u015fekk\u00fcr\u00fc bir bor\u00e7 biliyorum. Son olarak, \u201c\u00c7e\u015fitliliklerin Oldu\u011fu Bir D\u00fcnyada \u00d6\u011frenme ve \u00d6\u011fretim \u00c7ocuklar i\u00e7in \u00c7ok K\u00fclt\u00fcrl\u00fc E\u011fitim\u201d kitab\u0131n\u0131n yay\u0131n haklar\u0131n\u0131 al\u0131p bizlere \u00e7eviriyi en iyi \u015fekilde yapabilmemiz i\u00e7in yeterli zaman\u0131 sunan ve kitab\u0131n haz\u0131rlanmas\u0131nda b\u00fcy\u00fck \u00e7aba g\u00f6steren An\u0131 Yay\u0131nc\u0131l\u0131k yetkililerine ve \u00e7al\u0131\u015fanlar\u0131na t\u00fcm yazarlar\u0131m\u0131z ve kendi ad\u0131ma \u015f\u00fckranlar\u0131m\u0131 sunuyorum.&#8221; <\/p>\n","protected":false},"excerpt":{"rendered":"<p>&#8220;\u00c7ok k\u00fclt\u00fcrl\u00fc e\u011fitim, her \u00e7ocu\u011fun b\u00fct\u00fcn farkl\u0131l\u0131klar\u0131yla de\u011ferli kabul edildi\u011fi ve e\u015fit geli\u015fim f\u0131rsat\u0131na sahip oldu\u011fu bir e\u011fitim sistemidir. Ayn\u0131 zamanda bilin\u00e7li toplumlar olu\u015fturulmas\u0131 ad\u0131na t\u00fcm<span class=\"excerpt-hellip\"> [\u2026]<\/span><\/p>\n","protected":false},"featured_media":0,"template":"","meta":{"_monsterinsights_skip_tracking":false,"_monsterinsights_sitenote_active":false,"_monsterinsights_sitenote_note":"","_monsterinsights_sitenote_category":0},"product_brand":[],"product_cat":[12567,12566],"product_tag":[],"class_list":{"0":"post-716542","1":"product","2":"type-product","3":"status-publish","5":"product_cat-diger-egitim","6":"product_cat-egitim","7":"pa_cilt-ciltsiz","8":"pa_tur-kitap","9":"pa_yayinevi-ani-yayincilik","10":"pa_yazar-patrica-g-ramsey","12":"first","13":"instock","14":"sale","15":"shipping-taxable","16":"purchasable","17":"product-type-simple"},"_links":{"self":[{"href":"https:\/\/roveyayinevi.com.tr\/index.php\/wp-json\/wp\/v2\/product\/716542","targetHints":{"allow":["GET"]}}],"collection":[{"href":"https:\/\/roveyayinevi.com.tr\/index.php\/wp-json\/wp\/v2\/product"}],"about":[{"href":"https:\/\/roveyayinevi.com.tr\/index.php\/wp-json\/wp\/v2\/types\/product"}],"wp:attachment":[{"href":"https:\/\/roveyayinevi.com.tr\/index.php\/wp-json\/wp\/v2\/media?parent=716542"}],"wp:term":[{"taxonomy":"product_brand","embeddable":true,"href":"https:\/\/roveyayinevi.com.tr\/index.php\/wp-json\/wp\/v2\/product_brand?post=716542"},{"taxonomy":"product_cat","embeddable":true,"href":"https:\/\/roveyayinevi.com.tr\/index.php\/wp-json\/wp\/v2\/product_cat?post=716542"},{"taxonomy":"product_tag","embeddable":true,"href":"https:\/\/roveyayinevi.com.tr\/index.php\/wp-json\/wp\/v2\/product_tag?post=716542"}],"curies":[{"name":"wp","href":"https:\/\/api.w.org\/{rel}","templated":true}]}}