{"id":716541,"date":"2025-08-27T17:43:55","date_gmt":"2025-08-27T14:43:55","guid":{"rendered":"https:\/\/roveyayinevi.com.tr\/index.php\/urun\/ikigai-uygulama-rehberi\/"},"modified":"2026-04-08T02:31:34","modified_gmt":"2026-04-07T23:31:34","slug":"ikigai-uygulama-rehberi","status":"publish","type":"product","link":"https:\/\/roveyayinevi.com.tr\/index.php\/urun\/ikigai-uygulama-rehberi\/","title":{"rendered":"Ikigai &#8211; Uygulama Rehberi"},"content":{"rendered":"<p>Japonlar\u0131n Uzun ve Mutlu Ya\u015fam S\u0131rr\u0131n\u0131 Hayata Ge\u00e7irinHayat Amac\u0131n\u0131z\u0131 Ke\u015ffetmenin 35 YoluGe\u00e7mi\u015ften ders \u00e7\u0131kar\u0131n, mevcut anda ya\u015fad\u0131\u011f\u0131n\u0131z\u0131 hissedin ve gelece\u011finizi k\u00f6kten de\u011fi\u015ftirin.\u0130lk kitaplar\u0131nda Japonlara \u00f6zg\u00fc ikigai felsefesini en temele inerek inceleyen H\u00e9ctor Garc\u00eda ve Francesc Miralles, okuyucular\u0131n hayattaki ama\u00e7lar\u0131n\u0131 t\u00fcm y\u00f6nleriyle nas\u0131l ke\u015ffedeceklerini iki y\u0131ll\u0131k bir u\u011fra\u015f\u0131n sonucunda detayl\u0131 bir bi\u00e7imde anlat\u0131yor. \u0130\u00e7inizdeki ikigai sonsuza kadar sahip olaca\u011f\u0131n\u0131z ve hayat\u0131n\u0131z\u0131n her evresine g\u00f6re d\u00f6n\u00fc\u015fecek olan de\u011fi\u015fmez bir \u00f6zelliktir. Tutkular\u0131n pe\u015finden gitmek ve bu tutkular\u0131 ba\u015fkalar\u0131yla payla\u015farak \u00e7o\u011faltmak, ki\u015finin kendi i\u00e7in belirledi\u011fi hedeflerin en g\u00fczelidir.Hayat amac\u0131n\u0131z\u0131 ke\u015ffetmeniz i\u00e7in esas olan ikigai felsefesini, ya\u015fam\u0131n\u0131z\u0131n merkezine nas\u0131l koyaca\u011f\u0131n\u0131z\u0131 otuz be\u015f farkl\u0131 a\u015famayla ele alan bu kitap, ge\u00e7mi\u015fi, bug\u00fcn\u00fc ve gelece\u011fi bir araya getirerek kendinizi tan\u0131mam\u0131z\u0131 sa\u011flayacak. Enso \u00e7emberinden koan bilmecelerine, haiku sanat\u0131ndan zen ve ok\u00e7ulu\u011fa kadar birbirinden ilgin\u00e7 tekniklerle tan\u0131\u015facak, bunlar\u0131 g\u00fcnl\u00fck ya\u015fam\u0131n\u0131za nas\u0131l aktaraca\u011f\u0131n\u0131z\u0131 \u00f6\u011freneceksiniz.\u015eimdi derin bir nefes al\u0131n ve ruhunuzun kap\u0131lar\u0131n\u0131 a\u00e7\u0131n. Yolculuk ba\u015flamak \u00fczere&#8230;<\/p>\n","protected":false},"excerpt":{"rendered":"<p>Japonlar\u0131n Uzun ve Mutlu Ya\u015fam S\u0131rr\u0131n\u0131 Hayata Ge\u00e7irinHayat Amac\u0131n\u0131z\u0131 Ke\u015ffetmenin 35 YoluGe\u00e7mi\u015ften ders \u00e7\u0131kar\u0131n, mevcut anda ya\u015fad\u0131\u011f\u0131n\u0131z\u0131 hissedin ve gelece\u011finizi k\u00f6kten de\u011fi\u015ftirin.\u0130lk kitaplar\u0131nda Japonlara \u00f6zg\u00fc ikigai<span class=\"excerpt-hellip\"> [\u2026]<\/span><\/p>\n","protected":false},"featured_media":0,"template":"","meta":{"_monsterinsights_skip_tracking":false,"_monsterinsights_sitenote_active":false,"_monsterinsights_sitenote_note":"","_monsterinsights_sitenote_category":0},"product_brand":[],"product_cat":[12364,12376],"product_tag":[],"class_list":{"0":"post-716541","1":"product","2":"type-product","3":"status-publish","5":"product_cat-genel-konular","6":"product_cat-kisisel-gelisim","7":"pa_cilt-ciltsiz","8":"pa_tur-kitap","9":"pa_yayinevi-indigo-kitap","10":"pa_yazar-hector-garcia-francesc-miralles","12":"first","13":"instock","14":"sale","15":"shipping-taxable","16":"purchasable","17":"product-type-simple"},"_links":{"self":[{"href":"https:\/\/roveyayinevi.com.tr\/index.php\/wp-json\/wp\/v2\/product\/716541","targetHints":{"allow":["GET"]}}],"collection":[{"href":"https:\/\/roveyayinevi.com.tr\/index.php\/wp-json\/wp\/v2\/product"}],"about":[{"href":"https:\/\/roveyayinevi.com.tr\/index.php\/wp-json\/wp\/v2\/types\/product"}],"wp:attachment":[{"href":"https:\/\/roveyayinevi.com.tr\/index.php\/wp-json\/wp\/v2\/media?parent=716541"}],"wp:term":[{"taxonomy":"product_brand","embeddable":true,"href":"https:\/\/roveyayinevi.com.tr\/index.php\/wp-json\/wp\/v2\/product_brand?post=716541"},{"taxonomy":"product_cat","embeddable":true,"href":"https:\/\/roveyayinevi.com.tr\/index.php\/wp-json\/wp\/v2\/product_cat?post=716541"},{"taxonomy":"product_tag","embeddable":true,"href":"https:\/\/roveyayinevi.com.tr\/index.php\/wp-json\/wp\/v2\/product_tag?post=716541"}],"curies":[{"name":"wp","href":"https:\/\/api.w.org\/{rel}","templated":true}]}}