{"id":716538,"date":"2025-08-27T17:43:53","date_gmt":"2025-08-27T14:43:53","guid":{"rendered":"https:\/\/roveyayinevi.com.tr\/index.php\/urun\/balkabagigiller\/"},"modified":"2026-04-16T02:24:41","modified_gmt":"2026-04-15T23:24:41","slug":"balkabagigiller","status":"publish","type":"product","link":"https:\/\/roveyayinevi.com.tr\/index.php\/urun\/balkabagigiller\/","title":{"rendered":"Balkaba\u011f\u0131giller"},"content":{"rendered":"<p>Balkaba\u011f\u0131giller, \u015fehrin g\u00f6be\u011findeki sekiz katl\u0131 Sarma\u015f\u0131k Apartman\u0131\u2019n\u0131n en \u00fcst kat\u0131nda ya\u015f\u0131yordu. \u00d6nceleri iki ki\u015fi olan ev halk\u0131na, k\u0131rk yedi bitki, ikizleri Bal ile Badem ve yavru kedileri Kaymak da kat\u0131l\u0131nca kocaman bir aile oldular.Bitkilerin ne\u015fe ve d\u00fczen i\u00e7indeki hayatlar\u0131, Balkaba\u011f\u0131giller\u2019in bir ay s\u00fcrecek yaz tatiline \u00e7\u0131kmalar\u0131yla alt\u00fcst oldu.Balkaba\u011f\u0131giller tatildeyken bitkilere ne olacakt\u0131?<\/p>\n","protected":false},"excerpt":{"rendered":"<p>Balkaba\u011f\u0131giller, \u015fehrin g\u00f6be\u011findeki sekiz katl\u0131 Sarma\u015f\u0131k Apartman\u0131\u2019n\u0131n en \u00fcst kat\u0131nda ya\u015f\u0131yordu. \u00d6nceleri iki ki\u015fi olan ev halk\u0131na, k\u0131rk yedi bitki, ikizleri Bal ile Badem ve yavru<span class=\"excerpt-hellip\"> [\u2026]<\/span><\/p>\n","protected":false},"featured_media":0,"template":"","meta":{"_monsterinsights_skip_tracking":false,"_monsterinsights_sitenote_active":false,"_monsterinsights_sitenote_note":"","_monsterinsights_sitenote_category":0},"product_brand":[],"product_cat":[12274,12284],"product_tag":[],"class_list":{"0":"post-716538","1":"product","2":"type-product","3":"status-publish","5":"product_cat-cocuk-ve-genclik-kitaplari","6":"product_cat-hikayeler","7":"pa_cilt-ciltsiz","8":"pa_tur-kitap","9":"pa_yayinevi-abm-yayinevi","10":"pa_yazar-ezgi-berk","12":"first","13":"instock","14":"sale","15":"shipping-taxable","16":"purchasable","17":"product-type-simple"},"_links":{"self":[{"href":"https:\/\/roveyayinevi.com.tr\/index.php\/wp-json\/wp\/v2\/product\/716538","targetHints":{"allow":["GET"]}}],"collection":[{"href":"https:\/\/roveyayinevi.com.tr\/index.php\/wp-json\/wp\/v2\/product"}],"about":[{"href":"https:\/\/roveyayinevi.com.tr\/index.php\/wp-json\/wp\/v2\/types\/product"}],"wp:attachment":[{"href":"https:\/\/roveyayinevi.com.tr\/index.php\/wp-json\/wp\/v2\/media?parent=716538"}],"wp:term":[{"taxonomy":"product_brand","embeddable":true,"href":"https:\/\/roveyayinevi.com.tr\/index.php\/wp-json\/wp\/v2\/product_brand?post=716538"},{"taxonomy":"product_cat","embeddable":true,"href":"https:\/\/roveyayinevi.com.tr\/index.php\/wp-json\/wp\/v2\/product_cat?post=716538"},{"taxonomy":"product_tag","embeddable":true,"href":"https:\/\/roveyayinevi.com.tr\/index.php\/wp-json\/wp\/v2\/product_tag?post=716538"}],"curies":[{"name":"wp","href":"https:\/\/api.w.org\/{rel}","templated":true}]}}