{"id":716537,"date":"2025-08-27T17:43:52","date_gmt":"2025-08-27T14:43:52","guid":{"rendered":"https:\/\/roveyayinevi.com.tr\/index.php\/urun\/elime-dogan-yavru\/"},"modified":"2026-03-12T02:33:20","modified_gmt":"2026-03-11T23:33:20","slug":"elime-dogan-yavru","status":"publish","type":"product","link":"https:\/\/roveyayinevi.com.tr\/index.php\/urun\/elime-dogan-yavru\/","title":{"rendered":"Elime Do\u011fan Yavru"},"content":{"rendered":"<p>&#8220;K\u00f6y\u00fcn i\u00e7ine geldi\u011fimii , i\u011fde a\u011fa\u00e7lar\u0131 kokusunun leylaklara kar\u0131\u015fmadan anlam\u0131\u015ft\u0131r.Ne mutlu bana ki b\u00fct\u00fcn bu g\u00fczellikler i\u00e7inde tam \u00fc\u00e7 ay kalacakt\u0131m.Ninem bize neler haz\u0131rlam\u0131\u015ft\u0131 \u00e7ok merak ediyordum.Mutlaka g\u00f6zleme yap\u0131lacakt\u0131 bunu biliyordum. Yan\u0131na g\u00fczel bir ayran iyi gidecekti. San\u0131r\u0131m biraz karn\u0131m ac\u0131km\u0131\u015ft\u0131. Yemek i\u015fi bir \u015fekilde \u00e7\u00f6z\u00fcl\u00fcrd\u00fc de acaba Casy&#8217;yi ninem nas\u0131l kar\u015f\u0131layackt\u0131. Ah ke\u015fke ninem Casy&#8217;nin eve girmesine izin verse!Dur bakal\u0131m , bu yaz nelerle kar\u015f\u0131laca\u011f\u0131m bilmiyorum ama \u00e7ok e\u011flenceli ge\u00e7ece\u011finden eminim &#8220;<\/p>\n","protected":false},"excerpt":{"rendered":"<p>&#8220;K\u00f6y\u00fcn i\u00e7ine geldi\u011fimii , i\u011fde a\u011fa\u00e7lar\u0131 kokusunun leylaklara kar\u0131\u015fmadan anlam\u0131\u015ft\u0131r.Ne mutlu bana ki b\u00fct\u00fcn bu g\u00fczellikler i\u00e7inde tam \u00fc\u00e7 ay kalacakt\u0131m.Ninem bize neler haz\u0131rlam\u0131\u015ft\u0131 \u00e7ok merak<span class=\"excerpt-hellip\"> [\u2026]<\/span><\/p>\n","protected":false},"featured_media":0,"template":"","meta":{"_monsterinsights_skip_tracking":false,"_monsterinsights_sitenote_active":false,"_monsterinsights_sitenote_note":"","_monsterinsights_sitenote_category":0},"product_brand":[],"product_cat":[12274,12284],"product_tag":[],"class_list":{"0":"post-716537","1":"product","2":"type-product","3":"status-publish","5":"product_cat-cocuk-ve-genclik-kitaplari","6":"product_cat-hikayeler","7":"pa_cilt-ciltsiz","8":"pa_tur-kitap","9":"pa_yayinevi-kirmizi-cati-yayinlari","10":"pa_yazar-haldun-aciksozlu","12":"first","13":"instock","14":"sale","15":"shipping-taxable","16":"purchasable","17":"product-type-simple"},"_links":{"self":[{"href":"https:\/\/roveyayinevi.com.tr\/index.php\/wp-json\/wp\/v2\/product\/716537","targetHints":{"allow":["GET"]}}],"collection":[{"href":"https:\/\/roveyayinevi.com.tr\/index.php\/wp-json\/wp\/v2\/product"}],"about":[{"href":"https:\/\/roveyayinevi.com.tr\/index.php\/wp-json\/wp\/v2\/types\/product"}],"wp:attachment":[{"href":"https:\/\/roveyayinevi.com.tr\/index.php\/wp-json\/wp\/v2\/media?parent=716537"}],"wp:term":[{"taxonomy":"product_brand","embeddable":true,"href":"https:\/\/roveyayinevi.com.tr\/index.php\/wp-json\/wp\/v2\/product_brand?post=716537"},{"taxonomy":"product_cat","embeddable":true,"href":"https:\/\/roveyayinevi.com.tr\/index.php\/wp-json\/wp\/v2\/product_cat?post=716537"},{"taxonomy":"product_tag","embeddable":true,"href":"https:\/\/roveyayinevi.com.tr\/index.php\/wp-json\/wp\/v2\/product_tag?post=716537"}],"curies":[{"name":"wp","href":"https:\/\/api.w.org\/{rel}","templated":true}]}}