{"id":716536,"date":"2025-08-27T17:43:51","date_gmt":"2025-08-27T14:43:51","guid":{"rendered":"https:\/\/roveyayinevi.com.tr\/index.php\/urun\/siirlerde-bul-beni\/"},"modified":"2026-03-12T02:33:20","modified_gmt":"2026-03-11T23:33:20","slug":"siirlerde-bul-beni","status":"publish","type":"product","link":"https:\/\/roveyayinevi.com.tr\/index.php\/urun\/siirlerde-bul-beni\/","title":{"rendered":"\u015eiirlerde Bul Beni"},"content":{"rendered":"<p>\u00d6yle g\u00fczel dert ki bu , ey canan derman sende ,Sen ne dilersen dile raz\u0131y\u0131m ferman sende! G\u00fcn dedi\u011fin ak\u015faml\u0131 , insan dedi\u011fin fani ,Geriye kalan var m\u0131, gidenler nerde , hani ? Ben de d\u00fc\u015ft\u00fcm yollara ; vakit geldi, elveda !Hat\u0131ram olsun sana , birka\u00e7 h\u00fcz\u00fcnl\u00fc m\u0131sra.<\/p>\n","protected":false},"excerpt":{"rendered":"<p>\u00d6yle g\u00fczel dert ki bu , ey canan derman sende ,Sen ne dilersen dile raz\u0131y\u0131m ferman sende! G\u00fcn dedi\u011fin ak\u015faml\u0131 , insan dedi\u011fin fani ,Geriye kalan<span class=\"excerpt-hellip\"> [\u2026]<\/span><\/p>\n","protected":false},"featured_media":0,"template":"","meta":{"_monsterinsights_skip_tracking":false,"_monsterinsights_sitenote_active":false,"_monsterinsights_sitenote_note":"","_monsterinsights_sitenote_category":0},"product_brand":[],"product_cat":[12291,12509],"product_tag":[],"class_list":{"0":"post-716536","1":"product","2":"type-product","3":"status-publish","5":"product_cat-edebiyat","6":"product_cat-siir","7":"pa_cilt-ciltsiz","8":"pa_tur-kitap","9":"pa_yayinevi-kirmizi-cati-yayinlari","10":"pa_yazar-recep-sen","12":"first","13":"instock","14":"sale","15":"shipping-taxable","16":"purchasable","17":"product-type-simple"},"_links":{"self":[{"href":"https:\/\/roveyayinevi.com.tr\/index.php\/wp-json\/wp\/v2\/product\/716536","targetHints":{"allow":["GET"]}}],"collection":[{"href":"https:\/\/roveyayinevi.com.tr\/index.php\/wp-json\/wp\/v2\/product"}],"about":[{"href":"https:\/\/roveyayinevi.com.tr\/index.php\/wp-json\/wp\/v2\/types\/product"}],"wp:attachment":[{"href":"https:\/\/roveyayinevi.com.tr\/index.php\/wp-json\/wp\/v2\/media?parent=716536"}],"wp:term":[{"taxonomy":"product_brand","embeddable":true,"href":"https:\/\/roveyayinevi.com.tr\/index.php\/wp-json\/wp\/v2\/product_brand?post=716536"},{"taxonomy":"product_cat","embeddable":true,"href":"https:\/\/roveyayinevi.com.tr\/index.php\/wp-json\/wp\/v2\/product_cat?post=716536"},{"taxonomy":"product_tag","embeddable":true,"href":"https:\/\/roveyayinevi.com.tr\/index.php\/wp-json\/wp\/v2\/product_tag?post=716536"}],"curies":[{"name":"wp","href":"https:\/\/api.w.org\/{rel}","templated":true}]}}