{"id":716528,"date":"2025-08-27T17:43:46","date_gmt":"2025-08-27T14:43:46","guid":{"rendered":"https:\/\/roveyayinevi.com.tr\/index.php\/urun\/dev-labirent\/"},"modified":"2026-04-16T02:24:40","modified_gmt":"2026-04-15T23:24:40","slug":"dev-labirent","status":"publish","type":"product","link":"https:\/\/roveyayinevi.com.tr\/index.php\/urun\/dev-labirent\/","title":{"rendered":"Dev Labirent"},"content":{"rendered":"<p>G\u00f6zlerim \u00e7ok keskin diyenlerden misin?Zor g\u00f6revleri ba\u015farmada \u00fcst\u00fcme yoktur mu diyorsun?\u00d6yleyse bu kitap tam sana g\u00f6re!Pek \u00e7ok hayvan,bu kitab\u0131 sayfalar\u0131 aras\u0131nda,davasa labirentler\u015fn i\u00e7inde gizleniyor.Ve labirentlerden birine girdin mi,bil ki\u2026Yaln\u0131zca en ak\u0131ll\u0131lar yolunu bulmay\u0131 ba\u015farabiliyor!Tek olas\u0131 yolu bul ve y\u00fczlerce rengarenk hayvanla,dikkatin da\u011f\u0131laca\u011f\u0131na,tut akl\u0131nda ve say hepsini..Ard\u0131ndan hi\u00e7birini g\u00f6z\u00fcnden ka\u00e7\u0131rmad\u0131\u011f\u0131ndan emin olmak i\u00e7in,kitab\u0131n sonundaki cevap anahtar\u0131ndan control et gitti\u011fin yolu!Haydi ba\u015fla,ne duruyorsun!<\/p>\n","protected":false},"excerpt":{"rendered":"<p>G\u00f6zlerim \u00e7ok keskin diyenlerden misin?Zor g\u00f6revleri ba\u015farmada \u00fcst\u00fcme yoktur mu diyorsun?\u00d6yleyse bu kitap tam sana g\u00f6re!Pek \u00e7ok hayvan,bu kitab\u0131 sayfalar\u0131 aras\u0131nda,davasa labirentler\u015fn i\u00e7inde gizleniyor.Ve labirentlerden birine<span class=\"excerpt-hellip\"> [\u2026]<\/span><\/p>\n","protected":false},"featured_media":0,"template":"","meta":{"_monsterinsights_skip_tracking":false,"_monsterinsights_sitenote_active":false,"_monsterinsights_sitenote_note":"","_monsterinsights_sitenote_category":0},"product_brand":[],"product_cat":[12274,17859],"product_tag":[],"class_list":{"0":"post-716528","1":"product","2":"type-product","3":"status-publish","5":"product_cat-cocuk-ve-genclik-kitaplari","6":"product_cat-oyun-kitaplari","7":"pa_cilt-ciltsiz","8":"pa_tur-kitap","9":"pa_yayinevi-abm-yayinevi","10":"pa_yazar-agnese-baruzzi","12":"first","13":"instock","14":"sale","15":"shipping-taxable","16":"purchasable","17":"product-type-simple"},"_links":{"self":[{"href":"https:\/\/roveyayinevi.com.tr\/index.php\/wp-json\/wp\/v2\/product\/716528","targetHints":{"allow":["GET"]}}],"collection":[{"href":"https:\/\/roveyayinevi.com.tr\/index.php\/wp-json\/wp\/v2\/product"}],"about":[{"href":"https:\/\/roveyayinevi.com.tr\/index.php\/wp-json\/wp\/v2\/types\/product"}],"wp:attachment":[{"href":"https:\/\/roveyayinevi.com.tr\/index.php\/wp-json\/wp\/v2\/media?parent=716528"}],"wp:term":[{"taxonomy":"product_brand","embeddable":true,"href":"https:\/\/roveyayinevi.com.tr\/index.php\/wp-json\/wp\/v2\/product_brand?post=716528"},{"taxonomy":"product_cat","embeddable":true,"href":"https:\/\/roveyayinevi.com.tr\/index.php\/wp-json\/wp\/v2\/product_cat?post=716528"},{"taxonomy":"product_tag","embeddable":true,"href":"https:\/\/roveyayinevi.com.tr\/index.php\/wp-json\/wp\/v2\/product_tag?post=716528"}],"curies":[{"name":"wp","href":"https:\/\/api.w.org\/{rel}","templated":true}]}}