{"id":716526,"date":"2025-08-27T17:43:45","date_gmt":"2025-08-27T14:43:45","guid":{"rendered":"https:\/\/roveyayinevi.com.tr\/index.php\/urun\/zaman-makinesi-3\/"},"modified":"2026-04-16T02:24:40","modified_gmt":"2026-04-15T23:24:40","slug":"zaman-makinesi-3","status":"publish","type":"product","link":"https:\/\/roveyayinevi.com.tr\/index.php\/urun\/zaman-makinesi-3\/","title":{"rendered":"Zaman Makinesi"},"content":{"rendered":"<p>Victoria d\u00f6neminde ya\u015fayan bir bilimci icat etti\u011fi zaman makinesine biner ve kendini bir anda 802.701 y\u0131l\u0131nda bulur. Ba\u015flang\u0131\u00e7ta d\u00fcnyan\u0131n b\u00fct\u00fcn dertlerinin sona erdi\u011fini, cefan\u0131n yerini g\u00fczelli\u011fe, refaha ve bar\u0131\u015fa b\u0131rakt\u0131\u011f\u0131n\u0131 zannetse de yan\u0131ld\u0131\u011f\u0131n\u0131 anlamas\u0131 \u00e7ok uzun s\u00fcrmez. Zaman yolcusu \u00f6nce Eloi ad\u0131 verilen insan t\u00fcr\u00fcyle tan\u0131\u015f\u0131r. Ancak soylar\u0131 kadim zamanlar\u0131n y\u00fcce k\u00fclt\u00fcr\u00fcne dayanan bu g\u00fczellik abidelerinin, asl\u0131nda ne kadar g\u00fc\u00e7s\u00fcz oldu\u011funu ve karanl\u0131\u011fa kar\u015f\u0131 nas\u0131l da \u00e7ocuk\u00e7a bir korku duydu\u011funu \u00e7ok ge\u00e7meden ke\u015ffeder. Eloiler korkmakta hakl\u0131d\u0131rlar, \u00e7\u00fcnk\u00fc yerin alt\u0131nda bamba\u015fka bir insan t\u00fcr\u00fc; tekinsiz Morloklar pusuya yatm\u0131\u015f beklemektedirler. Bu s\u0131rada makinesini kaybeden zaman yolcusunun da yapmas\u0131 gereken tek \u015fey, Morloklar\u0131n o u\u011fursuz yeralt\u0131 t\u00fcnellerine inerek makineyi onlardan geri almakt\u0131r.Zaman Makinesi zamanda yolculu\u011fun ilk ve en etkili tasvirlerinden biridir. \u0130lk kez 1895\u2019te yay\u0131mlanan bu \u015faheser, Wells\u2019in ustal\u0131kl\u0131 hik\u00e2ye anlatma yetene\u011fi ve \u00e7arp\u0131c\u0131 kavray\u0131\u015f\u0131 sayesinde okuyucular\u0131 nesiller boyu etkilemeye devam ediyor.<\/p>\n","protected":false},"excerpt":{"rendered":"<p>Victoria d\u00f6neminde ya\u015fayan bir bilimci icat etti\u011fi zaman makinesine biner ve kendini bir anda 802.701 y\u0131l\u0131nda bulur. Ba\u015flang\u0131\u00e7ta d\u00fcnyan\u0131n b\u00fct\u00fcn dertlerinin sona erdi\u011fini, cefan\u0131n yerini g\u00fczelli\u011fe,<span class=\"excerpt-hellip\"> [\u2026]<\/span><\/p>\n","protected":false},"featured_media":0,"template":"","meta":{"_monsterinsights_skip_tracking":false,"_monsterinsights_sitenote_active":false,"_monsterinsights_sitenote_note":"","_monsterinsights_sitenote_category":0},"product_brand":[],"product_cat":[12540,12291],"product_tag":[],"class_list":{"0":"post-716526","1":"product","2":"type-product","3":"status-publish","5":"product_cat-bilim-kurgu","6":"product_cat-edebiyat","7":"pa_cilt-ciltsiz","8":"pa_tur-kitap","9":"pa_yayinevi-indigo-kitap","10":"pa_yazar-h-g-wells","12":"first","13":"instock","14":"sale","15":"shipping-taxable","16":"purchasable","17":"product-type-simple"},"_links":{"self":[{"href":"https:\/\/roveyayinevi.com.tr\/index.php\/wp-json\/wp\/v2\/product\/716526","targetHints":{"allow":["GET"]}}],"collection":[{"href":"https:\/\/roveyayinevi.com.tr\/index.php\/wp-json\/wp\/v2\/product"}],"about":[{"href":"https:\/\/roveyayinevi.com.tr\/index.php\/wp-json\/wp\/v2\/types\/product"}],"wp:attachment":[{"href":"https:\/\/roveyayinevi.com.tr\/index.php\/wp-json\/wp\/v2\/media?parent=716526"}],"wp:term":[{"taxonomy":"product_brand","embeddable":true,"href":"https:\/\/roveyayinevi.com.tr\/index.php\/wp-json\/wp\/v2\/product_brand?post=716526"},{"taxonomy":"product_cat","embeddable":true,"href":"https:\/\/roveyayinevi.com.tr\/index.php\/wp-json\/wp\/v2\/product_cat?post=716526"},{"taxonomy":"product_tag","embeddable":true,"href":"https:\/\/roveyayinevi.com.tr\/index.php\/wp-json\/wp\/v2\/product_tag?post=716526"}],"curies":[{"name":"wp","href":"https:\/\/api.w.org\/{rel}","templated":true}]}}