{"id":716525,"date":"2025-08-27T17:43:44","date_gmt":"2025-08-27T14:43:44","guid":{"rendered":"https:\/\/roveyayinevi.com.tr\/index.php\/urun\/iz-birak\/"},"modified":"2026-04-11T02:30:56","modified_gmt":"2026-04-10T23:30:56","slug":"iz-birak","status":"publish","type":"product","link":"https:\/\/roveyayinevi.com.tr\/index.php\/urun\/iz-birak\/","title":{"rendered":"\u0130z B\u0131rak"},"content":{"rendered":"<p>Bu kitap tamamen senin eserin. \u0130smini, hikayeni ve ya\u015fad\u0131klar\u0131n\u0131 \u00f6l\u00fcms\u00fczle\u015ftiren bir f\u0131rsat. \u00c7ocuklar\u0131na b\u0131rakabilece\u011fin en k\u0131ymetli nasihat. E\u015finden, belki de ailenden dileyece\u011fin en k\u0131ymetli \u00f6z\u00fcr. Kendine bile kabul ettiremedi\u011fin en b\u00fcy\u00fck ay\u0131p. \u0130\u00e7ini ac\u0131tan, seni \u00e7ok \u00e7ok \u00e7ok \u00fczen \u015fey.   Bu kitap seninle birlikte ba\u015flayaca\u011f\u0131m\u0131z, tamamen sana \u00f6zel bir yazarl\u0131k yolculu\u011fu.   \u0130smini \u00f6l\u00fcms\u00fczle\u015ftirmeye haz\u0131r m\u0131s\u0131n? <\/p>\n","protected":false},"excerpt":{"rendered":"<p>Bu kitap tamamen senin eserin. \u0130smini, hikayeni ve ya\u015fad\u0131klar\u0131n\u0131 \u00f6l\u00fcms\u00fczle\u015ftiren bir f\u0131rsat. \u00c7ocuklar\u0131na b\u0131rakabilece\u011fin en k\u0131ymetli nasihat. E\u015finden, belki de ailenden dileyece\u011fin en k\u0131ymetli \u00f6z\u00fcr. Kendine<span class=\"excerpt-hellip\"> [\u2026]<\/span><\/p>\n","protected":false},"featured_media":0,"template":"","meta":{"_monsterinsights_skip_tracking":false,"_monsterinsights_sitenote_active":false,"_monsterinsights_sitenote_note":"","_monsterinsights_sitenote_category":0},"product_brand":[],"product_cat":[12364,12376],"product_tag":[],"class_list":{"0":"post-716525","1":"product","2":"type-product","3":"status-publish","5":"product_cat-genel-konular","6":"product_cat-kisisel-gelisim","7":"pa_cilt-ciltli","8":"pa_tur-kitap","9":"pa_yayinevi-hayykitap","10":"pa_yazar-zafer-polat-koyuncu","12":"first","13":"instock","14":"sale","15":"shipping-taxable","16":"purchasable","17":"product-type-simple"},"_links":{"self":[{"href":"https:\/\/roveyayinevi.com.tr\/index.php\/wp-json\/wp\/v2\/product\/716525","targetHints":{"allow":["GET"]}}],"collection":[{"href":"https:\/\/roveyayinevi.com.tr\/index.php\/wp-json\/wp\/v2\/product"}],"about":[{"href":"https:\/\/roveyayinevi.com.tr\/index.php\/wp-json\/wp\/v2\/types\/product"}],"wp:attachment":[{"href":"https:\/\/roveyayinevi.com.tr\/index.php\/wp-json\/wp\/v2\/media?parent=716525"}],"wp:term":[{"taxonomy":"product_brand","embeddable":true,"href":"https:\/\/roveyayinevi.com.tr\/index.php\/wp-json\/wp\/v2\/product_brand?post=716525"},{"taxonomy":"product_cat","embeddable":true,"href":"https:\/\/roveyayinevi.com.tr\/index.php\/wp-json\/wp\/v2\/product_cat?post=716525"},{"taxonomy":"product_tag","embeddable":true,"href":"https:\/\/roveyayinevi.com.tr\/index.php\/wp-json\/wp\/v2\/product_tag?post=716525"}],"curies":[{"name":"wp","href":"https:\/\/api.w.org\/{rel}","templated":true}]}}