{"id":716524,"date":"2025-08-27T17:43:44","date_gmt":"2025-08-27T14:43:44","guid":{"rendered":"https:\/\/roveyayinevi.com.tr\/index.php\/urun\/surdurulebilir-kalkinma-ve-turkiye\/"},"modified":"2025-12-30T10:18:53","modified_gmt":"2025-12-30T07:18:53","slug":"surdurulebilir-kalkinma-ve-turkiye","status":"publish","type":"product","link":"https:\/\/roveyayinevi.com.tr\/index.php\/urun\/surdurulebilir-kalkinma-ve-turkiye\/","title":{"rendered":"S\u00fcrd\u00fcr\u00fclebilir Kalk\u0131nma Ve T\u00fcrkiye"},"content":{"rendered":"<p>D\u00fcnya&#8217;da ve T\u00fcrkiye&#8217;de S\u00fcrd\u00fcr\u00fclebilir Kalk\u0131nma Politikalar\u0131n\u0131n Geli\u015fimi T\u00fcrkiye&#8217;de Do\u011fal Ortam Bozulmalar\u0131 ve S\u00fcrd\u00fcr\u00fclebilirlik \u0130li\u015fkisi K\u00fcresel \u0130klim De\u011fi\u015fikli\u011finin T\u00fcrkiye&#8217;ye Olas\u0131 Etkileri ve S\u00fcrd\u00fcr\u00fclebilir Kalk\u0131nma \u0130li\u015fkisi T\u00fcrkiye&#8217;de S\u00fcrd\u00fcr\u00fclebilir Kalk\u0131nma ve Do\u011fa Koruma \u0130li\u015fkisi T\u00fcrkiye&#8217;de S\u00fcrd\u00fcr\u00fclebilir Arazi \u00d6rt\u00fcs\u00fc ve Arazi Kullan\u0131m\u0131 T\u00fcrkiye&#8217;de S\u00fcrd\u00fcr\u00fclebilir Kalk\u0131nman\u0131n Sosyal Boyutu: N\u00fcfus ve G\u00f6\u00e7 \u00dczerinden Bir \u0130nceleme S\u00fcrd\u00fcr\u00fclebilir Kentle\u015fme Dinamikleri ve T\u00fcrkiye K\u0131rsal Kalk\u0131nmada S\u00fcrd\u00fcr\u00fclebilir Yakla\u015f\u0131mlar ve T\u00fcrkiye \u0130\u00e7in \u00d6neriler S\u00fcrd\u00fcr\u00fclebilir Turizm: Ba\u015fl\u0131ca Kavramlar, Temel \u0130lkeler ve Yakla\u015f\u0131mlar T\u00fcrkiye&#8217;de S\u00fcrd\u00fcr\u00fclebilir Hayvanc\u0131l\u0131k \u00d6n\u00fcndeki Sorunlar ve \u00c7\u00f6z\u00fcm \u00d6nerileri Madencilikte S\u00fcrd\u00fcr\u00fclebilirlik \u0130lkeleri ve T\u00fcrkiye \u0130\u00e7in De\u011ferlendirmeler T\u00fcrkiye&#8217;de S\u00fcrd\u00fcr\u00fclebilir Kalk\u0131nma ve Enerji \u0130li\u015fkisi Ula\u015f\u0131m Co\u011frafyas\u0131 A\u00e7\u0131s\u0131ndan S\u00fcrd\u00fcr\u00fclebilirlik ve T\u00fcrkiye&#8217;de Mevcut Durum T\u00fcrkiye&#8217;de Geleneksel Ticaret Merkezi Olarak Pazarlar ve S\u00fcrd\u00fcr\u00fclebilir Kalk\u0131nma \u0130li\u015fkisi T\u00fcrkiye&#8217;de S\u00fcrd\u00fcr\u00fclebilir Kalk\u0131nmada Fuar, Festival ve Panay\u0131rlar\u0131n Rol\u00fc S\u00fcrd\u00fcr\u00fclebilir Kalk\u0131nma D\u00fc\u015f\u00fcncesinde \u0130hmal Edilen &#8221;Yer&#8221;: T\u00fcrkiye&#8217;de B\u00f6lgesel E\u015fitsizlik ve \u00c7\u00f6z\u00fcm Mekanizmas\u0131 Olarak Kalk\u0131nma Ajanslar\u0131 T\u00fcrkiye&#8217;de S\u00fcrd\u00fcr\u00fclebilir Kalk\u0131nma Ger\u00e7ekle\u015fmesinde E\u011fitimin Rol\u00fc T\u00fcrkiye&#8217;de S\u00fcrd\u00fcr\u00fclebilir Kalk\u0131nma Ger\u00e7ekle\u015fmesinde Co\u011frafi Bilgi Sistemlerinin Kullan\u0131m\u0131 T\u00fcrkiye&#8217;de Bir Kalk\u0131nma Arac\u0131 Olarak Kurumsal S\u00fcrd\u00fcr\u00fclebilirlik ve \u00d6rnek Uygulamalar<\/p>\n","protected":false},"excerpt":{"rendered":"<p>D\u00fcnya&#8217;da ve T\u00fcrkiye&#8217;de S\u00fcrd\u00fcr\u00fclebilir Kalk\u0131nma Politikalar\u0131n\u0131n Geli\u015fimi T\u00fcrkiye&#8217;de Do\u011fal Ortam Bozulmalar\u0131 ve S\u00fcrd\u00fcr\u00fclebilirlik \u0130li\u015fkisi K\u00fcresel \u0130klim De\u011fi\u015fikli\u011finin T\u00fcrkiye&#8217;ye Olas\u0131 Etkileri ve S\u00fcrd\u00fcr\u00fclebilir Kalk\u0131nma \u0130li\u015fkisi T\u00fcrkiye&#8217;de S\u00fcrd\u00fcr\u00fclebilir<span class=\"excerpt-hellip\"> [\u2026]<\/span><\/p>\n","protected":false},"featured_media":0,"template":"","meta":{"_monsterinsights_skip_tracking":false,"_monsterinsights_sitenote_active":false,"_monsterinsights_sitenote_note":"","_monsterinsights_sitenote_category":0},"product_brand":[],"product_cat":[13043,14381],"product_tag":[],"class_list":{"0":"post-716524","1":"product","2":"type-product","3":"status-publish","5":"product_cat-ekonomi","6":"product_cat-isletme-muhasebe-maliye","7":"pa_cilt-ciltsiz","8":"pa_tur-kitap","9":"pa_yayinevi-gazi-kitabevi","10":"pa_yazar-kolektif","12":"first","13":"instock","14":"sale","15":"shipping-taxable","16":"purchasable","17":"product-type-simple"},"_links":{"self":[{"href":"https:\/\/roveyayinevi.com.tr\/index.php\/wp-json\/wp\/v2\/product\/716524","targetHints":{"allow":["GET"]}}],"collection":[{"href":"https:\/\/roveyayinevi.com.tr\/index.php\/wp-json\/wp\/v2\/product"}],"about":[{"href":"https:\/\/roveyayinevi.com.tr\/index.php\/wp-json\/wp\/v2\/types\/product"}],"wp:attachment":[{"href":"https:\/\/roveyayinevi.com.tr\/index.php\/wp-json\/wp\/v2\/media?parent=716524"}],"wp:term":[{"taxonomy":"product_brand","embeddable":true,"href":"https:\/\/roveyayinevi.com.tr\/index.php\/wp-json\/wp\/v2\/product_brand?post=716524"},{"taxonomy":"product_cat","embeddable":true,"href":"https:\/\/roveyayinevi.com.tr\/index.php\/wp-json\/wp\/v2\/product_cat?post=716524"},{"taxonomy":"product_tag","embeddable":true,"href":"https:\/\/roveyayinevi.com.tr\/index.php\/wp-json\/wp\/v2\/product_tag?post=716524"}],"curies":[{"name":"wp","href":"https:\/\/api.w.org\/{rel}","templated":true}]}}