{"id":716523,"date":"2025-08-27T17:43:43","date_gmt":"2025-08-27T14:43:43","guid":{"rendered":"https:\/\/roveyayinevi.com.tr\/index.php\/urun\/yenilikci-girisimcilik-teori-uygulama\/"},"modified":"2026-04-16T02:24:40","modified_gmt":"2026-04-15T23:24:40","slug":"yenilikci-girisimcilik-teori-uygulama","status":"publish","type":"product","link":"https:\/\/roveyayinevi.com.tr\/index.php\/urun\/yenilikci-girisimcilik-teori-uygulama\/","title":{"rendered":"Yenilik\u00e7i Giri\u015fimcilik Teori &#8211; Uygulama"},"content":{"rendered":"<p>\u0130\u00e7indekiler: Giri\u015fimcilik Kavram\u0131 ve T\u00fcrleri Giri\u015fimci D\u00fc\u015f\u00fcnce ve Giri\u015fimcilik S\u00fcreci Giri\u015fimcilikle \u0130lgili G\u00fcncel Konular Yarat\u0131c\u0131 D\u00fc\u015f\u00fcnme ve \u0130\u015f Geli\u015ftirme S\u00fcreci \u0130\u015f Plan\u0131 Pazar Ara\u015ft\u0131rma ve Pazarlama Plan\u0131 \u00dcretim\/Hizmet Plan\u0131 Y\u00f6netim Plan\u0131 Finansal Plan \u0130\u015f Modellemesi  <\/p>\n","protected":false},"excerpt":{"rendered":"<p>\u0130\u00e7indekiler: Giri\u015fimcilik Kavram\u0131 ve T\u00fcrleri Giri\u015fimci D\u00fc\u015f\u00fcnce ve Giri\u015fimcilik S\u00fcreci Giri\u015fimcilikle \u0130lgili G\u00fcncel Konular Yarat\u0131c\u0131 D\u00fc\u015f\u00fcnme ve \u0130\u015f Geli\u015ftirme S\u00fcreci \u0130\u015f Plan\u0131 Pazar Ara\u015ft\u0131rma ve Pazarlama<span class=\"excerpt-hellip\"> [\u2026]<\/span><\/p>\n","protected":false},"featured_media":0,"template":"","meta":{"_monsterinsights_skip_tracking":false,"_monsterinsights_sitenote_active":false,"_monsterinsights_sitenote_note":"","_monsterinsights_sitenote_category":0},"product_brand":[],"product_cat":[13043,14381],"product_tag":[],"class_list":{"0":"post-716523","1":"product","2":"type-product","3":"status-publish","5":"product_cat-ekonomi","6":"product_cat-isletme-muhasebe-maliye","7":"pa_cilt-ciltsiz","8":"pa_tur-kitap","9":"pa_yayinevi-gazi-kitabevi","10":"pa_yazar-ilhan-ege-fatma-ince","12":"first","13":"instock","14":"sale","15":"shipping-taxable","16":"purchasable","17":"product-type-simple"},"_links":{"self":[{"href":"https:\/\/roveyayinevi.com.tr\/index.php\/wp-json\/wp\/v2\/product\/716523","targetHints":{"allow":["GET"]}}],"collection":[{"href":"https:\/\/roveyayinevi.com.tr\/index.php\/wp-json\/wp\/v2\/product"}],"about":[{"href":"https:\/\/roveyayinevi.com.tr\/index.php\/wp-json\/wp\/v2\/types\/product"}],"wp:attachment":[{"href":"https:\/\/roveyayinevi.com.tr\/index.php\/wp-json\/wp\/v2\/media?parent=716523"}],"wp:term":[{"taxonomy":"product_brand","embeddable":true,"href":"https:\/\/roveyayinevi.com.tr\/index.php\/wp-json\/wp\/v2\/product_brand?post=716523"},{"taxonomy":"product_cat","embeddable":true,"href":"https:\/\/roveyayinevi.com.tr\/index.php\/wp-json\/wp\/v2\/product_cat?post=716523"},{"taxonomy":"product_tag","embeddable":true,"href":"https:\/\/roveyayinevi.com.tr\/index.php\/wp-json\/wp\/v2\/product_tag?post=716523"}],"curies":[{"name":"wp","href":"https:\/\/api.w.org\/{rel}","templated":true}]}}