{"id":716522,"date":"2025-08-27T17:43:43","date_gmt":"2025-08-27T14:43:43","guid":{"rendered":"https:\/\/roveyayinevi.com.tr\/index.php\/urun\/denizli-isgucu-piyasasi-ve-sosyal-koruma\/"},"modified":"2026-04-16T02:24:40","modified_gmt":"2026-04-15T23:24:40","slug":"denizli-isgucu-piyasasi-ve-sosyal-koruma","status":"publish","type":"product","link":"https:\/\/roveyayinevi.com.tr\/index.php\/urun\/denizli-isgucu-piyasasi-ve-sosyal-koruma\/","title":{"rendered":"Denizli \u0130\u015fg\u00fcc\u00fc Piyasas\u0131 Ve Sosyal Koruma"},"content":{"rendered":"<p>Denizli \u0130\u015f G\u00fcc\u00fc Piyasas\u0131n\u0131n Genel G\u00f6r\u00fcn\u00fcm\u00fc Denizli Ekonomisinin Genel G\u00f6r\u00fcn\u00fcm\u00fc T\u00fcrkiye ve Ege B\u00f6lgesi Kar\u015f\u0131la\u015ft\u0131rmal\u0131 TR32 B\u00f6lgesinin \u0130\u015fg\u00fcc\u00fc Piyasas\u0131 \u00d6zellikleri Denizli \u0130\u015fg\u00fcc\u00fc Piyasas\u0131nda Memnuniyet D\u00fczeyi \u00c7al\u0131\u015fma Ya\u015fam\u0131nda Kad\u0131n \u0130stihdam\u0131n\u0131n ve \u0130\u015fsizli\u011finin De\u011ferlendirmesi: Denizli \u0130li \u00d6rne\u011fi \u0130\u015fsizlik Sigortas\u0131 Alg\u0131s\u0131: Denizli \u0130linde K\u0131yaslamal\u0131 Bir \u00c7al\u0131\u015fma Denizli \u0130\u015fg\u00fcc\u00fc Piyasas\u0131nda \u0130\u015fsa\u011fl\u0131\u011f\u0131 ve G\u00fcvenli\u011fi Temel Demografik Fakt\u00f6rlerin \u0130\u015f G\u00fcvenli\u011fi K\u00fclt\u00fcr\u00fc \u00dczerine Etkisi: Denizli \u0130li Metal Sekt\u00f6r\u00fc \u00d6rne\u011fi Ekonomik Te\u015fviklerin \u0130\u015f Sa\u011fl\u0131\u011f\u0131 ve G\u00fcvenli\u011fi \u00dczerine Etkisi 3. Denizli&#8217;de Yoksulluk, D\u0131\u015flanma ve Dezavantajl\u0131 Gruplar TR32 B\u00f6lgesinde ve Denizli \u0130li \u00d6zelinde Gelir Da\u011f\u0131l\u0131m\u0131 ve Yoksulluk Denizli&#8217;de Yoksulluk ve Sosyal D\u0131\u015flanma Denizli Kentinde Ya\u015fayan \u0130ranl\u0131 G\u00f6\u00e7menlerin S\u0131n\u0131fsal Konumlar\u0131n\u0131n Analizi Denizli \u0130\u015fg\u00fcc\u00fc Piyasalar\u0131nda \u00dcniversite \u00d6\u011frencileri Duygusal Emek Ba\u011flam\u0131nda \u00c7al\u0131\u015fman\u0131n Anlam\u0131 ve \u0130\u015fe Yabanc\u0131la\u015fma  <\/p>\n","protected":false},"excerpt":{"rendered":"<p>Denizli \u0130\u015f G\u00fcc\u00fc Piyasas\u0131n\u0131n Genel G\u00f6r\u00fcn\u00fcm\u00fc Denizli Ekonomisinin Genel G\u00f6r\u00fcn\u00fcm\u00fc T\u00fcrkiye ve Ege B\u00f6lgesi Kar\u015f\u0131la\u015ft\u0131rmal\u0131 TR32 B\u00f6lgesinin \u0130\u015fg\u00fcc\u00fc Piyasas\u0131 \u00d6zellikleri Denizli \u0130\u015fg\u00fcc\u00fc Piyasas\u0131nda Memnuniyet D\u00fczeyi \u00c7al\u0131\u015fma<span class=\"excerpt-hellip\"> [\u2026]<\/span><\/p>\n","protected":false},"featured_media":0,"template":"","meta":{"_monsterinsights_skip_tracking":false,"_monsterinsights_sitenote_active":false,"_monsterinsights_sitenote_note":"","_monsterinsights_sitenote_category":0},"product_brand":[],"product_cat":[13043,14381],"product_tag":[],"class_list":{"0":"post-716522","1":"product","2":"type-product","3":"status-publish","5":"product_cat-ekonomi","6":"product_cat-isletme-muhasebe-maliye","7":"pa_cilt-ciltsiz","8":"pa_tur-kitap","9":"pa_yayinevi-gazi-kitabevi","10":"pa_yazar-kolektif","12":"first","13":"instock","14":"sale","15":"shipping-taxable","16":"purchasable","17":"product-type-simple"},"_links":{"self":[{"href":"https:\/\/roveyayinevi.com.tr\/index.php\/wp-json\/wp\/v2\/product\/716522","targetHints":{"allow":["GET"]}}],"collection":[{"href":"https:\/\/roveyayinevi.com.tr\/index.php\/wp-json\/wp\/v2\/product"}],"about":[{"href":"https:\/\/roveyayinevi.com.tr\/index.php\/wp-json\/wp\/v2\/types\/product"}],"wp:attachment":[{"href":"https:\/\/roveyayinevi.com.tr\/index.php\/wp-json\/wp\/v2\/media?parent=716522"}],"wp:term":[{"taxonomy":"product_brand","embeddable":true,"href":"https:\/\/roveyayinevi.com.tr\/index.php\/wp-json\/wp\/v2\/product_brand?post=716522"},{"taxonomy":"product_cat","embeddable":true,"href":"https:\/\/roveyayinevi.com.tr\/index.php\/wp-json\/wp\/v2\/product_cat?post=716522"},{"taxonomy":"product_tag","embeddable":true,"href":"https:\/\/roveyayinevi.com.tr\/index.php\/wp-json\/wp\/v2\/product_tag?post=716522"}],"curies":[{"name":"wp","href":"https:\/\/api.w.org\/{rel}","templated":true}]}}