{"id":716519,"date":"2025-08-27T17:43:41","date_gmt":"2025-08-27T14:43:41","guid":{"rendered":"https:\/\/roveyayinevi.com.tr\/index.php\/urun\/gol-kiyisindaki-ev\/"},"modified":"2026-04-16T02:24:40","modified_gmt":"2026-04-15T23:24:40","slug":"gol-kiyisindaki-ev","status":"publish","type":"product","link":"https:\/\/roveyayinevi.com.tr\/index.php\/urun\/gol-kiyisindaki-ev\/","title":{"rendered":"G\u00f6l K\u0131y\u0131s\u0131ndaki Ev"},"content":{"rendered":"<p>Gencoy S\u00fcmer\u2019in G\u00f6l K\u0131y\u0131s\u0131ndaki Ev kitab\u0131 on bir gizemli \u00f6yk\u00fcden olu\u015fuyor.Bu kitab\u0131 okurken, insan ruhunun karanl\u0131k b\u00f6lgelerinde yapaca\u011f\u0131n\u0131z tuhaf, \u015fa\u015f\u0131rt\u0131c\u0131 ve tekinsiz bir geziye haz\u0131r olun. \u00d6yk\u00fclere gelince&#8230;Bir Kapal\u0131 Oda Cinayeti: Klasik tarzda yaz\u0131lm\u0131\u015f, sevimli (cosy) polisiye diye adland\u0131r\u0131lan t\u00fcrde bir dedektif ser\u00fcveni. Feneryolu Cinayetleri\u2019nden tan\u0131d\u0131\u011f\u0131m\u0131z \u00fcnl\u00fc hafiye Kerim \u00dclk\u00fc gene i\u015fba\u015f\u0131nda. O, kilitli bir odada i\u015flenen cinayeti \u00e7\u00f6zmeye \u00e7al\u0131\u015f\u0131rken, soru\u015fturmaya okur da kat\u0131l\u0131yor. Gencoy S\u00fcmer, b\u00fct\u00fcn polisiyelerinde oldu\u011fu gibi hi\u00e7bir ipucunu bizden saklamam\u0131\u015f.Mahur Beste: Olaylar\u0131n ba\u015flang\u0131c\u0131, gece gelen esrarengiz bir telefon. Ge\u00e7mi\u015fin tozlu an\u0131lar\u0131 etrafa sa\u00e7\u0131l\u0131nca, ortaya \u00e7\u0131kan gizemli ama hazin bir \u00f6yk\u00fc.Bir Cinayet Plan\u0131: Sevgilisiyle birlikte kocas\u0131n\u0131 \u00f6ld\u00fcrme planlar\u0131 yapan bir kad\u0131n\u0131n i\u00e7 d\u00fcnyas\u0131. \u0130ki sevgilinin ama\u00e7lar\u0131na ula\u015f\u0131p ula\u015famayacaklar\u0131 tam bir bilmece. \u00d6yk\u00fcn\u00fcn sonu ise hi\u00e7 beklendi\u011fi gibi de\u011fil.Kalyonlar: K\u0131sa ama yak\u0131c\u0131 bir \u00f6yk\u00fc. K\u00fc\u00e7\u00fck bir kasaba delikanl\u0131s\u0131n\u0131n, kendi ge\u00e7mi\u015findeki karanl\u0131\u011f\u0131 ayd\u0131nlatma \u00e7abas\u0131.Bir Zamanlar Ye\u015fil\u00e7am\u2019da: Ya\u015fl\u0131 ve yorgun bir akt\u00f6r gen\u00e7lik y\u0131llar\u0131n\u0131 anlat\u0131yor. I\u015f\u0131lt\u0131l\u0131 ge\u00e7mi\u015finin unutulmaz an\u0131lar\u0131 aras\u0131nda bir de gizemli bir \u00f6l\u00fcm var.Otuz Y\u0131l Sonra: Y\u0131llar \u00f6nce bakt\u0131\u011f\u0131 bir davayla y\u00fczle\u015fmek zorunda kalan emekli bir yarg\u0131c\u0131n \u00f6yk\u00fcs\u00fc.Kan Kokusu: Aile i\u00e7i \u015fiddete tan\u0131kl\u0131k etmeye haz\u0131rlan\u0131n.Aynadaki Cin: Kitaptaki tek fantastik \u00f6yk\u00fc. \u00c7ok bilinen bir masal\u0131n de\u011fi\u015fik bir yorumu. Gencoy S\u00fcmer, \u00fcnl\u00fc Pamuk Prenses ve Yedi C\u00fcceler\u2019i farkl\u0131 bir bak\u0131\u015f a\u00e7\u0131s\u0131ndan yeniden yazm\u0131\u015f ve esrarengiz bir \u00f6yk\u00fcye d\u00f6n\u00fc\u015ft\u00fcrm\u00fc\u015f.Miras: Uygunsuz bir evlili\u011fin gizemli i\u00e7y\u00fcz\u00fcn\u00fc anlatan, \u015fa\u015f\u0131rt\u0131c\u0131 finaliyle olduk\u00e7a keyifli bir \u00f6yk\u00fc.Y\u0131lbas\u0131 Gecesi: \u0130ki sevgilinin y\u0131llar sonraki bulu\u015fmas\u0131, dokunakl\u0131 oldu\u011fu kadar da tehlikeli. Bu hazin kar\u015f\u0131la\u015fmada, gizemli ayr\u0131l\u0131\u011f\u0131n sebebini \u00f6\u011frenebilecek miyiz acaba?G\u00f6l K\u0131y\u0131s\u0131ndaki Ev: Kitaba ad\u0131n\u0131 da veren son \u00f6yk\u00fc. Iss\u0131z bir yerde toplanan d\u00f6rt arkada\u015f\u0131n birlikte ge\u00e7irdikleri tuhaf bir gece. Bu tekinsiz \u00f6yk\u00fcn\u00fcn sonu ise tam anlam\u0131yla beklenmedik ve \u015fa\u015f\u0131rt\u0131c\u0131.Gizemli \u00f6yk\u00fcleri seviyorsan\u0131z bu kitab\u0131 elinizden b\u0131rakamayacaks\u0131n\u0131z.<\/p>\n","protected":false},"excerpt":{"rendered":"<p>Gencoy S\u00fcmer\u2019in G\u00f6l K\u0131y\u0131s\u0131ndaki Ev kitab\u0131 on bir gizemli \u00f6yk\u00fcden olu\u015fuyor.Bu kitab\u0131 okurken, insan ruhunun karanl\u0131k b\u00f6lgelerinde yapaca\u011f\u0131n\u0131z tuhaf, \u015fa\u015f\u0131rt\u0131c\u0131 ve tekinsiz bir geziye haz\u0131r olun.<span class=\"excerpt-hellip\"> [\u2026]<\/span><\/p>\n","protected":false},"featured_media":0,"template":"","meta":{"_monsterinsights_skip_tracking":false,"_monsterinsights_sitenote_active":false,"_monsterinsights_sitenote_note":"","_monsterinsights_sitenote_category":0},"product_brand":[],"product_cat":[12291,12711],"product_tag":[],"class_list":{"0":"post-716519","1":"product","2":"type-product","3":"status-publish","5":"product_cat-edebiyat","6":"product_cat-roman-oyku","7":"pa_cilt-ciltsiz","8":"pa_tur-kitap","9":"pa_yayinevi-herdem-kitap","10":"pa_yazar-gencoy-sumer","12":"first","13":"instock","14":"sale","15":"shipping-taxable","16":"purchasable","17":"product-type-simple"},"_links":{"self":[{"href":"https:\/\/roveyayinevi.com.tr\/index.php\/wp-json\/wp\/v2\/product\/716519","targetHints":{"allow":["GET"]}}],"collection":[{"href":"https:\/\/roveyayinevi.com.tr\/index.php\/wp-json\/wp\/v2\/product"}],"about":[{"href":"https:\/\/roveyayinevi.com.tr\/index.php\/wp-json\/wp\/v2\/types\/product"}],"wp:attachment":[{"href":"https:\/\/roveyayinevi.com.tr\/index.php\/wp-json\/wp\/v2\/media?parent=716519"}],"wp:term":[{"taxonomy":"product_brand","embeddable":true,"href":"https:\/\/roveyayinevi.com.tr\/index.php\/wp-json\/wp\/v2\/product_brand?post=716519"},{"taxonomy":"product_cat","embeddable":true,"href":"https:\/\/roveyayinevi.com.tr\/index.php\/wp-json\/wp\/v2\/product_cat?post=716519"},{"taxonomy":"product_tag","embeddable":true,"href":"https:\/\/roveyayinevi.com.tr\/index.php\/wp-json\/wp\/v2\/product_tag?post=716519"}],"curies":[{"name":"wp","href":"https:\/\/api.w.org\/{rel}","templated":true}]}}