{"id":716517,"date":"2025-08-27T17:43:39","date_gmt":"2025-08-27T14:43:39","guid":{"rendered":"https:\/\/roveyayinevi.com.tr\/index.php\/urun\/kayip-rota\/"},"modified":"2026-04-16T02:24:40","modified_gmt":"2026-04-15T23:24:40","slug":"kayip-rota","status":"publish","type":"product","link":"https:\/\/roveyayinevi.com.tr\/index.php\/urun\/kayip-rota\/","title":{"rendered":"Kay\u0131p Rota"},"content":{"rendered":"<p>\u201cL\u00fctfen dikkat. Bu bir acil durum \u00e7a\u011fr\u0131s\u0131d\u0131r. E\u011fer bu mesaj\u0131 al\u0131yorsan\u0131z l\u00fctfen bizi kurtar\u0131n veya en yak\u0131n sahil g\u00fcvenlik birimi ile irtibata ge\u00e7in. Tam on iki g\u00fcnd\u00fcr denizdeyiz. Yak\u0131t\u0131m\u0131z bitti. \u0130\u00e7me suyumuz bitmek \u00fczere. Hangi y\u00f6ne gidersek gidelim radar\u0131m\u0131z sudan ba\u015fka bir \u015fey g\u00f6stermiyor ve maalesef harita verilerine g\u00f6re olmas\u0131 gereken koordinatlarda karay\u0131 bulam\u0131yoruz. Kaptan Vitaly Sakov, Efthelia, 21 Haziran saat 16.45. Tamam\u201dYok olman\u0131n e\u015fi\u011findeki d\u00fcnyada, bir gemide s\u0131k\u0131\u015f\u0131p kalsayd\u0131n\u0131z ne olurdu?Karadeniz\u2019de bir ticari kuru y\u00fck gemisinde gemi adamlar\u0131n\u0131n ama\u00e7s\u0131z hayatlar\u0131, tuhaf olaylarla radikal bir \u015fekilde y\u00f6n de\u011fi\u015ftirir. D\u00fcnyan\u0131n iklimini ve co\u011frafyas\u0131n\u0131 alt \u00fcst eden, astro-fiziksel k\u00f6kenli k\u00fcresel bir felaket sonras\u0131nda rotalar\u0131n\u0131 kaybederler. U\u00e7suz enginlikte yollar\u0131n\u0131 bulmak var olma m\u00fccadelesine d\u00f6n\u00fc\u015f\u00fcr. Hep karadan ka\u00e7\u0131p denize s\u0131\u011f\u0131nm\u0131\u015f bu adamlar i\u00e7in yeniden karaya ula\u015fma \u00e7abas\u0131 onlar\u0131 birbirlerine kenetler.D\u00fcnyan\u0131n kaderinin beklenmedik kasvetli bir \u00e7\u00f6k\u00fc\u015fe s\u00fcr\u00fcklenmesini, ticari gemilerde \u00e7al\u0131\u015fan denizcilerin g\u00f6z\u00fcnden ele alan Kay\u0131p Rota, k\u0131yamet sonras\u0131 bilimkurgu ve spek\u00fclatif kurgu t\u00fcrlerini harmanlayan s\u00fcr\u00fckleyici ve \u015fa\u015f\u0131rt\u0131c\u0131 hik\u00e2yesiyle okuru kendisine ba\u011fl\u0131yor.<\/p>\n","protected":false},"excerpt":{"rendered":"<p>\u201cL\u00fctfen dikkat. Bu bir acil durum \u00e7a\u011fr\u0131s\u0131d\u0131r. E\u011fer bu mesaj\u0131 al\u0131yorsan\u0131z l\u00fctfen bizi kurtar\u0131n veya en yak\u0131n sahil g\u00fcvenlik birimi ile irtibata ge\u00e7in. Tam on iki<span class=\"excerpt-hellip\"> [\u2026]<\/span><\/p>\n","protected":false},"featured_media":0,"template":"","meta":{"_monsterinsights_skip_tracking":false,"_monsterinsights_sitenote_active":false,"_monsterinsights_sitenote_note":"","_monsterinsights_sitenote_category":0},"product_brand":[],"product_cat":[12291,12711],"product_tag":[],"class_list":{"0":"post-716517","1":"product","2":"type-product","3":"status-publish","5":"product_cat-edebiyat","6":"product_cat-roman-oyku","7":"pa_cilt-ciltsiz","8":"pa_tur-kitap","9":"pa_yayinevi-eksik-parca-yayinlari","10":"pa_yazar-ozgen-bicgin","12":"first","13":"instock","14":"sale","15":"shipping-taxable","16":"purchasable","17":"product-type-simple"},"_links":{"self":[{"href":"https:\/\/roveyayinevi.com.tr\/index.php\/wp-json\/wp\/v2\/product\/716517","targetHints":{"allow":["GET"]}}],"collection":[{"href":"https:\/\/roveyayinevi.com.tr\/index.php\/wp-json\/wp\/v2\/product"}],"about":[{"href":"https:\/\/roveyayinevi.com.tr\/index.php\/wp-json\/wp\/v2\/types\/product"}],"wp:attachment":[{"href":"https:\/\/roveyayinevi.com.tr\/index.php\/wp-json\/wp\/v2\/media?parent=716517"}],"wp:term":[{"taxonomy":"product_brand","embeddable":true,"href":"https:\/\/roveyayinevi.com.tr\/index.php\/wp-json\/wp\/v2\/product_brand?post=716517"},{"taxonomy":"product_cat","embeddable":true,"href":"https:\/\/roveyayinevi.com.tr\/index.php\/wp-json\/wp\/v2\/product_cat?post=716517"},{"taxonomy":"product_tag","embeddable":true,"href":"https:\/\/roveyayinevi.com.tr\/index.php\/wp-json\/wp\/v2\/product_tag?post=716517"}],"curies":[{"name":"wp","href":"https:\/\/api.w.org\/{rel}","templated":true}]}}