{"id":716516,"date":"2025-08-27T17:43:39","date_gmt":"2025-08-27T14:43:39","guid":{"rendered":"https:\/\/roveyayinevi.com.tr\/index.php\/urun\/mubadele\/"},"modified":"2026-04-16T02:24:40","modified_gmt":"2026-04-15T23:24:40","slug":"mubadele","status":"publish","type":"product","link":"https:\/\/roveyayinevi.com.tr\/index.php\/urun\/mubadele\/","title":{"rendered":"M\u00fcbadele"},"content":{"rendered":"<p>Anadolu\u2019nun i\u015fgali s\u00fcrecinde Nansen taraf\u0131ndan Milletler Cemiyeti&#8217;nin teklifi ile haz\u0131rlanan rapora dayan\u0131larak g\u00fcndeme gelen n\u00fcfus m\u00fcbadelesinin, ulusla\u015fma s\u00fcrecindeki her iki toplumda derin sosyal ve k\u00fclt\u00fcrel etkileri olmu\u015ftur. M\u00fcbadele her iki tarafta, farkl\u0131 tonlarda ama benzer ac\u0131lara, \u00f6zlemlere, toplumsal s\u0131k\u0131nt\u0131lara yol a\u00e7m\u0131\u015ft\u0131r. Balkanlar\u0131n \u201c\u00f6teki\u201dsi T\u00fcrk m\u00fcbadiller, yakla\u015f\u0131k 500 y\u0131ld\u0131r ya\u015fad\u0131\u011f\u0131 ve art\u0131k vatan olarak da benimsedi\u011fi topraklardan sava\u015f ortam\u0131 ve uygulanan bask\u0131 politikalar\u0131 gerek\u00e7esiyle k\u00f6ylerindeki mallar\u0131n\u0131, m\u00fclklerini terk ederek Anadolu\u2019ya do\u011fru yeni bir g\u00f6\u00e7e ba\u015flam\u0131\u015ft\u0131r. N\u00fcfus M\u00fcbadelesi de ya\u015fanan her t\u00fcrl\u00fc zorlu\u011fa kar\u015f\u0131n yurdunu, k\u00f6y\u00fcn\u00fc, topra\u011f\u0131n\u0131 terk etmeyip kalanlar\u0131n Anadolu\u2019ya g\u00f6nderilmelerinin s\u00fcrecidir. N\u00fcfus M\u00fcbadelesinin Anadolu\u2019daki Hristiyan Rum taraf\u0131 da benzer trajediye sahip olmu\u015ftur. Yunan ordular\u0131n\u0131n Bat\u0131 Anadolu\u2019yu i\u015fgali ile birlikte i\u015fgal b\u00f6lgelerindeki uygulamalar\u0131, Anadolu\u2019daki Hristiyan Rum n\u00fcfusun da m\u00fcbadelesini zorunlu k\u0131lm\u0131\u015ft\u0131r. Bu s\u00fcre\u00e7te Karaman ve Kapadokya b\u00f6lgesinde ya\u015fayan Hristiyan T\u00fcrkler de az\u0131nl\u0131k stat\u00fcs\u00fcnde zorunlu g\u00f6\u00e7e tabi tutulmu\u015f, Ortodoks T\u00fcrklerin de i\u00e7inde oldu\u011fu yakla\u015f\u0131k bir milyon iki y\u00fcz bin insan yurtlar\u0131n\u0131 terk ederek Yunanistan ve adalara isk\u00e2n olunmu\u015ftur. Binlerce y\u0131ld\u0131r Anadolu\u2019da ya\u015fayan Hristiyan Rumlar, Yunanistan\u2019da uyum sorunlar\u0131 ya\u015fam\u0131\u015flard\u0131r. Rum m\u00fcbadiller de yurtlar\u0131ndan zorla kopar\u0131lma hissiyat\u0131 ve tekrar geri d\u00f6nmek d\u00fc\u015f\u00fcncesiyle hareket etmi\u015f, Anadolu\u2019daki k\u00f6ylerinin, kasabalar\u0131n\u0131n, \u015fehirlerinin isimlerini aynen ta\u015f\u0131yarak Yunanistan\u2019da \u201c\u00f6teki\u201d kimli\u011fi i\u00e7inde ya\u015fam\u0131\u015flard\u0131r.<\/p>\n","protected":false},"excerpt":{"rendered":"<p>Anadolu\u2019nun i\u015fgali s\u00fcrecinde Nansen taraf\u0131ndan Milletler Cemiyeti&#8217;nin teklifi ile haz\u0131rlanan rapora dayan\u0131larak g\u00fcndeme gelen n\u00fcfus m\u00fcbadelesinin, ulusla\u015fma s\u00fcrecindeki her iki toplumda derin sosyal ve k\u00fclt\u00fcrel etkileri<span class=\"excerpt-hellip\"> [\u2026]<\/span><\/p>\n","protected":false},"featured_media":0,"template":"","meta":{"_monsterinsights_skip_tracking":false,"_monsterinsights_sitenote_active":false,"_monsterinsights_sitenote_note":"","_monsterinsights_sitenote_category":0},"product_brand":[],"product_cat":[12312,12304],"product_tag":[],"class_list":{"0":"post-716516","1":"product","2":"type-product","3":"status-publish","5":"product_cat-diger","6":"product_cat-tarih","7":"pa_cilt-ciltsiz","8":"pa_tur-kitap","9":"pa_yayinevi-ideal-kultur-yayincilik","10":"pa_yazar-ibrahim-erdal","12":"first","13":"instock","14":"sale","15":"shipping-taxable","16":"purchasable","17":"product-type-simple"},"_links":{"self":[{"href":"https:\/\/roveyayinevi.com.tr\/index.php\/wp-json\/wp\/v2\/product\/716516","targetHints":{"allow":["GET"]}}],"collection":[{"href":"https:\/\/roveyayinevi.com.tr\/index.php\/wp-json\/wp\/v2\/product"}],"about":[{"href":"https:\/\/roveyayinevi.com.tr\/index.php\/wp-json\/wp\/v2\/types\/product"}],"wp:attachment":[{"href":"https:\/\/roveyayinevi.com.tr\/index.php\/wp-json\/wp\/v2\/media?parent=716516"}],"wp:term":[{"taxonomy":"product_brand","embeddable":true,"href":"https:\/\/roveyayinevi.com.tr\/index.php\/wp-json\/wp\/v2\/product_brand?post=716516"},{"taxonomy":"product_cat","embeddable":true,"href":"https:\/\/roveyayinevi.com.tr\/index.php\/wp-json\/wp\/v2\/product_cat?post=716516"},{"taxonomy":"product_tag","embeddable":true,"href":"https:\/\/roveyayinevi.com.tr\/index.php\/wp-json\/wp\/v2\/product_tag?post=716516"}],"curies":[{"name":"wp","href":"https:\/\/api.w.org\/{rel}","templated":true}]}}