{"id":716515,"date":"2025-08-27T17:43:38","date_gmt":"2025-08-27T14:43:38","guid":{"rendered":"https:\/\/roveyayinevi.com.tr\/index.php\/urun\/one-punch-man-cilt-13\/"},"modified":"2026-04-16T02:24:40","modified_gmt":"2026-04-15T23:24:40","slug":"one-punch-man-cilt-13","status":"publish","type":"product","link":"https:\/\/roveyayinevi.com.tr\/index.php\/urun\/one-punch-man-cilt-13\/","title":{"rendered":"One &#8211; Punch Man Cilt 13"},"content":{"rendered":"<p>Kar\u015f\u0131na \u00e7\u0131kan herkesin i\u015fini tek bir yumrukla bitiriyorsan hayat son derece s\u0131k\u0131c\u0131 bir \u015fey haline gelebilir. A s\u0131n\u0131f\u0131 kahramanlar dev ahtapotla d\u00f6v\u00fc\u015f\u00fcrken ger\u00e7ekten de \u00e7ok zor zamanlar ge\u00e7iriyorlar. Derken, beklenmedik bir \u015fekilde, bir S s\u0131n\u0131f\u0131 kahraman olan I\u015f\u0131ldayan Alev de d\u00f6v\u00fc\u015fe kat\u0131l\u0131yor. \u0130stifini bozmayan Canavarlar Birli\u011fi sald\u0131r\u0131lar\u0131n dozunu art\u0131r\u0131yor ancak neyin pe\u015finde olduklar\u0131 tam bir muamma olmaya devam ediyor. Bu arada, d\u00f6v\u00fc\u015f sanatlar\u0131 turnuvas\u0131n\u0131n da yar\u0131 finalleri ba\u015flamak \u00fczere!<\/p>\n","protected":false},"excerpt":{"rendered":"<p>Kar\u015f\u0131na \u00e7\u0131kan herkesin i\u015fini tek bir yumrukla bitiriyorsan hayat son derece s\u0131k\u0131c\u0131 bir \u015fey haline gelebilir. A s\u0131n\u0131f\u0131 kahramanlar dev ahtapotla d\u00f6v\u00fc\u015f\u00fcrken ger\u00e7ekten de \u00e7ok zor<span class=\"excerpt-hellip\"> [\u2026]<\/span><\/p>\n","protected":false},"featured_media":0,"template":"","meta":{"_monsterinsights_skip_tracking":false,"_monsterinsights_sitenote_active":false,"_monsterinsights_sitenote_note":"","_monsterinsights_sitenote_category":0},"product_brand":[],"product_cat":[12416,12291],"product_tag":[],"class_list":{"0":"post-716515","1":"product","2":"type-product","3":"status-publish","5":"product_cat-cizgi-roman","6":"product_cat-edebiyat","7":"pa_cilt-ciltsiz","8":"pa_tur-kitap","9":"pa_yayinevi-akil-celen-kitaplar","10":"pa_yazar-kolektif","12":"first","13":"instock","14":"sale","15":"shipping-taxable","16":"purchasable","17":"product-type-simple"},"_links":{"self":[{"href":"https:\/\/roveyayinevi.com.tr\/index.php\/wp-json\/wp\/v2\/product\/716515","targetHints":{"allow":["GET"]}}],"collection":[{"href":"https:\/\/roveyayinevi.com.tr\/index.php\/wp-json\/wp\/v2\/product"}],"about":[{"href":"https:\/\/roveyayinevi.com.tr\/index.php\/wp-json\/wp\/v2\/types\/product"}],"wp:attachment":[{"href":"https:\/\/roveyayinevi.com.tr\/index.php\/wp-json\/wp\/v2\/media?parent=716515"}],"wp:term":[{"taxonomy":"product_brand","embeddable":true,"href":"https:\/\/roveyayinevi.com.tr\/index.php\/wp-json\/wp\/v2\/product_brand?post=716515"},{"taxonomy":"product_cat","embeddable":true,"href":"https:\/\/roveyayinevi.com.tr\/index.php\/wp-json\/wp\/v2\/product_cat?post=716515"},{"taxonomy":"product_tag","embeddable":true,"href":"https:\/\/roveyayinevi.com.tr\/index.php\/wp-json\/wp\/v2\/product_tag?post=716515"}],"curies":[{"name":"wp","href":"https:\/\/api.w.org\/{rel}","templated":true}]}}