{"id":716512,"date":"2025-08-27T17:43:36","date_gmt":"2025-08-27T14:43:36","guid":{"rendered":"https:\/\/roveyayinevi.com.tr\/index.php\/urun\/urlali-bir-filozof-anaksagoras\/"},"modified":"2026-04-16T02:24:40","modified_gmt":"2026-04-15T23:24:40","slug":"urlali-bir-filozof-anaksagoras","status":"publish","type":"product","link":"https:\/\/roveyayinevi.com.tr\/index.php\/urun\/urlali-bir-filozof-anaksagoras\/","title":{"rendered":"Urlal\u0131 Bir Filozof &#8211; Anaksagoras"},"content":{"rendered":"<p>Urlal\u0131 Bir Filozof Anaksagoras, 2018 Elinizdeki kitap T\u00fcrkiye Felsefe Kurumunun d\u00fczenledi\u011fi \u201cAnadolu\u2019da Felsefeye Yolculuk\u201d ba\u015fl\u0131kl\u0131 toplant\u0131 dizisinin d\u00f6rd\u00fcnc\u00fc dura\u011f\u0131nda yap\u0131lan ve metinleri bize ula\u015ft\u0131r\u0131\u015fan konu\u015fmalardan olu\u015fuyor. Antik\u00e7a\u011fdan g\u00fcn\u00fcm\u00fcze kadar Anadolulu filozof, bilgin, d\u00fc\u015f\u00fcn\u00fcr ve bilim insan\u0131n\u0131n d\u00fcnya uygarl\u0131k tarihine katt\u0131klar\u0131na ve bu insanlar\u0131n yapt\u0131klar\u0131yla olu\u015fmu\u015f Anadolu k\u00fclt\u00fcr\u00fcne s\u00fcreklili\u011finde \u0131\u015f\u0131k tutan, bu k\u00fclt\u00fcr\u00fcn d\u00fcnya k\u00fclt\u00fcr\u00fcne katk\u0131lar\u0131n\u0131 an\u0131msatan, y\u0131llarca s\u00fcrebilecek bu \u00e7al\u0131\u015fmam\u0131z\u0131n Nietzsche\u2019nin terimleriyle hem \u201can\u0131tsal\u201d hem de \u201cantikac\u0131\u201d tarih \u00e7al\u0131\u015fmam\u0131z\u0131n \u00fcr\u00fcnlerinin g\u00fcn\u00fcm\u00fcz i\u00e7in bir ilham kayna\u011f\u0131 olmas\u0131n\u0131 diliyoruz. <\/p>\n","protected":false},"excerpt":{"rendered":"<p>Urlal\u0131 Bir Filozof Anaksagoras, 2018 Elinizdeki kitap T\u00fcrkiye Felsefe Kurumunun d\u00fczenledi\u011fi \u201cAnadolu\u2019da Felsefeye Yolculuk\u201d ba\u015fl\u0131kl\u0131 toplant\u0131 dizisinin d\u00f6rd\u00fcnc\u00fc dura\u011f\u0131nda yap\u0131lan ve metinleri bize ula\u015ft\u0131r\u0131\u015fan konu\u015fmalardan olu\u015fuyor.<span class=\"excerpt-hellip\"> [\u2026]<\/span><\/p>\n","protected":false},"featured_media":0,"template":"","meta":{"_monsterinsights_skip_tracking":false,"_monsterinsights_sitenote_active":false,"_monsterinsights_sitenote_note":"","_monsterinsights_sitenote_category":0},"product_brand":[],"product_cat":[12388,26788],"product_tag":[],"class_list":{"0":"post-716512","1":"product","2":"type-product","3":"status-publish","5":"product_cat-felsefe","6":"product_cat-filozoflar","7":"pa_cilt-ciltsiz","8":"pa_tur-kitap","9":"pa_yayinevi-turkiye-felsefe-kurumu","10":"pa_yazar-kolektif","12":"first","13":"instock","14":"sale","15":"shipping-taxable","16":"purchasable","17":"product-type-simple"},"_links":{"self":[{"href":"https:\/\/roveyayinevi.com.tr\/index.php\/wp-json\/wp\/v2\/product\/716512","targetHints":{"allow":["GET"]}}],"collection":[{"href":"https:\/\/roveyayinevi.com.tr\/index.php\/wp-json\/wp\/v2\/product"}],"about":[{"href":"https:\/\/roveyayinevi.com.tr\/index.php\/wp-json\/wp\/v2\/types\/product"}],"wp:attachment":[{"href":"https:\/\/roveyayinevi.com.tr\/index.php\/wp-json\/wp\/v2\/media?parent=716512"}],"wp:term":[{"taxonomy":"product_brand","embeddable":true,"href":"https:\/\/roveyayinevi.com.tr\/index.php\/wp-json\/wp\/v2\/product_brand?post=716512"},{"taxonomy":"product_cat","embeddable":true,"href":"https:\/\/roveyayinevi.com.tr\/index.php\/wp-json\/wp\/v2\/product_cat?post=716512"},{"taxonomy":"product_tag","embeddable":true,"href":"https:\/\/roveyayinevi.com.tr\/index.php\/wp-json\/wp\/v2\/product_tag?post=716512"}],"curies":[{"name":"wp","href":"https:\/\/api.w.org\/{rel}","templated":true}]}}