{"id":716506,"date":"2025-08-27T17:43:33","date_gmt":"2025-08-27T14:43:33","guid":{"rendered":"https:\/\/roveyayinevi.com.tr\/index.php\/urun\/marti-jonathan-livingston-ciltli\/"},"modified":"2026-04-16T02:24:40","modified_gmt":"2026-04-15T23:24:40","slug":"marti-jonathan-livingston-ciltli","status":"publish","type":"product","link":"https:\/\/roveyayinevi.com.tr\/index.php\/urun\/marti-jonathan-livingston-ciltli\/","title":{"rendered":"Mart\u0131 Jonathan Livingston (Ciltli)"},"content":{"rendered":"<p>\u201cCehaletimizi k\u0131rabiliriz, becerilerimizi, yeteneklerimizi ve zek\u00e2m\u0131z\u0131 kullanarak kendimizi bulabilir, kendimiz olabiliriz. En \u00f6nemlisi, \u00f6zg\u00fcr olabiliriz! U\u00e7may\u0131 \u00f6\u011frenebiliriz!\u201d <\/p>\n","protected":false},"excerpt":{"rendered":"<p>\u201cCehaletimizi k\u0131rabiliriz, becerilerimizi, yeteneklerimizi ve zek\u00e2m\u0131z\u0131 kullanarak kendimizi bulabilir, kendimiz olabiliriz. En \u00f6nemlisi, \u00f6zg\u00fcr olabiliriz! U\u00e7may\u0131 \u00f6\u011frenebiliriz!\u201d<\/p>\n","protected":false},"featured_media":0,"template":"","meta":{"_monsterinsights_skip_tracking":false,"_monsterinsights_sitenote_active":false,"_monsterinsights_sitenote_note":"","_monsterinsights_sitenote_category":0},"product_brand":[],"product_cat":[12291,12711],"product_tag":[],"class_list":{"0":"post-716506","1":"product","2":"type-product","3":"status-publish","5":"product_cat-edebiyat","6":"product_cat-roman-oyku","7":"pa_cilt-ciltli","8":"pa_tur-kitap","9":"pa_yayinevi-epsilon-yayinlari","10":"pa_yazar-richard-bach","12":"first","13":"instock","14":"sale","15":"shipping-taxable","16":"purchasable","17":"product-type-simple"},"_links":{"self":[{"href":"https:\/\/roveyayinevi.com.tr\/index.php\/wp-json\/wp\/v2\/product\/716506","targetHints":{"allow":["GET"]}}],"collection":[{"href":"https:\/\/roveyayinevi.com.tr\/index.php\/wp-json\/wp\/v2\/product"}],"about":[{"href":"https:\/\/roveyayinevi.com.tr\/index.php\/wp-json\/wp\/v2\/types\/product"}],"wp:attachment":[{"href":"https:\/\/roveyayinevi.com.tr\/index.php\/wp-json\/wp\/v2\/media?parent=716506"}],"wp:term":[{"taxonomy":"product_brand","embeddable":true,"href":"https:\/\/roveyayinevi.com.tr\/index.php\/wp-json\/wp\/v2\/product_brand?post=716506"},{"taxonomy":"product_cat","embeddable":true,"href":"https:\/\/roveyayinevi.com.tr\/index.php\/wp-json\/wp\/v2\/product_cat?post=716506"},{"taxonomy":"product_tag","embeddable":true,"href":"https:\/\/roveyayinevi.com.tr\/index.php\/wp-json\/wp\/v2\/product_tag?post=716506"}],"curies":[{"name":"wp","href":"https:\/\/api.w.org\/{rel}","templated":true}]}}