{"id":716504,"date":"2025-08-27T17:43:31","date_gmt":"2025-08-27T14:43:31","guid":{"rendered":"https:\/\/roveyayinevi.com.tr\/index.php\/urun\/diyette-nefsin-egitimi\/"},"modified":"2026-04-16T02:24:40","modified_gmt":"2026-04-15T23:24:40","slug":"diyette-nefsin-egitimi","status":"publish","type":"product","link":"https:\/\/roveyayinevi.com.tr\/index.php\/urun\/diyette-nefsin-egitimi\/","title":{"rendered":"Diyette Nefsin E\u011fitimi"},"content":{"rendered":"<p>Nefsimiz, her t\u00fcrl\u00fc lezzeti tatmak ister. Tatt\u0131k\u00e7a da daha fazlas\u0131n\u0131 ister. Sinek, az miktarda bal yese bile rahat bir \u015fekilde u\u00e7arak hayat\u0131na devam eder fakat daha fazla yiyece\u011fim diyerek bal\u0131n ortas\u0131na do\u011fru ilerler, ayaklar\u0131 bala yap\u0131\u015ft\u0131\u011f\u0131ndan geri havalanamaz ve orada bo\u011fulup gider. \u0130nsan da ayn\u0131 bu sinek gibi. Taba\u011f\u0131n kenar\u0131ndan az miktarda yese, rahat bir \u015fekilde hayat\u0131na devam eder fakat nefsine h\u00e2kim olamay\u0131p \u00e7ok fazla yer ve yemekten dolay\u0131 hastal\u0131k batakl\u0131\u011f\u0131nda bo\u011fulup gider. \u00dcf\u00fcr\u00fclen balonun \u015fi\u015fti\u011fi gibi yiyen de \u015fi\u015fmanlar. B\u00fct\u00fcn mesele, yememe iradesine sahip olmak. Bu kitap; gelece\u011fi g\u00f6stererek yememe iradenizi kuvvetlendirir.<\/p>\n","protected":false},"excerpt":{"rendered":"<p>Nefsimiz, her t\u00fcrl\u00fc lezzeti tatmak ister. Tatt\u0131k\u00e7a da daha fazlas\u0131n\u0131 ister. Sinek, az miktarda bal yese bile rahat bir \u015fekilde u\u00e7arak hayat\u0131na devam eder fakat daha<span class=\"excerpt-hellip\"> [\u2026]<\/span><\/p>\n","protected":false},"featured_media":0,"template":"","meta":{"_monsterinsights_skip_tracking":false,"_monsterinsights_sitenote_active":false,"_monsterinsights_sitenote_note":"","_monsterinsights_sitenote_category":0},"product_brand":[],"product_cat":[13366,13365],"product_tag":[],"class_list":{"0":"post-716504","1":"product","2":"type-product","3":"status-publish","5":"product_cat-diger-saglik","6":"product_cat-saglik","7":"pa_cilt-ciltsiz","8":"pa_tur-kitap","9":"pa_yayinevi-hayat-yayinlari","10":"pa_yazar-davut-can","12":"first","13":"instock","14":"sale","15":"shipping-taxable","16":"purchasable","17":"product-type-simple"},"_links":{"self":[{"href":"https:\/\/roveyayinevi.com.tr\/index.php\/wp-json\/wp\/v2\/product\/716504","targetHints":{"allow":["GET"]}}],"collection":[{"href":"https:\/\/roveyayinevi.com.tr\/index.php\/wp-json\/wp\/v2\/product"}],"about":[{"href":"https:\/\/roveyayinevi.com.tr\/index.php\/wp-json\/wp\/v2\/types\/product"}],"wp:attachment":[{"href":"https:\/\/roveyayinevi.com.tr\/index.php\/wp-json\/wp\/v2\/media?parent=716504"}],"wp:term":[{"taxonomy":"product_brand","embeddable":true,"href":"https:\/\/roveyayinevi.com.tr\/index.php\/wp-json\/wp\/v2\/product_brand?post=716504"},{"taxonomy":"product_cat","embeddable":true,"href":"https:\/\/roveyayinevi.com.tr\/index.php\/wp-json\/wp\/v2\/product_cat?post=716504"},{"taxonomy":"product_tag","embeddable":true,"href":"https:\/\/roveyayinevi.com.tr\/index.php\/wp-json\/wp\/v2\/product_tag?post=716504"}],"curies":[{"name":"wp","href":"https:\/\/api.w.org\/{rel}","templated":true}]}}