{"id":716502,"date":"2025-08-27T17:43:30","date_gmt":"2025-08-27T14:43:30","guid":{"rendered":"https:\/\/roveyayinevi.com.tr\/index.php\/urun\/iliskilerde-zihinden-kalbe-gecis\/"},"modified":"2026-04-16T02:24:40","modified_gmt":"2026-04-15T23:24:40","slug":"iliskilerde-zihinden-kalbe-gecis","status":"publish","type":"product","link":"https:\/\/roveyayinevi.com.tr\/index.php\/urun\/iliskilerde-zihinden-kalbe-gecis\/","title":{"rendered":"\u0130li\u015fkilerde Zihinden Kalbe Ge\u00e7i\u015f"},"content":{"rendered":"<p>Hayat, insanlara t\u00fcm canl\u0131larla ili\u015fkileri yoluyla kendi varl\u0131\u011f\u0131n\u0131 tan\u0131mas\u0131 ve bilincini geli\u015ftirmesi konusunda bir deneyim alan\u0131 haz\u0131rlar. \u0130nsan kendisiyle olan ili\u015fkisinin kalitesi, di\u011fer t\u00fcm canl\u0131lar ile olan ileti\u015fim bi\u00e7imini belirler. Kim oldu\u011fumuzu ke\u015ffetmeye \u00e7al\u0131\u015f\u0131rken, di\u011ferleriyle olan ili\u015fkilerimize g\u00f6z atmak, de\u011ferli bilgiler kazand\u0131r\u0131r. Bu kitapta ikili ili\u015fkilerde dengeli ve y\u00fcr\u00fct\u00fclmemesindeki duygusal nedenler ve \u00e7\u00f6z\u00fcmleri, mutlu evlilikler i\u00e7in ipu\u00e7lar\u0131, bo\u015fanma ve yaratt\u011f\u0131travmalar\u0131n verilen tekniklerle ortadan kald\u0131r\u0131labilece\u011fine dair bilgiler yer almaktad\u0131r.<\/p>\n","protected":false},"excerpt":{"rendered":"<p>Hayat, insanlara t\u00fcm canl\u0131larla ili\u015fkileri yoluyla kendi varl\u0131\u011f\u0131n\u0131 tan\u0131mas\u0131 ve bilincini geli\u015ftirmesi konusunda bir deneyim alan\u0131 haz\u0131rlar. \u0130nsan kendisiyle olan ili\u015fkisinin kalitesi, di\u011fer t\u00fcm canl\u0131lar ile<span class=\"excerpt-hellip\"> [\u2026]<\/span><\/p>\n","protected":false},"featured_media":0,"template":"","meta":{"_monsterinsights_skip_tracking":false,"_monsterinsights_sitenote_active":false,"_monsterinsights_sitenote_note":"","_monsterinsights_sitenote_category":0},"product_brand":[],"product_cat":[26396,13488],"product_tag":[],"class_list":{"0":"post-716502","1":"product","2":"type-product","3":"status-publish","5":"product_cat-kadin-erkek-iliskileri","6":"product_cat-toplum-ve-insan","7":"pa_cilt-ciltsiz","8":"pa_tur-kitap","9":"pa_yayinevi-gazi-kitabevi","10":"pa_yazar-umit-grace-samur","12":"first","13":"instock","14":"sale","15":"shipping-taxable","16":"purchasable","17":"product-type-simple"},"_links":{"self":[{"href":"https:\/\/roveyayinevi.com.tr\/index.php\/wp-json\/wp\/v2\/product\/716502","targetHints":{"allow":["GET"]}}],"collection":[{"href":"https:\/\/roveyayinevi.com.tr\/index.php\/wp-json\/wp\/v2\/product"}],"about":[{"href":"https:\/\/roveyayinevi.com.tr\/index.php\/wp-json\/wp\/v2\/types\/product"}],"wp:attachment":[{"href":"https:\/\/roveyayinevi.com.tr\/index.php\/wp-json\/wp\/v2\/media?parent=716502"}],"wp:term":[{"taxonomy":"product_brand","embeddable":true,"href":"https:\/\/roveyayinevi.com.tr\/index.php\/wp-json\/wp\/v2\/product_brand?post=716502"},{"taxonomy":"product_cat","embeddable":true,"href":"https:\/\/roveyayinevi.com.tr\/index.php\/wp-json\/wp\/v2\/product_cat?post=716502"},{"taxonomy":"product_tag","embeddable":true,"href":"https:\/\/roveyayinevi.com.tr\/index.php\/wp-json\/wp\/v2\/product_tag?post=716502"}],"curies":[{"name":"wp","href":"https:\/\/api.w.org\/{rel}","templated":true}]}}