{"id":716500,"date":"2025-08-27T17:43:29","date_gmt":"2025-08-27T14:43:29","guid":{"rendered":"https:\/\/roveyayinevi.com.tr\/index.php\/urun\/citir-citir-felsefe-31-sans-ve-sanssizlik\/"},"modified":"2026-04-16T02:24:40","modified_gmt":"2026-04-15T23:24:40","slug":"citir-citir-felsefe-31-sans-ve-sanssizlik","status":"publish","type":"product","link":"https:\/\/roveyayinevi.com.tr\/index.php\/urun\/citir-citir-felsefe-31-sans-ve-sanssizlik\/","title":{"rendered":"\u00c7\u0131t\u0131r \u00c7\u0131t\u0131r Felsefe 31 \u015eans ve \u015eanss\u0131zl\u0131k"},"content":{"rendered":"<p>Ya\u015fam\u0131n her alan\u0131nda felsefeyi \u015f\u00f6lene d\u00f6n\u00fc\u015ft\u00fcren, modern bir klasik haline gelen &#8220;\u00c7\u0131t\u0131r \u00c7\u0131t\u0131r Felsefe&#8221; dizisi 31. kitaba ula\u015ft\u0131!Siz \u015fansl\u0131 \u015fanss\u0131zlardan m\u0131s\u0131n\u0131z, yoksa&#8230; T\u00fcm d\u00fcnyada milyonlarca okura ula\u015fan, k\u00fc\u00e7\u00fck b\u00fcy\u00fck herkesin hayat\u0131 sorgulama rehberi, benzersiz &#8220;\u00c7\u0131t\u0131r \u00c7\u0131t\u0131r Felsefe&#8221; dizisinin 31. kitab\u0131, &#8220;\u015fans&#8221; ve &#8220;\u015fanss\u0131zl\u0131k&#8221; kavramlar\u0131n\u0131 ele al\u0131yor. Dizinin yarat\u0131c\u0131s\u0131 Brigitte Labb\u00e9 bu kitab\u0131nda, hangi durumlarda \u015fans ya da \u015fanss\u0131zl\u0131ktan s\u00f6z edilebilece\u011fini g\u00fcndelik ya\u015famdan \u00f6rneklerle d\u00fc\u015f\u00fcnd\u00fcr\u00fcyor. \u00c7ocuklar ve felsefe \u00fczerine \u00e7al\u0131\u015fmalar yapanlara da ilham kayna\u011f\u0131 olan dizi, Jacques Azam&#8217;\u0131n derin mizah anlay\u0131\u015f\u0131n\u0131 yans\u0131tt\u0131\u011f\u0131 desenleriyle renkleniyor. Dizinin kitaplar\u0131n\u0131 okuyan \u00e7ocuklar, \u00f6\u011fretmenler ve anne babalar, birlikte d\u00fc\u015f\u00fcnmenin ve ileti\u015fimin kap\u0131lar\u0131n\u0131 aral\u0131yor.\u015eans\u0131n ve \u015fanss\u0131zl\u0131\u011f\u0131n, insanlar aras\u0131nda fark g\u00f6zetilmeden da\u011f\u0131t\u0131lmas\u0131n\u0131 kabullenemiyoruz. Bazen \u015fans k\u00f6t\u00fclere g\u00fclerken, \u015fanss\u0131zl\u0131k iyileri bulabiliyor&#8230; Bilim, belirsizli\u011fi azaltmaya yard\u0131mc\u0131 olur. Onunla, \u015fansa daha az bel ba\u011flar, \u015fanss\u0131zl\u0131ktan daha az korkar\u0131z. Ama s\u0131f\u0131r risk diye bir \u015fey de yoktur. \u0130yi ya da k\u00f6t\u00fc hi\u00e7bir s\u00fcrprizin olmad\u0131\u011f\u0131 bir ya\u015fam ister miydik?..<\/p>\n","protected":false},"excerpt":{"rendered":"<p>Ya\u015fam\u0131n her alan\u0131nda felsefeyi \u015f\u00f6lene d\u00f6n\u00fc\u015ft\u00fcren, modern bir klasik haline gelen &#8220;\u00c7\u0131t\u0131r \u00c7\u0131t\u0131r Felsefe&#8221; dizisi 31. kitaba ula\u015ft\u0131!Siz \u015fansl\u0131 \u015fanss\u0131zlardan m\u0131s\u0131n\u0131z, yoksa&#8230; T\u00fcm d\u00fcnyada milyonlarca okura<span class=\"excerpt-hellip\"> [\u2026]<\/span><\/p>\n","protected":false},"featured_media":0,"template":"","meta":{"_monsterinsights_skip_tracking":false,"_monsterinsights_sitenote_active":false,"_monsterinsights_sitenote_note":"","_monsterinsights_sitenote_category":0},"product_brand":[],"product_cat":[12274,24599],"product_tag":[],"class_list":{"0":"post-716500","1":"product","2":"type-product","3":"status-publish","5":"product_cat-cocuk-ve-genclik-kitaplari","6":"product_cat-zeka-gelisimi","7":"pa_cilt-ciltsiz","8":"pa_tur-kitap","9":"pa_yayinevi-gunisigi-kitapligi","10":"pa_yazar-brigitte-labbe","12":"first","13":"instock","14":"sale","15":"shipping-taxable","16":"purchasable","17":"product-type-simple"},"_links":{"self":[{"href":"https:\/\/roveyayinevi.com.tr\/index.php\/wp-json\/wp\/v2\/product\/716500","targetHints":{"allow":["GET"]}}],"collection":[{"href":"https:\/\/roveyayinevi.com.tr\/index.php\/wp-json\/wp\/v2\/product"}],"about":[{"href":"https:\/\/roveyayinevi.com.tr\/index.php\/wp-json\/wp\/v2\/types\/product"}],"wp:attachment":[{"href":"https:\/\/roveyayinevi.com.tr\/index.php\/wp-json\/wp\/v2\/media?parent=716500"}],"wp:term":[{"taxonomy":"product_brand","embeddable":true,"href":"https:\/\/roveyayinevi.com.tr\/index.php\/wp-json\/wp\/v2\/product_brand?post=716500"},{"taxonomy":"product_cat","embeddable":true,"href":"https:\/\/roveyayinevi.com.tr\/index.php\/wp-json\/wp\/v2\/product_cat?post=716500"},{"taxonomy":"product_tag","embeddable":true,"href":"https:\/\/roveyayinevi.com.tr\/index.php\/wp-json\/wp\/v2\/product_tag?post=716500"}],"curies":[{"name":"wp","href":"https:\/\/api.w.org\/{rel}","templated":true}]}}