{"id":716497,"date":"2025-08-27T17:43:27","date_gmt":"2025-08-27T14:43:27","guid":{"rendered":"https:\/\/roveyayinevi.com.tr\/index.php\/urun\/grup-psikoterapisinin-teori-ve-pratigi\/"},"modified":"2026-04-16T02:24:40","modified_gmt":"2026-04-15T23:24:40","slug":"grup-psikoterapisinin-teori-ve-pratigi","status":"publish","type":"product","link":"https:\/\/roveyayinevi.com.tr\/index.php\/urun\/grup-psikoterapisinin-teori-ve-pratigi\/","title":{"rendered":"Grup Psikoterapisinin Teori ve Prati\u011fi"},"content":{"rendered":"<p>\u201cGrup psikoterapisi hakk\u0131nda yaz\u0131lm\u0131\u015f tart\u0131\u015fmas\u0131z en iyi kitap\u2026 Yalom\u2019un s\u00f6zleri ak\u0131c\u0131, anla\u015f\u0131l\u0131r ve al\u0131\u015f\u0131lmam\u0131\u015f bir sa\u011fduyu ile d\u00f6k\u00fcl\u00fcyor.\u201dContemporary PsychologyJenole Frank taraf\u0131ndan \u201calan\u0131nda bug\u00fcn\u00fcn ve yak\u0131n gelece\u011fin en iyi kitab\u0131\u201d olarak selamlanan Grup Psikoterapisinin Teori ve Prati\u011fi, uzun bir s\u00fcredir grup psikoterapisinin temel metinlerinden biridir ve American Journal of Psychiatry dergisinde daha \u00f6nce yay\u0131mlanan bir ara\u015ft\u0131rmada on y\u0131l\u0131n en etkili on psikiyatri yay\u0131n\u0131ndan biri olarak kabul edilmi\u015ftir.Grup Psikoterapisinin Teori ve Prati\u011fi kitab\u0131n\u0131n bu tamamen g\u00f6zden ge\u00e7irilmi\u015f ve g\u00fcncellenmi\u015f yeni bask\u0131s\u0131nda Dr. Yalom ve Dr. Molyn Leszcz, kitab\u0131, son on y\u0131lda yap\u0131lan yeni ara\u015ft\u0131rmalar\u0131n yan\u0131 s\u0131ra geni\u015f klinik bilgi ve uzmanl\u0131k alanlar\u0131ndaki en son geli\u015fmeleri i\u00e7erecek \u015fekilde geni\u015fletti. Bu bask\u0131da; k\u0131sa grup terapisi, \u00e7evrimi\u00e7i grup terapileri, etnok\u00fclt\u00fcrel \u00e7e\u015fitlilik, travma ve y\u00f6nlendirilmi\u015f sa\u011fl\u0131k hizmetleri ve \u00f6zel ve yap\u0131sal gruplar (ba\u011f\u0131ml\u0131l\u0131k ve t\u0131bb\u00ee olarak hasta gruplar) gibi yeni b\u00f6l\u00fcmlerin yan\u0131 s\u0131ra yazarlar\u0131n son d\u00f6nemlerde yapm\u0131\u015f oldu\u011fu \u00e7al\u0131\u015fmalardan g\u00fcncellenmi\u015f referanslar ve yeni klinik \u00f6rnekler de yer almaktad\u0131r.Dr. Yalom ve Dr. Leszcz, t\u00fcm b\u00f6l\u00fcmleri bi\u00e7im ve i\u00e7erik bak\u0131m\u0131ndan g\u00fcncellemenin yan\u0131 s\u0131ra muteber ara\u015ft\u0131rmalar ve klinik g\u00f6zlemlerle de g\u00fc\u00e7lendirmi\u015ftir. Metin, yazarlar\u0131n y\u00f6netti\u011fi binlerce grup seans\u0131ndan elde edilen verileri ortaya koymaktad\u0131r.\u201cGrup \u00e7al\u0131\u015fmas\u0131 i\u00e7in m\u00fckemmel bir kitap. Bu \u00e7al\u0131\u015fma; b\u00f6yle bir g\u00f6reve ba\u015flamadan \u00f6nce her t\u00fcrden gruba liderlik eden herkesin sahip olmas\u0131 gereken temel fikirleri ve pragmatik metotlar\u0131 kapsamaktad\u0131r. Leszcz ile Yalom, klasik ara\u015ft\u0131rmalar\u0131n yan\u0131 s\u0131ra alandaki en yeni ara\u015ft\u0131rmalar\u0131 zevkli ve ayd\u0131nlat\u0131c\u0131 bir okuma deneyimiyle sindirmi\u015f ve modellemi\u015ftir. Okur, de\u011fi\u015fimin gruplarda ger\u00e7ekle\u015fmesi i\u00e7in gereken temel mekanizmalar\u0131 ke\u015ffedecektir. Ayr\u0131ca, zor grup \u00fcyeleriyle ba\u015fa \u00e7\u0131kman\u0131n ve temel g\u00f6revleri yerine getirmenin yollar\u0131 ortaya konmaktad\u0131r. Elinizdeki metin, hem zengin hem de pratikte derindir.\u201dDr. Samuel T. Gladding, Amerikan Dan\u0131\u015fmanl\u0131k Derne\u011fi Ba\u015fkan\u0131 (2004-2005)\u201cYalom ve Leszcz, bireyleraras\u0131 yakla\u015f\u0131mlar\u0131n\u0131 geni\u015f bir yelpazeyi kapsayacak \u015fekilde g\u00fcncel konulara ve \u00f6nceki bask\u0131larda ele al\u0131nmayan grup terapilerine ustaca uygulamaktad\u0131r. Dikkat \u00e7eken \u015fey, canl\u0131 vaka \u00f6rneklerinin, mant\u0131ksal olarak t\u00fcretilmi\u015f klinik bilginin ve akt\u00fcel ara\u015ft\u0131rma bulgular\u0131n\u0131n sorunsuz bir \u015fekilde b\u00fct\u00fcnle\u015ftirilmesidir. Bu klasik metnin yeni bask\u0131s\u0131, t\u00fcm deneyim seviyelerindeki kursiyerler ve grup terapistleri i\u00e7in zorlay\u0131c\u0131 ve bilgilendirici bir okumad\u0131r.\u201dDr. William E. Piper, Direkt\u00f6r, Psikoterapi Program\u0131, Psikiyatri Departman\u0131, University of British Columbia\u201cKlasik bir grup terapisi metnini nas\u0131l yaratabilirsiniz? Yenilik\u00e7i ve sezgisel kavramsal \u00e7er\u00e7eveyi korumak, belirli bir yazma tarz\u0131n\u0131 s\u00fcrd\u00fcrmek ve de\u011fi\u015fen grup paradigmalar\u0131n\u0131 ve \u00f6nemli ampirik bulgular\u0131 ele\u015ftirel olarak birle\u015ftirebilmek\u2026 Yalom ve Leszcz, yeni bir klasik grup psikoterapisi metni ortaya koymu\u015flard\u0131r. B\u00fct\u00fcn terapistler, \u00f6\u011frenciler ve ara\u015ft\u0131rmac\u0131lar bu \u00e7al\u0131\u015fmay\u0131 mutlaka okumal\u0131.\u201dDr. Dennis M. Kivlighan, Jr, Group Dynamics: Theory, Research, and Practice\u201cOkunmas\u0131 ayr\u0131 bir zevk: Grup terapisi veya dan\u0131\u015fmanl\u0131k yapan herkes i\u00e7in \u00f6nemli ve ufuk a\u00e7\u0131c\u0131 bir kitap.\u201dBritish Journal of Guidance and Counselling<\/p>\n","protected":false},"excerpt":{"rendered":"<p>\u201cGrup psikoterapisi hakk\u0131nda yaz\u0131lm\u0131\u015f tart\u0131\u015fmas\u0131z en iyi kitap\u2026 Yalom\u2019un s\u00f6zleri ak\u0131c\u0131, anla\u015f\u0131l\u0131r ve al\u0131\u015f\u0131lmam\u0131\u015f bir sa\u011fduyu ile d\u00f6k\u00fcl\u00fcyor.\u201dContemporary PsychologyJenole Frank taraf\u0131ndan \u201calan\u0131nda bug\u00fcn\u00fcn ve yak\u0131n gelece\u011fin<span class=\"excerpt-hellip\"> [\u2026]<\/span><\/p>\n","protected":false},"featured_media":0,"template":"","meta":{"_monsterinsights_skip_tracking":false,"_monsterinsights_sitenote_active":false,"_monsterinsights_sitenote_note":"","_monsterinsights_sitenote_category":0},"product_brand":[],"product_cat":[20502,12357],"product_tag":[],"class_list":{"0":"post-716497","1":"product","2":"type-product","3":"status-publish","5":"product_cat-basvuru-kitaplari-psikoloji","6":"product_cat-psikoloji","7":"pa_cilt-ciltli","8":"pa_tur-kitap","9":"pa_yayinevi-pegasus-yayinlari","10":"pa_yazar-irvin-d-yalom-molyn-leszcz","12":"first","13":"instock","14":"sale","15":"shipping-taxable","16":"purchasable","17":"product-type-simple"},"_links":{"self":[{"href":"https:\/\/roveyayinevi.com.tr\/index.php\/wp-json\/wp\/v2\/product\/716497","targetHints":{"allow":["GET"]}}],"collection":[{"href":"https:\/\/roveyayinevi.com.tr\/index.php\/wp-json\/wp\/v2\/product"}],"about":[{"href":"https:\/\/roveyayinevi.com.tr\/index.php\/wp-json\/wp\/v2\/types\/product"}],"wp:attachment":[{"href":"https:\/\/roveyayinevi.com.tr\/index.php\/wp-json\/wp\/v2\/media?parent=716497"}],"wp:term":[{"taxonomy":"product_brand","embeddable":true,"href":"https:\/\/roveyayinevi.com.tr\/index.php\/wp-json\/wp\/v2\/product_brand?post=716497"},{"taxonomy":"product_cat","embeddable":true,"href":"https:\/\/roveyayinevi.com.tr\/index.php\/wp-json\/wp\/v2\/product_cat?post=716497"},{"taxonomy":"product_tag","embeddable":true,"href":"https:\/\/roveyayinevi.com.tr\/index.php\/wp-json\/wp\/v2\/product_tag?post=716497"}],"curies":[{"name":"wp","href":"https:\/\/api.w.org\/{rel}","templated":true}]}}