{"id":716493,"date":"2025-08-27T17:43:25","date_gmt":"2025-08-27T14:43:25","guid":{"rendered":"https:\/\/roveyayinevi.com.tr\/index.php\/urun\/annem-ve-hayatin-anlami\/"},"modified":"2025-09-09T11:59:54","modified_gmt":"2025-09-09T08:59:54","slug":"annem-ve-hayatin-anlami","status":"publish","type":"product","link":"https:\/\/roveyayinevi.com.tr\/index.php\/urun\/annem-ve-hayatin-anlami\/","title":{"rendered":"Annem ve Hayat\u0131n Anlam\u0131"},"content":{"rendered":"<p>Psikoterapist Irvin Yalom bu e\u011flenceli ve d\u00fc\u015f\u00fcnd\u00fcr\u00fcc\u00fc kitab\u0131nda hasta ve terapist kar\u015f\u0131la\u015fmalar\u0131n\u0131n gizemli yanlar\u0131yla ilgili derin ara\u015ft\u0131rmalar\u0131n\u0131 okuyucuyla payla\u015f\u0131yor. Kendi klinik deneyimlerine dayanan \u00f6yk\u00fclerde Irvin Yalom hastalar\u0131na ve kendisine d\u00f6n\u00fc\u015f\u00fcm yolunda rehberlik ederken bir kez daha insan zihnini anlamaya \u00e7al\u0131\u015fan korkusuz bir k\u00e2\u015fif oldu\u011funu ispatl\u0131yor. Bu yolculukta anlaml\u0131 detaylarla ve keskin g\u00f6zlemlerle k\u00e2\u011f\u0131da aktar\u0131lm\u0131\u015f, daima ak\u0131lda kalacak karakterlerle tan\u0131\u015f\u0131yoruz: Yalom\u2019un \u00f6l\u00fcm yolda\u015f\u0131 Paula, terapistinin g\u00f6zlemlerine kulak misafiri olunca hasta gizlili\u011fi konusuna yeni bir boyut kazand\u0131ran Myrna; Yalom\u2019un bir yandan kendi i\u00e7indeki kederi d\u00f6kmek, bir yandan da \u015fifa vermek istedi\u011fi Magnolia ve tabii Yalom\u2019un, o\u011flunu sevgisiyle ve onaylamaz tavr\u0131yla bo\u011fan huysuz, bunalt\u0131c\u0131 annesi\u2026 Her alandan okuyucular i\u00e7in e\u015fsiz bir kaynak olan, terapistlerin kalbine ve zihnine belki de gayrime\u015fru bir kap\u0131 a\u00e7an Annem ve Hayat\u0131n Anlam\u0131 insan ili\u015fkilerinin d\u00f6n\u00fc\u015ft\u00fcr\u00fcc\u00fc g\u00fcc\u00fcn\u00fc g\u00f6zler \u00f6n\u00fcne seriyor. \u201cAc\u0131y\u0131 ve iyile\u015fme s\u00fcrecini konu eden bu b\u00fcy\u00fcleyici \u00f6yk\u00fcler bizi terap\u00f6tik deneyimin \u00f6z\u00fcne ula\u015ft\u0131r\u0131yor.\u201d   Maggie Scarf   \u201cAnnem ve Hayat\u0131n Anlam\u0131\u2019n\u0131 okuyarak benzersiz bir terapistin zihnine konuk olma \u015fans\u0131n\u0131 yakal\u0131yor ve kab\u0131na s\u0131\u011fmayan bir ruha tan\u0131kl\u0131k ediyorsunuz.\u201d   Mark Epstein   \u201c\u00c7o\u011fu psikoterapistin aksine Yalom \u00e7ok becerikli bir hik\u00e2ye anlat\u0131c\u0131s\u0131. \u00d6yle becerikli ki aylar ve hatta y\u0131llar s\u00fcren terapi seanslar\u0131n\u0131n dam\u0131t\u0131lmas\u0131yla elde edilmi\u015f, i\u015fin \u00f6z\u00fcne dair bilgilerin zihninize nas\u0131l kolayca yerle\u015fti\u011fini anlam\u0131yorsunuz bile.\u201d Times Literary Supplement   \u201cIrvin Yalom, A\u015fk\u0131n Cellad\u0131\u2019ndaki zekice, hayranl\u0131k uyand\u0131ran hik\u00e2ye anlat\u0131c\u0131l\u0131\u011f\u0131 kabiliyetini bu kitapla peki\u015ftirmi\u015f. Alt\u0131 etkileyici \u00f6yk\u00fcden olu\u015fan Annem ve Hayat\u0131n Anlam\u0131 usta bir terapistin profesyonel ve ki\u015fisel deneyimleriyle b\u00fcy\u00fck de\u011fer kazan\u0131yor.\u201d   Kirkus   Yalom baz\u0131 hastalar\u0131n\u0131n kendi kendilerini iyile\u015ftirme g\u00fc\u00e7leriyle ilgili m\u00fcthi\u015f \u00f6rnekleri bir araya toplam\u0131\u015f.\u201d   Booklist   \u201cIrvin Yalom bir terapist olarak engin deneyimini, felsefe ve edebiyat bilgisini ve t\u00fcm insanc\u0131ll\u0131\u011f\u0131n\u0131 bu kusursuz psikoterapi \u00f6yk\u00fcleriyle birle\u015ftirmi\u015f. Hastalar\u0131n\u0131n terapi s\u00fcrecinde faal olmas\u0131n\u0131 sa\u011flarken kulland\u0131\u011f\u0131 becerilerin ayn\u0131s\u0131n\u0131 okuyucular\u0131 \u00f6yk\u00fclerle ba\u011flant\u0131da tutmak i\u00e7in de kullanm\u0131\u015f.\u201d   David Spiegel   \u201c\u0130ronik ve kendini iyi tan\u0131yan Yalom bizi hafif\u00e7e \u00f6l\u00fcm fikriyle tan\u0131\u015ft\u0131r\u0131yor, delili\u011fin s\u0131n\u0131r\u0131na yakla\u015ft\u0131r\u0131yor ve kederin derinlikleriyle bulu\u015fturuyor. Onunla beraberken hastalar\u0131yla yapt\u0131\u011f\u0131 sevgi dolu anla\u015fman\u0131n bir benzerini yapm\u0131\u015f oluyoruz. Kendimizi tamamen ve d\u00fcr\u00fcst\u00e7e a\u00e7\u0131\u011fa \u00e7\u0131kar\u0131yoruz ki varolu\u015fsal ger\u00e7ekliklerle y\u00fczle\u015febilelim ve ya\u015famlar\u0131m\u0131za anlam, zenginlik katal\u0131m. Eminim annesi okusayd\u0131 Yalom\u2019la gurur duyard\u0131.\u201d   Harold Hamis   \u201cIrvin Yalom bizi \u015fa\u015f\u0131rtmaya devam ediyor. Canl\u0131l\u0131k, hitabet g\u00fcc\u00fc, bilgelik, cesaret ve iyi bir dinleyici olma becerisi bu kitab\u0131 bizim i\u00e7in \u00f6m\u00fcr boyu vazge\u00e7ilmez k\u0131l\u0131yor.\u201d Leston Havens   \u201cBu kitab\u0131n her bir b\u00f6l\u00fcm\u00fcnde ayd\u0131nlanma ya\u015f\u0131yor, \u015fiddetli duygularla doluyor ve fark\u0131ndal\u0131klar geli\u015ftiriyoruz. San\u0131r\u0131m kitaptaki \u2018Macar Kedinin Laneti\u2019 adl\u0131 \u00f6yk\u00fc on y\u0131llar boyunca, hatta belki sonsuza dek y\u00fcksek sesle okunacak. Annem ve Hayat\u0131n Anlam\u0131 ger\u00e7ek bir arma\u011fan.\u201d   William Peter Blatty   \u201cHasta ve terapist aras\u0131ndaki ba\u011f \u00fczerine hayranl\u0131k uyand\u0131ran bir anlat\u0131m.\u201d   Nick Nolte   \u201cYalom bizi ku\u015fatan \u015feytanlarla ilgili bir melekmi\u015f gibi yaz\u0131yor.\u201d   Rollo May   \u201cYalom terapinin onun i\u00e7in ne anlam ifade etti\u011fini bizimle payla\u015f\u0131yor ve bunu k\u0131skan\u0131las\u0131 bir a\u00e7\u0131kl\u0131k ve \u00fcslupla yap\u0131yor.\u201d   Times Literary Supplement   \u201cIrvin Yalom bu bilgece ve e\u011flenceli kitab\u0131nda ger\u00e7ekten de bize hayat\u0131n anlam\u0131yla ilgili k\u00fc\u00e7\u00fck par\u00e7alar veriyor.\u201d   Jewish Chronicle <\/p>\n","protected":false},"excerpt":{"rendered":"<p>Psikoterapist Irvin Yalom bu e\u011flenceli ve d\u00fc\u015f\u00fcnd\u00fcr\u00fcc\u00fc kitab\u0131nda hasta ve terapist kar\u015f\u0131la\u015fmalar\u0131n\u0131n gizemli yanlar\u0131yla ilgili derin ara\u015ft\u0131rmalar\u0131n\u0131 okuyucuyla payla\u015f\u0131yor. Kendi klinik deneyimlerine dayanan \u00f6yk\u00fclerde Irvin Yalom<span class=\"excerpt-hellip\"> [\u2026]<\/span><\/p>\n","protected":false},"featured_media":0,"template":"","meta":{"_monsterinsights_skip_tracking":false,"_monsterinsights_sitenote_active":false,"_monsterinsights_sitenote_note":"","_monsterinsights_sitenote_category":0},"product_brand":[],"product_cat":[20502,12357],"product_tag":[],"class_list":{"0":"post-716493","1":"product","2":"type-product","3":"status-publish","5":"product_cat-basvuru-kitaplari-psikoloji","6":"product_cat-psikoloji","7":"pa_cilt-ciltsiz","8":"pa_tur-kitap","9":"pa_yayinevi-pegasus-yayinlari","10":"pa_yazar-irvin-d-yalom","12":"first","13":"instock","14":"sale","15":"shipping-taxable","16":"purchasable","17":"product-type-simple"},"_links":{"self":[{"href":"https:\/\/roveyayinevi.com.tr\/index.php\/wp-json\/wp\/v2\/product\/716493","targetHints":{"allow":["GET"]}}],"collection":[{"href":"https:\/\/roveyayinevi.com.tr\/index.php\/wp-json\/wp\/v2\/product"}],"about":[{"href":"https:\/\/roveyayinevi.com.tr\/index.php\/wp-json\/wp\/v2\/types\/product"}],"wp:attachment":[{"href":"https:\/\/roveyayinevi.com.tr\/index.php\/wp-json\/wp\/v2\/media?parent=716493"}],"wp:term":[{"taxonomy":"product_brand","embeddable":true,"href":"https:\/\/roveyayinevi.com.tr\/index.php\/wp-json\/wp\/v2\/product_brand?post=716493"},{"taxonomy":"product_cat","embeddable":true,"href":"https:\/\/roveyayinevi.com.tr\/index.php\/wp-json\/wp\/v2\/product_cat?post=716493"},{"taxonomy":"product_tag","embeddable":true,"href":"https:\/\/roveyayinevi.com.tr\/index.php\/wp-json\/wp\/v2\/product_tag?post=716493"}],"curies":[{"name":"wp","href":"https:\/\/api.w.org\/{rel}","templated":true}]}}